{"id":42165,"date":"2025-07-10T15:01:36","date_gmt":"2025-07-10T15:01:36","guid":{"rendered":"https:\/\/www.bananatreeshop.com\/?post_type=product&#038;p=42165"},"modified":"2026-04-17T08:02:59","modified_gmt":"2026-04-17T08:02:59","slug":"je-joue-amour-bullet-emerald-green","status":"publish","type":"product","link":"https:\/\/www.bananatreeshop.com\/pt\/produto\/je-joue-amour-bullet-emerald-green\/","title":{"rendered":"JE JOUE &#8211; AMOUR BALA VIBRADORA ROSA"},"content":{"rendered":"<p>Conoce a Amour, una bala con punta en forma de coraz\u00f3n que brinda sensaciones juguetonas y aleteantes. La punta revoloteante de Amour\u2122tiene una sensual sensaci\u00f3n de cosquilleo que es perfecta para explorar todas las zonas er\u00f3genas. Use Amour para provocar todos los puntos de placer, como el cl\u00edtoris, los pezones, los test\u00edculos y la vulva. Con silicona de grado m\u00e9dico suave como la seda y segura para el cuerpo, Amour se siente genial al tacto. Deje que nuestros famosos motores retumbantes penetren m\u00e1s profundamente en su cuerpo, brind\u00e1ndole una sensaci\u00f3n m\u00e1s rica y profunda.<\/p>\n<p>Vibrador de bala compacto con punta en forma de coraz\u00f3n para sensaciones de aleteo<\/p>\n<ul>\n<li>5 velocidades y 7 patrones configurados para emocionarte<\/li>\n<li>Silencioso para jugar en privado o perfecto para usar con un compa\u00f1ero<\/li>\n<li>Impermeable para divertirse en el agua<\/li>\n<li>Totalmente recargable, con\u00e9ctalo a un puerto USB est\u00e9s donde est\u00e9s<\/li>\n<li>Vibrador 100% Vegano<\/li>\n<li>Bloqueo para viajes:\u00a0simplemente mantenga presionados + y &#8211;\u00a0a la vez para bloquear y desbloquear<\/li>\n<li>C\u00f3mo se mide<\/li>\n<li>Altura: 137,6 mm \/ 13,76 cm<\/li>\n<li>Ancho (incluye punta) 55 mm \/ 5,5 cm<\/li>\n<li>Profundidad 25 mm \/ 2,5 cm<\/li>\n<\/ul>\n<p><strong>CONSEJOS CREATIVOS<\/strong><br \/>El consejo de Amour es excelente para los juegos previos, independientemente de si lo usa usted mismo o con su pareja. Use la punta para cosquillas para estimular todas las partes del cuerpo, desde brazos, piernas, cuello, test\u00edculos y pezones. Las sensaciones de aleteo se sentir\u00e1n muy bien contra la piel y aumentar\u00e1n la excitaci\u00f3n. Para jugar en pareja, puedes llevar las cosas un nivel m\u00e1s alto e intentar provocar las zonas er\u00f3genas con una venda en los ojos. Use la punta de Amour para estimular suavemente la vulva y explore toda el \u00e1rea para ver qu\u00e9 se siente bien. Las vibraciones retumbantes est\u00e1n dise\u00f1adas para brindar sensaciones m\u00e1s profundas, as\u00ed que empuje contra el cl\u00edtoris externo para aumentar la tensi\u00f3n. Una vez que encuentre lo que se siente bien, conc\u00e9ntrese en esa \u00e1rea y aumente la presi\u00f3n para llevarlo al cl\u00edmax. Amour puede trabajar en varias posiciones, as\u00ed que pruebe en diferentes direcciones, como hacer cosquillas en el capuch\u00f3n del cl\u00edtoris mirando la punta de Amour hacia usted.<\/p>\n<p>Tambi\u00e9n puedes ser creativo con una pareja, usar Amour entre 2 cuerpos y mejorar las sensaciones del sexo oral.<\/p>\n<p>Usa las diferentes velocidades y patrones para explorar qu\u00e9 intensidad y ritmos se adaptan a tu estado de \u00e1nimo, cada vez puede ser diferente, s\u00e9 creativo y experimenta.<\/p>","protected":false},"excerpt":{"rendered":"<p>JE JOUE &#8211; AMOUR BULLET EMERALD GREEN<\/p>","protected":false},"featured_media":64127,"comment_status":"open","ping_status":"closed","template":"","meta":{"_eb_attr":""},"product_brand":[],"product_cat":[1160,1264,1250,1152,1153,1253,1159,1232],"product_tag":[],"class_list":{"0":"post-42165","1":"product","2":"type-product","3":"status-publish","4":"has-post-thumbnail","6":"product_cat-juguetes-bienestar-vibradores100-sumergible","7":"product_cat-juguetes-bienestar-juguetes-para-mujeresestimuladoresbalas-vibradoras","8":"product_cat-juguetes-bienestar-juguetes-para-mujeresestimuladores","9":"product_cat-juguetes-bienestar","10":"product_cat-juguetes-bienestar-juguetes-para-mujeres","11":"product_cat-juguetes-bienestar-vibradoresmini-vibradores","12":"product_cat-juguetes-bienestar-vibradores","13":"product_cat-juguetes-bienestar-vibradoresvibradores-clasicos-anales-o-vaginales","14":"pa_color-rosa","15":"pa_color-verde","16":"pa_talla-talla-1","17":"yith_product_brand-je-joue","19":"first","20":"instock","21":"taxable","22":"shipping-taxable","23":"purchasable","24":"product-type-variable","25":"has-default-attributes"},"_links":{"self":[{"href":"https:\/\/www.bananatreeshop.com\/pt\/wp-json\/wp\/v2\/product\/42165","targetHints":{"allow":["GET"]}}],"collection":[{"href":"https:\/\/www.bananatreeshop.com\/pt\/wp-json\/wp\/v2\/product"}],"about":[{"href":"https:\/\/www.bananatreeshop.com\/pt\/wp-json\/wp\/v2\/types\/product"}],"replies":[{"embeddable":true,"href":"https:\/\/www.bananatreeshop.com\/pt\/wp-json\/wp\/v2\/comments?post=42165"}],"wp:featuredmedia":[{"embeddable":true,"href":"https:\/\/www.bananatreeshop.com\/pt\/wp-json\/wp\/v2\/media\/64127"}],"wp:attachment":[{"href":"https:\/\/www.bananatreeshop.com\/pt\/wp-json\/wp\/v2\/media?parent=42165"}],"wp:term":[{"taxonomy":"product_brand","embeddable":true,"href":"https:\/\/www.bananatreeshop.com\/pt\/wp-json\/wp\/v2\/product_brand?post=42165"},{"taxonomy":"product_cat","embeddable":true,"href":"https:\/\/www.bananatreeshop.com\/pt\/wp-json\/wp\/v2\/product_cat?post=42165"},{"taxonomy":"product_tag","embeddable":true,"href":"https:\/\/www.bananatreeshop.com\/pt\/wp-json\/wp\/v2\/product_tag?post=42165"}],"curies":[{"name":"wp","href":"https:\/\/api.w.org\/{rel}","templated":true}]}}