{"id":42167,"date":"2025-07-10T15:01:38","date_gmt":"2025-07-10T15:01:38","guid":{"rendered":"https:\/\/www.bananatreeshop.com\/?post_type=product&#038;p=42167"},"modified":"2026-04-17T08:03:09","modified_gmt":"2026-04-17T08:03:09","slug":"je-joue-duet-bulletpurple","status":"publish","type":"product","link":"https:\/\/www.bananatreeshop.com\/pt\/produto\/je-joue-duet-bulletpurple\/","title":{"rendered":"JE JOUE &#8211; DUET BALA VIBRADORA MORADO"},"content":{"rendered":"<p>Conoce a Duet, una bala vibradora de m\u00faltiples superficies con puntos de placer peque\u00f1os, redondeados y graduados en un lado y una superficie suave como la seda en el otro para brindar m\u00faltiples sensaciones en todo el cuerpo. Use Duet para estimular los puntos de placer externos como el cl\u00edtoris, los pezones y los muslos. Y si quieres explorar m\u00e1s, Duet es el compa\u00f1ero perfecto para jugar con una penetraci\u00f3n suave y superficial con sus vibraciones profundamente ricas. Con su silicona de grado m\u00e9dico, suave como la seda y segura para el cuerpo, Duet se siente genial al tacto y a\u00fan mejor al experimentarlo. Deje que los famosos motores ruidosos de Je Joue mimen su cuerpo m\u00e1s profundamente, brind\u00e1ndole una experiencia \u00edntima m\u00e1s rica y placentera.<\/p>\n<p><strong>CARACTER\u00cdSTICAS<\/strong><\/p>\n<ul>\n<li>Vibrador de bala compacto con punta multisuperficie<\/li>\n<li>5 velocidades y 7 patrones configurados para emocionarte<\/li>\n<li>Silencioso para jugar en privado o perfecto para usar con un compa\u00f1ero<\/li>\n<li>Impermeable para divertirse en el agua<\/li>\n<li>Totalmente recargable, con\u00e9ctalo a un puerto USB est\u00e9s donde est\u00e9s<\/li>\n<li>Vibrador 100% Vegano<\/li>\n<li>Bloqueo para viajes:\u00a0simplemente mantenga presionados + y &#8211; \u00a0a la vez para bloquear y desbloquear<\/li>\n<li>C\u00f3mo se mide<\/li>\n<li>Altura: 115 mm \/ 11,5 cm<\/li>\n<li>Ancho: 28,5 mm \/ 2,85 cm<\/li>\n<li>Profundidad: 28,5 mm \/ 2,85 cm<\/li>\n<\/ul>\n<p><strong>CONSEJOS CREATIVOS<\/strong><br \/>La punta multisuperficie de Duet\u2122 significa que puede usar las diferentes superficies para explorar qu\u00e9 se siente mejor para usted. Duet tambi\u00e9n es vers\u00e1til y se puede utilizar tanto para juegos internos superficiales como externos. ;<\/p>\n<p>Use Duet para explorar la vulva, masajeando los labios y el cl\u00edtoris para aumentar la excitaci\u00f3n y explorar lo que funciona mejor para usted. Gire la punta de Duet\u2122 hacia el cl\u00edtoris y siga explorando d\u00f3nde se siente bien para usted. Prueba las diferentes superficies, tanto redondeadas como lisas, as\u00ed como las intensidades y ve con lo que te sienta bien. Siga girando y agregando presi\u00f3n donde sienta las sensaciones, aumentando el placer y la acumulaci\u00f3n. El motor retumbante de Duet\u2122 libera vibraciones de baja frecuencia que penetrar\u00e1n m\u00e1s en el cuerpo, dando as\u00ed una sensaci\u00f3n m\u00e1s rica y profunda.<\/p>\n<p>Si desea explorar algunas vibraciones internas poco profundas, h\u00e1galo una vez excitado o use un lubricante a base de agua. La exploraci\u00f3n es clave y rotar y agregar presi\u00f3n donde se sienta bien. Para aquellos que quieran ser m\u00e1s aventureros, pueden explorar la entrada del ano y el perineo, dejando que las vibraciones y las superficies de Duet lo emocionen.<\/p>\n<p>Usando las 5 velocidades diferentes y los 7 patrones, pruebe diferentes intensidades, presiones y pulsaciones. Experimenta con lo que funciona mejor para tu cuerpo y hazlo.<\/p>","protected":false},"excerpt":{"rendered":"<p>JE JOUE &#8211; DUET BULLETPURPLE<\/p>","protected":false},"featured_media":64136,"comment_status":"open","ping_status":"closed","template":"","meta":{"_eb_attr":""},"product_brand":[],"product_cat":[1160,1264,1250,1152,1153,1253,1159,1232],"product_tag":[],"class_list":{"0":"post-42167","1":"product","2":"type-product","3":"status-publish","4":"has-post-thumbnail","6":"product_cat-juguetes-bienestar-vibradores100-sumergible","7":"product_cat-juguetes-bienestar-juguetes-para-mujeresestimuladoresbalas-vibradoras","8":"product_cat-juguetes-bienestar-juguetes-para-mujeresestimuladores","9":"product_cat-juguetes-bienestar","10":"product_cat-juguetes-bienestar-juguetes-para-mujeres","11":"product_cat-juguetes-bienestar-vibradoresmini-vibradores","12":"product_cat-juguetes-bienestar-vibradores","13":"product_cat-juguetes-bienestar-vibradoresvibradores-clasicos-anales-o-vaginales","14":"pa_color-lila","15":"pa_color-morado","16":"pa_talla-talla-1","17":"yith_product_brand-je-joue","19":"first","20":"instock","21":"taxable","22":"shipping-taxable","23":"purchasable","24":"product-type-variable","25":"has-default-attributes"},"_links":{"self":[{"href":"https:\/\/www.bananatreeshop.com\/pt\/wp-json\/wp\/v2\/product\/42167","targetHints":{"allow":["GET"]}}],"collection":[{"href":"https:\/\/www.bananatreeshop.com\/pt\/wp-json\/wp\/v2\/product"}],"about":[{"href":"https:\/\/www.bananatreeshop.com\/pt\/wp-json\/wp\/v2\/types\/product"}],"replies":[{"embeddable":true,"href":"https:\/\/www.bananatreeshop.com\/pt\/wp-json\/wp\/v2\/comments?post=42167"}],"wp:featuredmedia":[{"embeddable":true,"href":"https:\/\/www.bananatreeshop.com\/pt\/wp-json\/wp\/v2\/media\/64136"}],"wp:attachment":[{"href":"https:\/\/www.bananatreeshop.com\/pt\/wp-json\/wp\/v2\/media?parent=42167"}],"wp:term":[{"taxonomy":"product_brand","embeddable":true,"href":"https:\/\/www.bananatreeshop.com\/pt\/wp-json\/wp\/v2\/product_brand?post=42167"},{"taxonomy":"product_cat","embeddable":true,"href":"https:\/\/www.bananatreeshop.com\/pt\/wp-json\/wp\/v2\/product_cat?post=42167"},{"taxonomy":"product_tag","embeddable":true,"href":"https:\/\/www.bananatreeshop.com\/pt\/wp-json\/wp\/v2\/product_tag?post=42167"}],"curies":[{"name":"wp","href":"https:\/\/api.w.org\/{rel}","templated":true}]}}