{"id":42316,"date":"2025-07-18T13:00:20","date_gmt":"2025-07-18T13:00:20","guid":{"rendered":"https:\/\/www.bananatreeshop.com\/?post_type=product&#038;p=42316"},"modified":"2026-04-15T20:44:38","modified_gmt":"2026-04-15T20:44:38","slug":"blacksilver-scott-premium-silicone-anal-plug-black","status":"publish","type":"product","link":"https:\/\/www.bananatreeshop.com\/pt\/produto\/blacksilver-scott-premium-silicone-anal-plug-black\/","title":{"rendered":"BLACKSILVER &#8211; SCOTT PLUG ANAL SILICONA PREMIUM NEGRO"},"content":{"rendered":"<p>Un dise\u00f1o pensado para una deliciosa introducci\u00f3n progresiva<\/p>\n<p>Los plugs de BlackSilver\u2122 son juguetes ideales tanto para principiantes c\u00f3mo para expertos en los juegos anales. Su rigidez no exenta de flexibilidad y la variedad de formas y tama\u00f1os, los hacen imprescindibles para todos los amantes del sexo anal. Son f\u00e1ciles de limpiar y el tacto de la silicona con que est\u00e1n confeccionados es extra suave. Disfruta de tu juguete tanto como nosotros hemos disfrutado fabric\u00e1ndolo para ti.<\/p>\n<p>DESCUBRE SCOTT<\/p>\n<p>Placeres sin fin con este estimulador anal de silicona con tacto de terciopelo. Dotado de varios salientes y valles, masajea las partes \u00edntimas con eficacia.<\/p>\n<p>Tiene una cabeza fina y flexible para felicitar la inserci\u00f3n y hacerla m\u00e1s suave.<\/p>\n<p>Medidas; 12.5cm largo x 3.5 en su diametro m\u00e1s ancho.<\/p>\n<p>C\u00d3MO USARLO?<\/p>\n<p>Placer sin fin con este estimulador anal con silicona de tacto aterciopelado. Cuenta con bulbos que masajear\u00e1n tus partes \u00edntimas y un cabezal suave para una inserci\u00f3n y extracci\u00f3n seguras y agradables.<\/p>\n<p>Para una experiencia superior prueba a usar tu lubricante a base de agua de la marca Waterfeel, Aqua, Bioaqua\u00a0 o Coquette. Para limpiarlo simplemente utiliza agua tibia y un poco de jab\u00f3n suave con PH balanceado..<\/p>\n<p>Por qu\u00e9 elegir el material BlackSilver\u2122\u00a0 ?<\/p>\n<p>Todos los juguetes BlackSilver\u2122\u00a0\u00a0 est\u00e1n fabricados de silicona m\u00e9dica suave como la seda, que es extremadamente resbaladiza y absorbe r\u00e1pidamente el calor de su cuerpo. El juguete se puede limpiar f\u00e1cilmente con agua tibia y un poco de jab\u00f3n. Con un poco de limpiador desinfectante para juguetes, puede garantizar una higiene especialmente completa, idealmente con el spray desinfectante perfectamente coordinado de Waterfeel o Intimichic. Para un m\u00e1ximo placer suave, utilice siempre su juguete con uno de los lubricantes a base de agua Waterfeel que se adaptan perfectamente al producto.<\/p>\n<p><span style=\"color: rgb(57, 57, 57);\">**Nota; Este producto est\u00e1 prohibido venderlo en cualquier canal E-commerce. La venta est\u00e1 autorizada para puntos fisicos.\u00a0<\/span><\/p>","protected":false},"excerpt":{"rendered":"<p>BLACKSILVER &#8211; SCOTT PREMIUM SILICONE ANAL PLUG BLACK<\/p>","protected":false},"featured_media":88786,"comment_status":"open","ping_status":"closed","template":"","meta":{"_eb_attr":""},"product_brand":[],"product_cat":[1157,1355,258,1152,1377,1159,1245],"product_tag":[],"class_list":{"0":"post-42316","1":"product","2":"type-product","3":"status-publish","4":"has-post-thumbnail","6":"product_cat-juguetes-bienestar-anal","7":"product_cat-bdsm-bondage-articulos-bdsm","8":"product_cat-bdsm-bondage","9":"product_cat-juguetes-bienestar","10":"product_cat-bdsm-bondage-articulos-bdsmplug-anal-bdsm","11":"product_cat-juguetes-bienestar-vibradores","12":"product_cat-juguetes-bienestar-analvibradores-anales","13":"yith_product_brand-blacksilver","15":"first","16":"instock","17":"taxable","18":"shipping-taxable","19":"purchasable","20":"product-type-simple"},"_links":{"self":[{"href":"https:\/\/www.bananatreeshop.com\/pt\/wp-json\/wp\/v2\/product\/42316","targetHints":{"allow":["GET"]}}],"collection":[{"href":"https:\/\/www.bananatreeshop.com\/pt\/wp-json\/wp\/v2\/product"}],"about":[{"href":"https:\/\/www.bananatreeshop.com\/pt\/wp-json\/wp\/v2\/types\/product"}],"replies":[{"embeddable":true,"href":"https:\/\/www.bananatreeshop.com\/pt\/wp-json\/wp\/v2\/comments?post=42316"}],"wp:featuredmedia":[{"embeddable":true,"href":"https:\/\/www.bananatreeshop.com\/pt\/wp-json\/wp\/v2\/media\/88786"}],"wp:attachment":[{"href":"https:\/\/www.bananatreeshop.com\/pt\/wp-json\/wp\/v2\/media?parent=42316"}],"wp:term":[{"taxonomy":"product_brand","embeddable":true,"href":"https:\/\/www.bananatreeshop.com\/pt\/wp-json\/wp\/v2\/product_brand?post=42316"},{"taxonomy":"product_cat","embeddable":true,"href":"https:\/\/www.bananatreeshop.com\/pt\/wp-json\/wp\/v2\/product_cat?post=42316"},{"taxonomy":"product_tag","embeddable":true,"href":"https:\/\/www.bananatreeshop.com\/pt\/wp-json\/wp\/v2\/product_tag?post=42316"}],"curies":[{"name":"wp","href":"https:\/\/api.w.org\/{rel}","templated":true}]}}