{"id":42317,"date":"2025-07-18T04:01:05","date_gmt":"2025-07-18T04:01:05","guid":{"rendered":"https:\/\/www.bananatreeshop.com\/?post_type=product&#038;p=42317"},"modified":"2026-04-17T18:03:22","modified_gmt":"2026-04-17T18:03:22","slug":"blacksilver-preston-rechargeable-silicone-vibrator-pantie-black","status":"publish","type":"product","link":"https:\/\/www.bananatreeshop.com\/pt\/produto\/blacksilver-preston-rechargeable-silicone-vibrator-pantie-black\/","title":{"rendered":"BLACKSILVER &#8211; PRESTON PANTIE MAGN\u00c9TICO VIBRADOR SILICONA REMOTO"},"content":{"rendered":"<p>Creatividad sin l\u00edmites! Juega en cualquier lugar!<\/p>\n<p>Con el pr\u00e1ctico im\u00e1n, BlackSilver\u2122 Silicione Panty vibrator se fija discretamente a las braguitas y estimula el cl\u00edtoris gracias a su forma ergon\u00f3mica y a sus intensas vibraciones. La silicona bodysafe para la piel y el control remoto desde el mando totalmente discreto dan como resultado un juguete \u00fanico.<\/p>\n<p>BlackSilver\u2122 \u00a0Silicione Panty vibrator: Vibrador para cl\u00edtoris para viaje<\/p>\n<p>BlackSilver\u2122 Silicione Panty vibrator\u00a0 ofrece una estimulaci\u00f3n muy sexual cuando est\u00e9s fuera: El vibrador para braguitas se fija a las braguitas gracias a un c\u00f3modo im\u00e1n, de modo que puede mimarte con unas potentes y silenciosas vibraciones y amenizar tu vida cotidiana.<\/p>\n<p>Gracias a su forma ergon\u00f3mica, este se adapta a la perfecci\u00f3n a los contornos de tu cuerpo y se posa directamente sobre el cl\u00edtoris, permitiendo que experimentes una estimulaci\u00f3n especialmente intensa. La estructura de silicona segura para el cuerpo es especialmente suave y garantiza un juego delicado con tan solo unas pocas gotas de lubricante.<\/p>\n<p>Puesto que el vibrador para cl\u00edtoris es port\u00e1til, tambi\u00e9n se puede controlar f\u00e1cilmente mientras se est\u00e1 desplazando: El control remoto a trav\u00e9s del mando totalmente discreto asegura un manejo f\u00e1cil y sencillo. \u00a1De esta manera podr\u00e1s controlar las vibraciones de las bragas vibratorias mediante el control remoto, o bien ceder el control a tu pareja! Gracias al nuevo mando dise\u00f1ado para una total discreci\u00f3n, podr\u00e1s dar rienda suelta a tu creatividad.<\/p>\n<p>Adem\u00e1s, como el vibrador para bragas es impermeable IPX7, tambi\u00e9n lo podr\u00e1s utilizar en los lugares m\u00e1s h\u00famedos, como por ejemplo bajo la ducha o en la ba\u00f1era, y tambi\u00e9n puede limpiarse f\u00e1cilmente con agua tibia y un jab\u00f3n suave. Si el BlackSilver\u2122 \u00a0Silicione Panty vibrator se queda sin aliento, las bater\u00edas integradas se pueden recargar mediante el cable de carga USB incluido.<\/p>\n<ul>\n<li>Vibraci\u00f3n profunda super intensa.<\/li>\n<li>Silicona agradable al cuerpo<\/li>\n<li>9 modos frecuenciales de vibraci\u00f3n<\/li>\n<li>Impermeable IPX7<\/li>\n<li>Modo de susurro<\/li>\n<li>Bater\u00eda de iones de litio Cable incluido.<\/li>\n<\/ul>\n<p>Si hablamos de comodidad en transporte y discreci\u00f3n, BlackSilver\u2122 \u00a0comienza innovando, ya que tambi\u00e9n consideramos que es una parte muy importante en la experiencia de compra de un juguete er\u00f3tico. Al comprar un juguete de BlackSilver\u2122, recibir\u00e1s una caja premium donde encontrar\u00e1s el juguete, un cargador , para que la primera experiencia del cliente sea lo m\u00e1s placentera posible, y pudiendo llevar el juguete con discreci\u00f3n all\u00e1 donde le apetezca.<\/p>\n<p>Por qu\u00e9 elegir el material BlackSilver\u2122 \u00a0?<\/p>\n<p>MATERIALES Y CUIDADOS<\/p>\n<p>Todos los juguetes BlackSilver\u2122 \u00a0\u00a0est\u00e1n fabricados de silicona m\u00e9dica suave como la seda, que es extremadamente resbaladiza y absorbe r\u00e1pidamente el calor de su cuerpo. El juguete se puede limpiar f\u00e1cilmente con agua tibia y un poco de jab\u00f3n. Con un poco de limpiador desinfectante para juguetes, puede garantizar una higiene especialmente completa, idealmente con el spray desinfectante perfectamente coordinado de Waterfeel o Intimichic. Para un m\u00e1ximo placer suave, utilice siempre su juguete con uno de los lubricantes a base de agua Waterfeel que se adaptan perfectamente al producto.<\/p>\n<p><span style=\"color: rgb(57, 57, 57);\">**Nota; Este producto est\u00e1 prohibido venderlo en cualquier canal E-commerce. La venta est\u00e1 autorizada para puntos fisicos.\u00a0<\/span><\/p>","protected":false},"excerpt":{"rendered":"<p>BLACKSILVER &#8211; PRESTON RECHARGEABLE SILICONE VIBRATOR PANTIE BLACK<\/p>","protected":false},"featured_media":87883,"comment_status":"open","ping_status":"closed","template":"","meta":{"_eb_attr":""},"product_brand":[],"product_cat":[1159,1161],"product_tag":[],"class_list":{"0":"post-42317","1":"product","2":"type-product","3":"status-publish","4":"has-post-thumbnail","6":"product_cat-juguetes-bienestar-vibradores","7":"product_cat-juguetes-bienestar-vibradoresvibradores-control-remoto","8":"yith_product_brand-blacksilver","10":"first","11":"instock","12":"taxable","13":"shipping-taxable","14":"purchasable","15":"product-type-simple"},"_links":{"self":[{"href":"https:\/\/www.bananatreeshop.com\/pt\/wp-json\/wp\/v2\/product\/42317","targetHints":{"allow":["GET"]}}],"collection":[{"href":"https:\/\/www.bananatreeshop.com\/pt\/wp-json\/wp\/v2\/product"}],"about":[{"href":"https:\/\/www.bananatreeshop.com\/pt\/wp-json\/wp\/v2\/types\/product"}],"replies":[{"embeddable":true,"href":"https:\/\/www.bananatreeshop.com\/pt\/wp-json\/wp\/v2\/comments?post=42317"}],"wp:featuredmedia":[{"embeddable":true,"href":"https:\/\/www.bananatreeshop.com\/pt\/wp-json\/wp\/v2\/media\/87883"}],"wp:attachment":[{"href":"https:\/\/www.bananatreeshop.com\/pt\/wp-json\/wp\/v2\/media?parent=42317"}],"wp:term":[{"taxonomy":"product_brand","embeddable":true,"href":"https:\/\/www.bananatreeshop.com\/pt\/wp-json\/wp\/v2\/product_brand?post=42317"},{"taxonomy":"product_cat","embeddable":true,"href":"https:\/\/www.bananatreeshop.com\/pt\/wp-json\/wp\/v2\/product_cat?post=42317"},{"taxonomy":"product_tag","embeddable":true,"href":"https:\/\/www.bananatreeshop.com\/pt\/wp-json\/wp\/v2\/product_tag?post=42317"}],"curies":[{"name":"wp","href":"https:\/\/api.w.org\/{rel}","templated":true}]}}