{"id":42320,"date":"2025-07-18T04:01:07","date_gmt":"2025-07-18T04:01:07","guid":{"rendered":"https:\/\/www.bananatreeshop.com\/?post_type=product&#038;p=42320"},"modified":"2026-04-20T21:01:35","modified_gmt":"2026-04-20T21:01:35","slug":"blacksilver-remote-control-anal-massager-rechargeable-silicone-black","status":"publish","type":"product","link":"https:\/\/www.bananatreeshop.com\/pt\/produto\/blacksilver-remote-control-anal-massager-rechargeable-silicone-black\/","title":{"rendered":"BLACKSILVER &#8211; MASAJEADOR ANAL CONTROL REMOTO SILICONA RECARGABLE NEGRO"},"content":{"rendered":"<p>BlackSilver\u2122 Anal Massage remote control es un revolucionario juguete prost\u00e1tico con el que podr\u00e1s estimular a tu pareja mientras lo usas, ya sea mujer, hombre u otro, adem\u00e1s, tambi\u00e9n estimular\u00e1 el pene.<\/p>\n<p>BlackSilver\u2122 Anal Massage remote control no es un juguete para practicar la m\u00edtica penetraci\u00f3n \u201centra sale\u201d, si no que sirve para hacer masajes vaginales, del cl\u00edtoris, anales y del pirineo mientras est\u00e1 colocado en el pene. As\u00ed es, con tu pene y BlackSilver\u2122 Anal Massage remote control equipado podr\u00e1s realizar masajes muy placenteros con los que ser\u00e1 posible llegar a niveles de cl\u00edmax que con la penetraci\u00f3n a pelo no siempre se llega.\u00a0<\/p>\n<p>Con los dos motores de BlackSilver\u2122 Anal Massage remote control, experimentar\u00e1s 10 modos de vibraci\u00f3n + 3 Niveles silenciosos pero potentes, y con los movimientos adecuados, llegar\u00e1s al orgasmo.<\/p>\n<p>La diversi\u00f3n no acaba aqu\u00ed. Juega con el control remoto incluido, y potencia las posibilidades de un juguete muy especial!<\/p>\n<p>No hace falta que te preocupes por tama\u00f1os, BlackSilver\u2122 Anal Massage remote control, es totalmente ergon\u00f3mico y se adapta a cualquier tipo de pene sin problemas.<\/p>\n<p>1 &#8211; MAYOR POTENCIA PARA MAYOR PLACER<\/p>\n<p>Dos motores vibratorios en la base y en la punta para lograr el doble de placer.<\/p>\n<p>2 &#8211; CON MANDO A DISTANCIA<\/p>\n<p>Con control de movimiento y m\u00e1s opciones que los masajadores de pr\u00f3stata con mando a distancia convencionales.<\/p>\n<p>3- TAMA\u00d1O MEDIO PARA TODOS LOS NIVELES DE AVENTURA<\/p>\n<ul>\n<li>El vibrador de pr\u00f3stata perfecto para tu primera vez o para usarlo durante el coito.<\/li>\n<\/ul>\n<p>CARACTERISTICAS TECNICAS;\u00a0<\/p>\n<ul>\n<li>Materiales: Silicona biocompatible y detalles de pl\u00e1stico ABS<\/li>\n<li>10 Modos de vibraci\u00f3n + 3 niveles de intensidad<\/li>\n<li>Interfaz:\u00a0\u00a0 interfaz de 1 Bot\u00f3n f\u00e1cil uso<\/li>\n<li>Frecuencia:\u00a0\u00a0\u00a0\u00a0 80 Hz<\/li>\n<li>Bater\u00eda:\u00a0\u00a0 Li-ion 1050 mAh 3.7 V<\/li>\n<li>Carga:\u00a0\u00a0\u00a0\u00a0 2,5 horas a 5.0 V 750 mA<\/li>\n<li>Tiempo de uso:\u00a0\u00a0\u00a0\u00a0\u00a0\u00a0 hasta 3 horas<\/li>\n<\/ul>\n<p>Disfruta de tu juguete tanto como nosotros hemos disfrutado fabric\u00e1ndolo para ti.<\/p>\n<p>Por qu\u00e9 elegir el material BlackSilver\u2122\u00a0 ?<\/p>\n<p>Todos los juguetes BlackSilver\u2122\u00a0\u00a0 est\u00e1n fabricados de silicona m\u00e9dica suave como la seda, que es extremadamente resbaladiza y absorbe r\u00e1pidamente el calor de su cuerpo. El juguete se puede limpiar f\u00e1cilmente con agua tibia y un poco de jab\u00f3n. Con un poco de limpiador desinfectante para juguetes, puede garantizar una higiene especialmente completa, idealmente con el spray desinfectante perfectamente coordinado de Waterfeel o Intimichic. Para un m\u00e1ximo placer suave, utilice siempre su juguete con uno de los lubricantes a base de agua Waterfeel que se adaptan perfectamente al producto.<\/p>\n<p><span style=\"color: rgb(57, 57, 57);\">**Nota; Este producto est\u00e1 prohibido venderlo en cualquier canal E-commerce. La venta est\u00e1 autorizada para puntos fisicos.\u00a0<\/span><\/p>","protected":false},"excerpt":{"rendered":"<p>BLACKSILVER &#8211; REMOTE CONTROL ANAL MASSAGER RECHARGEABLE SILICONE BLACK<\/p>","protected":false},"featured_media":87888,"comment_status":"open","ping_status":"closed","template":"","meta":{"_eb_attr":""},"product_brand":[],"product_cat":[1159,1161],"product_tag":[],"class_list":{"0":"post-42320","1":"product","2":"type-product","3":"status-publish","4":"has-post-thumbnail","6":"product_cat-juguetes-bienestar-vibradores","7":"product_cat-juguetes-bienestar-vibradoresvibradores-control-remoto","8":"yith_product_brand-blacksilver","10":"first","11":"instock","12":"taxable","13":"shipping-taxable","14":"purchasable","15":"product-type-simple"},"_links":{"self":[{"href":"https:\/\/www.bananatreeshop.com\/pt\/wp-json\/wp\/v2\/product\/42320","targetHints":{"allow":["GET"]}}],"collection":[{"href":"https:\/\/www.bananatreeshop.com\/pt\/wp-json\/wp\/v2\/product"}],"about":[{"href":"https:\/\/www.bananatreeshop.com\/pt\/wp-json\/wp\/v2\/types\/product"}],"replies":[{"embeddable":true,"href":"https:\/\/www.bananatreeshop.com\/pt\/wp-json\/wp\/v2\/comments?post=42320"}],"wp:featuredmedia":[{"embeddable":true,"href":"https:\/\/www.bananatreeshop.com\/pt\/wp-json\/wp\/v2\/media\/87888"}],"wp:attachment":[{"href":"https:\/\/www.bananatreeshop.com\/pt\/wp-json\/wp\/v2\/media?parent=42320"}],"wp:term":[{"taxonomy":"product_brand","embeddable":true,"href":"https:\/\/www.bananatreeshop.com\/pt\/wp-json\/wp\/v2\/product_brand?post=42320"},{"taxonomy":"product_cat","embeddable":true,"href":"https:\/\/www.bananatreeshop.com\/pt\/wp-json\/wp\/v2\/product_cat?post=42320"},{"taxonomy":"product_tag","embeddable":true,"href":"https:\/\/www.bananatreeshop.com\/pt\/wp-json\/wp\/v2\/product_tag?post=42320"}],"curies":[{"name":"wp","href":"https:\/\/api.w.org\/{rel}","templated":true}]}}