{"id":42697,"date":"2025-07-09T12:01:59","date_gmt":"2025-07-09T12:01:59","guid":{"rendered":"https:\/\/www.bananatreeshop.com\/?post_type=product&#038;p=42697"},"modified":"2026-04-12T08:46:14","modified_gmt":"2026-04-12T08:46:14","slug":"get-real-mini-classic-g-spot-vibrator-black","status":"publish","type":"product","link":"https:\/\/www.bananatreeshop.com\/pt\/produto\/get-real-mini-classic-g-spot-vibrator-black\/","title":{"rendered":"GET REAL &#8211; MINI CLASSIC G-SPOT VIBRADOR NEGRO"},"content":{"rendered":"<p>El Mini Classic G-Spot Vibrator de la colecci\u00f3n Get Real\u00a0es un vibrador de calidad con incre\u00edbles habilidades y emociones para proporcionar un placer \u00edntimo ilimitado.<\/p>\n<p>El dise\u00f1o tiene un eje curvado ergon\u00f3micamente que golpear\u00e1 sin esfuerzo el punto G con una precisi\u00f3n sensacional.<\/p>\n<p>Este proveedor de placer de tama\u00f1o mediano es ideal para principiantes y tiene una silueta realista que presenta detalles realistas, como venas pulsantes.<\/p>\n<p>Sus poderosas vibraciones de varias velocidades son f\u00e1ciles de controlar con una base de tapa giratoria y su suave exterior de silicona se siente sedoso en la piel.<\/p>\n<p>El Mini Classic G-Spot Vibrator usa 2 bater\u00edas AA y viene en un empaque moderno y elegante.<\/p>\n<p>\u00a0<\/p>","protected":false},"excerpt":{"rendered":"<p>GET REAL &#8211; MINI CLASSIC G-SPOT VIBRATOR BLACK<\/p>","protected":false},"featured_media":58225,"comment_status":"open","ping_status":"closed","template":"","meta":{"_eb_attr":""},"product_brand":[],"product_cat":[1152,1159,1232,1233],"product_tag":[],"class_list":{"0":"post-42697","1":"product","2":"type-product","3":"status-publish","4":"has-post-thumbnail","6":"product_cat-juguetes-bienestar","7":"product_cat-juguetes-bienestar-vibradores","8":"product_cat-juguetes-bienestar-vibradoresvibradores-clasicos-anales-o-vaginales","9":"product_cat-juguetes-bienestar-vibradoresvibradores-realisticos","10":"yith_product_brand-get-real","12":"first","13":"instock","14":"taxable","15":"shipping-taxable","16":"purchasable","17":"product-type-simple"},"_links":{"self":[{"href":"https:\/\/www.bananatreeshop.com\/pt\/wp-json\/wp\/v2\/product\/42697","targetHints":{"allow":["GET"]}}],"collection":[{"href":"https:\/\/www.bananatreeshop.com\/pt\/wp-json\/wp\/v2\/product"}],"about":[{"href":"https:\/\/www.bananatreeshop.com\/pt\/wp-json\/wp\/v2\/types\/product"}],"replies":[{"embeddable":true,"href":"https:\/\/www.bananatreeshop.com\/pt\/wp-json\/wp\/v2\/comments?post=42697"}],"wp:featuredmedia":[{"embeddable":true,"href":"https:\/\/www.bananatreeshop.com\/pt\/wp-json\/wp\/v2\/media\/58225"}],"wp:attachment":[{"href":"https:\/\/www.bananatreeshop.com\/pt\/wp-json\/wp\/v2\/media?parent=42697"}],"wp:term":[{"taxonomy":"product_brand","embeddable":true,"href":"https:\/\/www.bananatreeshop.com\/pt\/wp-json\/wp\/v2\/product_brand?post=42697"},{"taxonomy":"product_cat","embeddable":true,"href":"https:\/\/www.bananatreeshop.com\/pt\/wp-json\/wp\/v2\/product_cat?post=42697"},{"taxonomy":"product_tag","embeddable":true,"href":"https:\/\/www.bananatreeshop.com\/pt\/wp-json\/wp\/v2\/product_tag?post=42697"}],"curies":[{"name":"wp","href":"https:\/\/api.w.org\/{rel}","templated":true}]}}