{"id":42730,"date":"2025-07-09T13:00:45","date_gmt":"2025-07-09T13:00:45","guid":{"rendered":"https:\/\/www.bananatreeshop.com\/?post_type=product&#038;p=42730"},"modified":"2026-04-12T00:49:49","modified_gmt":"2026-04-12T00:49:49","slug":"get-real-dong-205-cm-vibrating-skin","status":"publish","type":"product","link":"https:\/\/www.bananatreeshop.com\/pt\/produto\/get-real-dong-205-cm-vibrating-skin\/","title":{"rendered":"GET REAL &#8211; DONG 20,5 CM VIBRATING NATURAL"},"content":{"rendered":"<p>The Get Real es un pene real\u00edstico dise\u00f1ado para estimular todos tus puntos \u00edntimos.<\/p>\n<p>Las caracter\u00edsticas de dise\u00f1o con detalles cuidadosamente elaborados como prominentes venas pulsantes a lo largo de su eje suave y est\u00e1 hecho de PVC sin ftalatos.<\/p>\n<p>Dispone de m\u00faltiples velocidades de vibraci\u00f3n. Control con mando y cable.<\/p>\n<p>Funciona con 2 pilas AA, no incluidas.<\/p>\n<ul>\n<li>Material: PVC<\/li>\n<li>Di\u00e1metro Exterior: 4 cm<\/li>\n<li>Longitud Total: 20.5 cm<\/li>\n<\/ul>","protected":false},"excerpt":{"rendered":"<p>GET REAL &#8211; DONG 20,5 CM VIBRATING SKIN<\/p>","protected":false},"featured_media":58288,"comment_status":"open","ping_status":"closed","template":"","meta":{"_eb_attr":""},"product_brand":[],"product_cat":[1152,1159,1161,1233],"product_tag":[],"class_list":{"0":"post-42730","1":"product","2":"type-product","3":"status-publish","4":"has-post-thumbnail","6":"product_cat-juguetes-bienestar","7":"product_cat-juguetes-bienestar-vibradores","8":"product_cat-juguetes-bienestar-vibradoresvibradores-control-remoto","9":"product_cat-juguetes-bienestar-vibradoresvibradores-realisticos","10":"yith_product_brand-get-real","12":"first","13":"instock","14":"taxable","15":"shipping-taxable","16":"purchasable","17":"product-type-simple"},"_links":{"self":[{"href":"https:\/\/www.bananatreeshop.com\/pt\/wp-json\/wp\/v2\/product\/42730","targetHints":{"allow":["GET"]}}],"collection":[{"href":"https:\/\/www.bananatreeshop.com\/pt\/wp-json\/wp\/v2\/product"}],"about":[{"href":"https:\/\/www.bananatreeshop.com\/pt\/wp-json\/wp\/v2\/types\/product"}],"replies":[{"embeddable":true,"href":"https:\/\/www.bananatreeshop.com\/pt\/wp-json\/wp\/v2\/comments?post=42730"}],"wp:featuredmedia":[{"embeddable":true,"href":"https:\/\/www.bananatreeshop.com\/pt\/wp-json\/wp\/v2\/media\/58288"}],"wp:attachment":[{"href":"https:\/\/www.bananatreeshop.com\/pt\/wp-json\/wp\/v2\/media?parent=42730"}],"wp:term":[{"taxonomy":"product_brand","embeddable":true,"href":"https:\/\/www.bananatreeshop.com\/pt\/wp-json\/wp\/v2\/product_brand?post=42730"},{"taxonomy":"product_cat","embeddable":true,"href":"https:\/\/www.bananatreeshop.com\/pt\/wp-json\/wp\/v2\/product_cat?post=42730"},{"taxonomy":"product_tag","embeddable":true,"href":"https:\/\/www.bananatreeshop.com\/pt\/wp-json\/wp\/v2\/product_tag?post=42730"}],"curies":[{"name":"wp","href":"https:\/\/api.w.org\/{rel}","templated":true}]}}