{"id":42739,"date":"2025-07-08T15:01:39","date_gmt":"2025-07-08T15:01:39","guid":{"rendered":"https:\/\/www.bananatreeshop.com\/?post_type=product&#038;p=42739"},"modified":"2026-04-16T18:01:15","modified_gmt":"2026-04-16T18:01:15","slug":"get-real-dildo-28-cm-with-balls-black","status":"publish","type":"product","link":"https:\/\/www.bananatreeshop.com\/pt\/produto\/get-real-dildo-28-cm-with-balls-black\/","title":{"rendered":"GET REAL &#8211; DILDO 28 CM CON TEST\u00cdCULOS NEGRO"},"content":{"rendered":"<p>The Get Real es un pene real\u00edstico dise\u00f1ado para estimular todos tus puntos \u00edntimos.<\/p>\n<p>Las caracter\u00edsticas de dise\u00f1o con detalles cuidadosamente elaborados como prominentes venas pulsantes a lo largo de su eje suave y est\u00e1 hecho de PVC sin ftalatos.<\/p>\n<ul>\n<li>Material: PVC<\/li>\n<\/ul>","protected":false},"excerpt":{"rendered":"<p>GET REAL &#8211; DILDO 28 CM WITH BALLS BLACK<\/p>","protected":false},"featured_media":53435,"comment_status":"open","ping_status":"closed","template":"","meta":{"_eb_attr":""},"product_brand":[],"product_cat":[1155,1152,1156],"product_tag":[],"class_list":{"0":"post-42739","1":"product","2":"type-product","3":"status-publish","4":"has-post-thumbnail","6":"product_cat-juguetes-bienestar-dildos-sin-vibracion","7":"product_cat-juguetes-bienestar","8":"product_cat-juguetes-bienestar-dildos-sin-vibracionpenes-realisticos","9":"yith_product_brand-get-real","11":"first","12":"instock","13":"taxable","14":"shipping-taxable","15":"purchasable","16":"product-type-simple"},"_links":{"self":[{"href":"https:\/\/www.bananatreeshop.com\/pt\/wp-json\/wp\/v2\/product\/42739","targetHints":{"allow":["GET"]}}],"collection":[{"href":"https:\/\/www.bananatreeshop.com\/pt\/wp-json\/wp\/v2\/product"}],"about":[{"href":"https:\/\/www.bananatreeshop.com\/pt\/wp-json\/wp\/v2\/types\/product"}],"replies":[{"embeddable":true,"href":"https:\/\/www.bananatreeshop.com\/pt\/wp-json\/wp\/v2\/comments?post=42739"}],"wp:featuredmedia":[{"embeddable":true,"href":"https:\/\/www.bananatreeshop.com\/pt\/wp-json\/wp\/v2\/media\/53435"}],"wp:attachment":[{"href":"https:\/\/www.bananatreeshop.com\/pt\/wp-json\/wp\/v2\/media?parent=42739"}],"wp:term":[{"taxonomy":"product_brand","embeddable":true,"href":"https:\/\/www.bananatreeshop.com\/pt\/wp-json\/wp\/v2\/product_brand?post=42739"},{"taxonomy":"product_cat","embeddable":true,"href":"https:\/\/www.bananatreeshop.com\/pt\/wp-json\/wp\/v2\/product_cat?post=42739"},{"taxonomy":"product_tag","embeddable":true,"href":"https:\/\/www.bananatreeshop.com\/pt\/wp-json\/wp\/v2\/product_tag?post=42739"}],"curies":[{"name":"wp","href":"https:\/\/api.w.org\/{rel}","templated":true}]}}