{"id":42762,"date":"2025-07-09T13:00:50","date_gmt":"2025-07-09T13:00:50","guid":{"rendered":"https:\/\/www.bananatreeshop.com\/?post_type=product&#038;p=42762"},"modified":"2026-04-12T10:08:35","modified_gmt":"2026-04-12T10:08:35","slug":"get-real-gold-dicker-stim-vibrator-gold","status":"publish","type":"product","link":"https:\/\/www.bananatreeshop.com\/pt\/produto\/get-real-gold-dicker-stim-vibrator-gold\/","title":{"rendered":"GET REAL &#8211; GOLD DICKER STIM VIBRADOR DORADO"},"content":{"rendered":"<p>El vibrador Gold Dicker Stim de la colecci\u00f3n Get Real es un vibrador de color dorado con incre\u00edbles habilidades y emociones para proporcionar un placer \u00edntimo ilimitado.<\/p>\n<p>El dise\u00f1o tiene un eje sexy y ligeramente curvado que sin esfuerzo te llenar\u00e1 de deseo lujurioso.<\/p>\n<p>Este proveedor de placer dorado tiene una silueta realista que presenta detalles realistas como venas palpitantes y una punta pronunciada.<\/p>\n<p>Tambi\u00e9n viene con un estimulador de cl\u00edtoris adicional para una estimulaci\u00f3n a\u00fan m\u00e1s alucinante.<\/p>\n<p>Sus poderosas vibraciones de varias velocidades son f\u00e1ciles de controlar con una base de tapa giratoria y su suave exterior de silicona se siente sedoso en la piel.<\/p>\n<p>El vibrador Gold Dicker Stim usa 2 pilas AA y viene en un empaque moderno y elegante.<\/p>","protected":false},"excerpt":{"rendered":"<p>GET REAL &#8211; GOLD DICKER STIM VIBRATOR GOLD<\/p>","protected":false},"featured_media":58303,"comment_status":"open","ping_status":"closed","template":"","meta":{"_eb_attr":""},"product_brand":[],"product_cat":[1152,1159,1232,1233],"product_tag":[],"class_list":{"0":"post-42762","1":"product","2":"type-product","3":"status-publish","4":"has-post-thumbnail","6":"product_cat-juguetes-bienestar","7":"product_cat-juguetes-bienestar-vibradores","8":"product_cat-juguetes-bienestar-vibradoresvibradores-clasicos-anales-o-vaginales","9":"product_cat-juguetes-bienestar-vibradoresvibradores-realisticos","10":"yith_product_brand-get-real","12":"first","13":"instock","14":"taxable","15":"shipping-taxable","16":"purchasable","17":"product-type-simple"},"_links":{"self":[{"href":"https:\/\/www.bananatreeshop.com\/pt\/wp-json\/wp\/v2\/product\/42762","targetHints":{"allow":["GET"]}}],"collection":[{"href":"https:\/\/www.bananatreeshop.com\/pt\/wp-json\/wp\/v2\/product"}],"about":[{"href":"https:\/\/www.bananatreeshop.com\/pt\/wp-json\/wp\/v2\/types\/product"}],"replies":[{"embeddable":true,"href":"https:\/\/www.bananatreeshop.com\/pt\/wp-json\/wp\/v2\/comments?post=42762"}],"wp:featuredmedia":[{"embeddable":true,"href":"https:\/\/www.bananatreeshop.com\/pt\/wp-json\/wp\/v2\/media\/58303"}],"wp:attachment":[{"href":"https:\/\/www.bananatreeshop.com\/pt\/wp-json\/wp\/v2\/media?parent=42762"}],"wp:term":[{"taxonomy":"product_brand","embeddable":true,"href":"https:\/\/www.bananatreeshop.com\/pt\/wp-json\/wp\/v2\/product_brand?post=42762"},{"taxonomy":"product_cat","embeddable":true,"href":"https:\/\/www.bananatreeshop.com\/pt\/wp-json\/wp\/v2\/product_cat?post=42762"},{"taxonomy":"product_tag","embeddable":true,"href":"https:\/\/www.bananatreeshop.com\/pt\/wp-json\/wp\/v2\/product_tag?post=42762"}],"curies":[{"name":"wp","href":"https:\/\/api.w.org\/{rel}","templated":true}]}}