{"id":42763,"date":"2025-07-08T15:01:54","date_gmt":"2025-07-08T15:01:54","guid":{"rendered":"https:\/\/www.bananatreeshop.com\/?post_type=product&#038;p=42763"},"modified":"2026-04-17T18:00:14","modified_gmt":"2026-04-17T18:00:14","slug":"get-real-silicone-dong-19-cm-skin","status":"publish","type":"product","link":"https:\/\/www.bananatreeshop.com\/pt\/produto\/get-real-silicone-dong-19-cm-skin\/","title":{"rendered":"GET REAL &#8211; DONG SILICONA 19 CM NATURAL"},"content":{"rendered":"<p>El Dong de Silicona 19 cm. es un dong premium y realista de la colecci\u00f3n Get Real, dise\u00f1ado para llegar a todos tus puntos calientes \u00edntimos.<\/p>\n<p>Este placentero dong es de color carne y tiene una silueta natural con acentos realistas como venas y pliegues de la piel.<\/p>\n<p>El dong tambi\u00e9n viene con una base de ventosa para divertirse con las manos libres.<\/p>\n<p>El dise\u00f1o est\u00e1 hecho de silicona premium segura para el cuerpo.<\/p>\n<p>Cuando se trata de un juego realista, el Silicone Dong de 19 cm es simplemente imprescindible para todos los amantes de la diversi\u00f3n realista!<\/p>","protected":false},"excerpt":{"rendered":"<p>GET REAL &#8211; SILICONE DONG 19 CM SKIN<\/p>","protected":false},"featured_media":53473,"comment_status":"open","ping_status":"closed","template":"","meta":{"_eb_attr":""},"product_brand":[],"product_cat":[1155,1152,1156],"product_tag":[],"class_list":{"0":"post-42763","1":"product","2":"type-product","3":"status-publish","4":"has-post-thumbnail","6":"product_cat-juguetes-bienestar-dildos-sin-vibracion","7":"product_cat-juguetes-bienestar","8":"product_cat-juguetes-bienestar-dildos-sin-vibracionpenes-realisticos","9":"yith_product_brand-get-real","11":"first","12":"instock","13":"taxable","14":"shipping-taxable","15":"purchasable","16":"product-type-simple"},"_links":{"self":[{"href":"https:\/\/www.bananatreeshop.com\/pt\/wp-json\/wp\/v2\/product\/42763","targetHints":{"allow":["GET"]}}],"collection":[{"href":"https:\/\/www.bananatreeshop.com\/pt\/wp-json\/wp\/v2\/product"}],"about":[{"href":"https:\/\/www.bananatreeshop.com\/pt\/wp-json\/wp\/v2\/types\/product"}],"replies":[{"embeddable":true,"href":"https:\/\/www.bananatreeshop.com\/pt\/wp-json\/wp\/v2\/comments?post=42763"}],"wp:featuredmedia":[{"embeddable":true,"href":"https:\/\/www.bananatreeshop.com\/pt\/wp-json\/wp\/v2\/media\/53473"}],"wp:attachment":[{"href":"https:\/\/www.bananatreeshop.com\/pt\/wp-json\/wp\/v2\/media?parent=42763"}],"wp:term":[{"taxonomy":"product_brand","embeddable":true,"href":"https:\/\/www.bananatreeshop.com\/pt\/wp-json\/wp\/v2\/product_brand?post=42763"},{"taxonomy":"product_cat","embeddable":true,"href":"https:\/\/www.bananatreeshop.com\/pt\/wp-json\/wp\/v2\/product_cat?post=42763"},{"taxonomy":"product_tag","embeddable":true,"href":"https:\/\/www.bananatreeshop.com\/pt\/wp-json\/wp\/v2\/product_tag?post=42763"}],"curies":[{"name":"wp","href":"https:\/\/api.w.org\/{rel}","templated":true}]}}