{"id":42787,"date":"2025-07-09T18:01:28","date_gmt":"2025-07-09T18:01:28","guid":{"rendered":"https:\/\/www.bananatreeshop.com\/?post_type=product&#038;p=42787"},"modified":"2026-04-17T17:05:03","modified_gmt":"2026-04-17T17:05:03","slug":"xocoon-couples-stimulator-ring-fuchsia","status":"publish","type":"product","link":"https:\/\/www.bananatreeshop.com\/pt\/produto\/xocoon-couples-stimulator-ring-fuchsia\/","title":{"rendered":"XOCOON &#8211; ANILLO VIBRADOR PARA PAREJAS FUCSIA"},"content":{"rendered":"<p>Los hombres seguramente disfrutar\u00e1n de todo tipo de sensaciones emocionantes a lo largo de todo el pene con este anillo estimulador para parejas. Hace que el pene sea m\u00e1s sensible, retrasa el orgasmo y hace que las erecciones duren m\u00e1s cuando se usa el anillo. Para las mujeres, el anillo estimulador brinda m\u00e1s placer y sensaciones estimulantes alrededor de la vulva y el cl\u00edtoris mientras son penetradas. Es el juguete perfecto para vivir juntos la experiencia XOCOON completa.<\/p>\n<p>\u00a0<\/p>\n<p>Vive, ama, juega\u2026 juntos! Los juguetes sexuales Xocoon est\u00e1n dise\u00f1ados espec\u00edficamente para parejas que desean aportar una dimensi\u00f3n adicional a los juegos previos o al sexo. Al brindar una emoci\u00f3n de placer simult\u00e1neo y el cl\u00edmax inevitable para las parejas, Xocoon persuadir\u00e1 f\u00e1cilmente a cualquier pareja para que se retire y pase tiempo juntos con &#8216;Xocooning sin molestias ni inhibiciones.<\/p>","protected":false},"excerpt":{"rendered":"<p>XOCOON &#8211; COUPLES STIMULATOR RING FUCHSIA<\/p>","protected":false},"featured_media":59730,"comment_status":"open","ping_status":"closed","template":"","meta":{"_eb_attr":""},"product_brand":[],"product_cat":[1218,1236,1234,1152,1217],"product_tag":[],"class_list":{"0":"post-42787","1":"product","2":"type-product","3":"status-publish","4":"has-post-thumbnail","6":"product_cat-juguetes-bienestar-juguetes-para-hombresaccesorios-para-el-pene","7":"product_cat-juguetes-bienestar-juguetes-para-hombresaccesorios-para-el-peneanillos-peneanillos-con-vibracion","8":"product_cat-juguetes-bienestar-juguetes-para-hombresaccesorios-para-el-peneanillos-pene","9":"product_cat-juguetes-bienestar","10":"product_cat-juguetes-bienestar-juguetes-para-hombres","11":"yith_product_brand-xocoon","13":"first","14":"instock","15":"taxable","16":"shipping-taxable","17":"purchasable","18":"product-type-simple"},"_links":{"self":[{"href":"https:\/\/www.bananatreeshop.com\/pt\/wp-json\/wp\/v2\/product\/42787","targetHints":{"allow":["GET"]}}],"collection":[{"href":"https:\/\/www.bananatreeshop.com\/pt\/wp-json\/wp\/v2\/product"}],"about":[{"href":"https:\/\/www.bananatreeshop.com\/pt\/wp-json\/wp\/v2\/types\/product"}],"replies":[{"embeddable":true,"href":"https:\/\/www.bananatreeshop.com\/pt\/wp-json\/wp\/v2\/comments?post=42787"}],"wp:featuredmedia":[{"embeddable":true,"href":"https:\/\/www.bananatreeshop.com\/pt\/wp-json\/wp\/v2\/media\/59730"}],"wp:attachment":[{"href":"https:\/\/www.bananatreeshop.com\/pt\/wp-json\/wp\/v2\/media?parent=42787"}],"wp:term":[{"taxonomy":"product_brand","embeddable":true,"href":"https:\/\/www.bananatreeshop.com\/pt\/wp-json\/wp\/v2\/product_brand?post=42787"},{"taxonomy":"product_cat","embeddable":true,"href":"https:\/\/www.bananatreeshop.com\/pt\/wp-json\/wp\/v2\/product_cat?post=42787"},{"taxonomy":"product_tag","embeddable":true,"href":"https:\/\/www.bananatreeshop.com\/pt\/wp-json\/wp\/v2\/product_tag?post=42787"}],"curies":[{"name":"wp","href":"https:\/\/api.w.org\/{rel}","templated":true}]}}