{"id":42790,"date":"2025-10-01T19:05:19","date_gmt":"2025-10-01T19:05:19","guid":{"rendered":"https:\/\/www.bananatreeshop.com\/?post_type=product&#038;p=42790"},"modified":"2026-04-16T02:02:42","modified_gmt":"2026-04-16T02:02:42","slug":"xocoon-eternal-love-vibe-stimulator-green","status":"publish","type":"product","link":"https:\/\/www.bananatreeshop.com\/pt\/produto\/xocoon-eternal-love-vibe-stimulator-green\/","title":{"rendered":"XOCOON &#8211; ETERNAL LOVE VIBE ESTIMULADOR VERDE"},"content":{"rendered":"<p>Experimenta orgasmos fuertes e intensos con el vibrador ETERNAL LOVE. Este divertido vibrador presenta tres funciones alucinantes, las vibraciones en el eje masajean la pared vaginal, la funci\u00f3n pulsante estimula el punto G y las micro vibraciones en el estimulador brindan un placer maravilloso al cl\u00edtoris. Prep\u00e1rate para un orgasmo alucinante y, si se vuelve demasiado intenso, puedes usar todas las funciones por separado.<\/p>\n<p>Vive, ama, juega juntos! Los juguetes sexuales Xocoon est\u00e1n dise\u00f1ados espec\u00edficamente para parejas que desean aportar una dimensi\u00f3n adicional a los juegos previos o al sexo. Al brindar una emoci\u00f3n de placer simult\u00e1neo y el cl\u00edmax inevitable para las parejas, Xocoon persuadir\u00e1 f\u00e1cilmente a cualquier pareja para que se retire y pase tiempo juntos con un Xocooning sin molestias ni inhibiciones.<\/p>","protected":false},"excerpt":{"rendered":"<p>XOCOON &#8211; ETERNAL LOVE VIBE STIMULATOR GREEN<\/p>","protected":false},"featured_media":93859,"comment_status":"open","ping_status":"closed","template":"","meta":{"_eb_attr":""},"product_brand":[],"product_cat":[1159,1263],"product_tag":[],"class_list":{"0":"post-42790","1":"product","2":"type-product","3":"status-publish","4":"has-post-thumbnail","6":"product_cat-juguetes-bienestar-vibradores","7":"product_cat-juguetes-bienestar-vibradoresvibradores-succionadores-ondas-presion","8":"yith_product_brand-xocoon","10":"first","11":"instock","12":"taxable","13":"shipping-taxable","14":"purchasable","15":"product-type-simple"},"_links":{"self":[{"href":"https:\/\/www.bananatreeshop.com\/pt\/wp-json\/wp\/v2\/product\/42790","targetHints":{"allow":["GET"]}}],"collection":[{"href":"https:\/\/www.bananatreeshop.com\/pt\/wp-json\/wp\/v2\/product"}],"about":[{"href":"https:\/\/www.bananatreeshop.com\/pt\/wp-json\/wp\/v2\/types\/product"}],"replies":[{"embeddable":true,"href":"https:\/\/www.bananatreeshop.com\/pt\/wp-json\/wp\/v2\/comments?post=42790"}],"wp:featuredmedia":[{"embeddable":true,"href":"https:\/\/www.bananatreeshop.com\/pt\/wp-json\/wp\/v2\/media\/93859"}],"wp:attachment":[{"href":"https:\/\/www.bananatreeshop.com\/pt\/wp-json\/wp\/v2\/media?parent=42790"}],"wp:term":[{"taxonomy":"product_brand","embeddable":true,"href":"https:\/\/www.bananatreeshop.com\/pt\/wp-json\/wp\/v2\/product_brand?post=42790"},{"taxonomy":"product_cat","embeddable":true,"href":"https:\/\/www.bananatreeshop.com\/pt\/wp-json\/wp\/v2\/product_cat?post=42790"},{"taxonomy":"product_tag","embeddable":true,"href":"https:\/\/www.bananatreeshop.com\/pt\/wp-json\/wp\/v2\/product_tag?post=42790"}],"curies":[{"name":"wp","href":"https:\/\/api.w.org\/{rel}","templated":true}]}}