{"id":42792,"date":"2025-10-01T19:05:22","date_gmt":"2025-10-01T19:05:22","guid":{"rendered":"https:\/\/www.bananatreeshop.com\/?post_type=product&#038;p=42792"},"modified":"2026-04-04T06:01:18","modified_gmt":"2026-04-04T06:01:18","slug":"xocoon-divine-love-stimulator-purple","status":"publish","type":"product","link":"https:\/\/www.bananatreeshop.com\/pt\/produto\/xocoon-divine-love-stimulator-purple\/","title":{"rendered":"XOCOON &#8211; DIVINE LOVE ESTIMULADOR MORADO"},"content":{"rendered":"<p>Disfrute del sensacional placer de la estimulaci\u00f3n del cl\u00edtoris con el estimulador de pulso de mano Divine Love. Este exquisito dise\u00f1o presenta funciones duales. Estimula el cl\u00edtoris con la funci\u00f3n alucinante que imita el sexo oral o usa el otro lado de textura ondulada para masajear la vulva con poderosas vibraciones. Ambas funciones se pueden controlar por separado, as\u00ed que prep\u00e1rate para un orgasmo alucinante.<\/p>\n<p>\u00a0<\/p>\n<p>Vive, ama, juega\u2026 juntos! Los juguetes sexuales Xocoon est\u00e1n dise\u00f1ados espec\u00edficamente para parejas que desean aportar una dimensi\u00f3n adicional a los juegos previos o al sexo. Al brindar una emoci\u00f3n de placer simult\u00e1neo y el cl\u00edmax inevitable para las parejas, Xocoon persuadir\u00e1 f\u00e1cilmente a cualquier pareja para que se retire y pase tiempo juntos con &#8216;Xocooning sin molestias ni inhibiciones.<\/p>","protected":false},"excerpt":{"rendered":"<p>XOCOON &#8211; DIVINE LOVE STIMULATOR PURPLE<\/p>","protected":false},"featured_media":93869,"comment_status":"open","ping_status":"closed","template":"","meta":{"_eb_attr":""},"product_brand":[],"product_cat":[1250,1152,1153,1260,1449,1262,1159,1263],"product_tag":[],"class_list":{"0":"post-42792","1":"product","2":"type-product","3":"status-publish","4":"has-post-thumbnail","6":"product_cat-juguetes-bienestar-juguetes-para-mujeresestimuladores","7":"product_cat-juguetes-bienestar","8":"product_cat-juguetes-bienestar-juguetes-para-mujeres","9":"product_cat-juguetes-bienestar-juguetes-para-mujeresestimuladorespara-clitoris","10":"product_cat-juguetes-bienestar-juguetes-para-mujeresestimuladoressuccionadores-con-vibracion","11":"product_cat-juguetes-bienestar-juguetes-para-mujeresestimuladoressuccionadores-sin-vibracion","12":"product_cat-juguetes-bienestar-vibradores","13":"product_cat-juguetes-bienestar-vibradoresvibradores-succionadores-ondas-presion","14":"yith_product_brand-xocoon","16":"first","17":"instock","18":"taxable","19":"shipping-taxable","20":"purchasable","21":"product-type-simple"},"_links":{"self":[{"href":"https:\/\/www.bananatreeshop.com\/pt\/wp-json\/wp\/v2\/product\/42792","targetHints":{"allow":["GET"]}}],"collection":[{"href":"https:\/\/www.bananatreeshop.com\/pt\/wp-json\/wp\/v2\/product"}],"about":[{"href":"https:\/\/www.bananatreeshop.com\/pt\/wp-json\/wp\/v2\/types\/product"}],"replies":[{"embeddable":true,"href":"https:\/\/www.bananatreeshop.com\/pt\/wp-json\/wp\/v2\/comments?post=42792"}],"wp:featuredmedia":[{"embeddable":true,"href":"https:\/\/www.bananatreeshop.com\/pt\/wp-json\/wp\/v2\/media\/93869"}],"wp:attachment":[{"href":"https:\/\/www.bananatreeshop.com\/pt\/wp-json\/wp\/v2\/media?parent=42792"}],"wp:term":[{"taxonomy":"product_brand","embeddable":true,"href":"https:\/\/www.bananatreeshop.com\/pt\/wp-json\/wp\/v2\/product_brand?post=42792"},{"taxonomy":"product_cat","embeddable":true,"href":"https:\/\/www.bananatreeshop.com\/pt\/wp-json\/wp\/v2\/product_cat?post=42792"},{"taxonomy":"product_tag","embeddable":true,"href":"https:\/\/www.bananatreeshop.com\/pt\/wp-json\/wp\/v2\/product_tag?post=42792"}],"curies":[{"name":"wp","href":"https:\/\/api.w.org\/{rel}","templated":true}]}}