{"id":42794,"date":"2025-10-01T19:05:24","date_gmt":"2025-10-01T19:05:24","guid":{"rendered":"https:\/\/www.bananatreeshop.com\/?post_type=product&#038;p=42794"},"modified":"2026-04-04T06:01:21","modified_gmt":"2026-04-04T06:01:21","slug":"xocoon-infinite-love-stimulator-fuchsia","status":"publish","type":"product","link":"https:\/\/www.bananatreeshop.com\/pt\/produto\/xocoon-infinite-love-stimulator-fuchsia\/","title":{"rendered":"XOCOON &#8211; INFINITE LOVE ESTIMULADOR FUCSIA"},"content":{"rendered":"<p>Disfruta del sensacional placer de la estimulaci\u00f3n del cl\u00edtoris con el estimulador de cl\u00edtoris Infinite Love. Estimula el cl\u00edtoris con su alucinante funci\u00f3n que imita el sexo oral. Prep\u00e1rate para un orgasmo alucinante.<\/p>\n<p>\u00a0<\/p>\n<p>Vive, ama, juega\u2026 juntos! Los juguetes sexuales Xocoon est\u00e1n dise\u00f1ados espec\u00edficamente para parejas que desean aportar una dimensi\u00f3n adicional a los juegos previos o al sexo. Al brindar una emoci\u00f3n de placer simult\u00e1neo y el cl\u00edmax inevitable para las parejas, Xocoon persuadir\u00e1 f\u00e1cilmente a cualquier pareja para que se retire y pase tiempo juntos con &#8216;Xocooning sin molestias ni inhibiciones.<\/p>","protected":false},"excerpt":{"rendered":"<p>XOCOON &#8211; INFINITE LOVE STIMULATOR FUCHSIA<\/p>","protected":false},"featured_media":93874,"comment_status":"open","ping_status":"closed","template":"","meta":{"_eb_attr":""},"product_brand":[],"product_cat":[1250,1152,1153,1260,1449,1262,1159,1263],"product_tag":[],"class_list":{"0":"post-42794","1":"product","2":"type-product","3":"status-publish","4":"has-post-thumbnail","6":"product_cat-juguetes-bienestar-juguetes-para-mujeresestimuladores","7":"product_cat-juguetes-bienestar","8":"product_cat-juguetes-bienestar-juguetes-para-mujeres","9":"product_cat-juguetes-bienestar-juguetes-para-mujeresestimuladorespara-clitoris","10":"product_cat-juguetes-bienestar-juguetes-para-mujeresestimuladoressuccionadores-con-vibracion","11":"product_cat-juguetes-bienestar-juguetes-para-mujeresestimuladoressuccionadores-sin-vibracion","12":"product_cat-juguetes-bienestar-vibradores","13":"product_cat-juguetes-bienestar-vibradoresvibradores-succionadores-ondas-presion","14":"yith_product_brand-xocoon","16":"first","17":"instock","18":"taxable","19":"shipping-taxable","20":"purchasable","21":"product-type-simple"},"_links":{"self":[{"href":"https:\/\/www.bananatreeshop.com\/pt\/wp-json\/wp\/v2\/product\/42794","targetHints":{"allow":["GET"]}}],"collection":[{"href":"https:\/\/www.bananatreeshop.com\/pt\/wp-json\/wp\/v2\/product"}],"about":[{"href":"https:\/\/www.bananatreeshop.com\/pt\/wp-json\/wp\/v2\/types\/product"}],"replies":[{"embeddable":true,"href":"https:\/\/www.bananatreeshop.com\/pt\/wp-json\/wp\/v2\/comments?post=42794"}],"wp:featuredmedia":[{"embeddable":true,"href":"https:\/\/www.bananatreeshop.com\/pt\/wp-json\/wp\/v2\/media\/93874"}],"wp:attachment":[{"href":"https:\/\/www.bananatreeshop.com\/pt\/wp-json\/wp\/v2\/media?parent=42794"}],"wp:term":[{"taxonomy":"product_brand","embeddable":true,"href":"https:\/\/www.bananatreeshop.com\/pt\/wp-json\/wp\/v2\/product_brand?post=42794"},{"taxonomy":"product_cat","embeddable":true,"href":"https:\/\/www.bananatreeshop.com\/pt\/wp-json\/wp\/v2\/product_cat?post=42794"},{"taxonomy":"product_tag","embeddable":true,"href":"https:\/\/www.bananatreeshop.com\/pt\/wp-json\/wp\/v2\/product_tag?post=42794"}],"curies":[{"name":"wp","href":"https:\/\/api.w.org\/{rel}","templated":true}]}}