{"id":42797,"date":"2025-07-17T12:01:13","date_gmt":"2025-07-17T12:01:13","guid":{"rendered":"https:\/\/www.bananatreeshop.com\/?post_type=product&#038;p=42797"},"modified":"2026-04-04T05:02:41","modified_gmt":"2026-04-04T05:02:41","slug":"xocoon-the-personal-wand-fuchsia","status":"publish","type":"product","link":"https:\/\/www.bananatreeshop.com\/pt\/produto\/xocoon-the-personal-wand-fuchsia\/","title":{"rendered":"XOCOON &#8211; THE PERSONAL WAND FUCSIA"},"content":{"rendered":"<p>Conoce a tu nuevo mejor amigo: la varita personal de XOCOON. Esta varita recargable tiene una espectacular vibraci\u00f3n fuerte, profunda y retumbante, pero casi sin vibraciones en el mango para una m\u00e1xima comodidad. Elige entre 3 velocidades diferentes y 10 patrones de vibraci\u00f3n y disfruta de un gran masaje por todo tu cuerpo.<\/p>\n<p>El Personal Wand tiene una cabeza flexible, lo que lo hace destacar entre la multitud. No intimidante, potente y ligera: la varita personal es imprescindible.<\/p>\n<p>Comb\u00ednalo con los accesorios de silicona para disfrutar a\u00fan m\u00e1s. Da una estimulaci\u00f3n precisa a las zonas er\u00f3genas, como el cuello, los pezones y el cl\u00edtoris, pero tambi\u00e9n a la vagina. Los accesorios de silicona se venden por separado.<\/p>\n<p>Dise\u00f1ado con el placer en mente, asegur\u00e1ndonos de que estar\u00e1s encantado con esta poderosa varita!<\/p>\n<p>\u00a0<\/p>\n<p>Vive, ama, juega\u2026 juntos! Los juguetes sexuales Xocoon est\u00e1n dise\u00f1ados espec\u00edficamente para parejas que desean aportar una dimensi\u00f3n adicional a los juegos previos o al sexo. Al brindar una emoci\u00f3n de placer simult\u00e1neo y el cl\u00edmax inevitable para las parejas, Xocoon persuadir\u00e1 f\u00e1cilmente a cualquier pareja para que se retire y pase tiempo juntos con &#8216;Xocooning sin molestias ni inhibiciones.<\/p>","protected":false},"excerpt":{"rendered":"<p>XOCOON &#8211; THE PERSONAL WAND FUCHSIA<\/p>","protected":false},"featured_media":85966,"comment_status":"open","ping_status":"closed","template":"","meta":{"_eb_attr":""},"product_brand":[],"product_cat":[1250,1152,1153,1252,1268,1159],"product_tag":[],"class_list":{"0":"post-42797","1":"product","2":"type-product","3":"status-publish","4":"has-post-thumbnail","6":"product_cat-juguetes-bienestar-juguetes-para-mujeresestimuladores","7":"product_cat-juguetes-bienestar","8":"product_cat-juguetes-bienestar-juguetes-para-mujeres","9":"product_cat-juguetes-bienestar-juguetes-para-mujeresestimuladoresmasajeadores","10":"product_cat-juguetes-bienestar-vibradoresvibrador-wand","11":"product_cat-juguetes-bienestar-vibradores","12":"yith_product_brand-xocoon","14":"first","15":"instock","16":"taxable","17":"shipping-taxable","18":"purchasable","19":"product-type-simple"},"_links":{"self":[{"href":"https:\/\/www.bananatreeshop.com\/pt\/wp-json\/wp\/v2\/product\/42797","targetHints":{"allow":["GET"]}}],"collection":[{"href":"https:\/\/www.bananatreeshop.com\/pt\/wp-json\/wp\/v2\/product"}],"about":[{"href":"https:\/\/www.bananatreeshop.com\/pt\/wp-json\/wp\/v2\/types\/product"}],"replies":[{"embeddable":true,"href":"https:\/\/www.bananatreeshop.com\/pt\/wp-json\/wp\/v2\/comments?post=42797"}],"wp:featuredmedia":[{"embeddable":true,"href":"https:\/\/www.bananatreeshop.com\/pt\/wp-json\/wp\/v2\/media\/85966"}],"wp:attachment":[{"href":"https:\/\/www.bananatreeshop.com\/pt\/wp-json\/wp\/v2\/media?parent=42797"}],"wp:term":[{"taxonomy":"product_brand","embeddable":true,"href":"https:\/\/www.bananatreeshop.com\/pt\/wp-json\/wp\/v2\/product_brand?post=42797"},{"taxonomy":"product_cat","embeddable":true,"href":"https:\/\/www.bananatreeshop.com\/pt\/wp-json\/wp\/v2\/product_cat?post=42797"},{"taxonomy":"product_tag","embeddable":true,"href":"https:\/\/www.bananatreeshop.com\/pt\/wp-json\/wp\/v2\/product_tag?post=42797"}],"curies":[{"name":"wp","href":"https:\/\/api.w.org\/{rel}","templated":true}]}}