{"id":42799,"date":"2025-07-17T12:01:16","date_gmt":"2025-07-17T12:01:16","guid":{"rendered":"https:\/\/www.bananatreeshop.com\/?post_type=product&#038;p=42799"},"modified":"2026-04-04T05:02:43","modified_gmt":"2026-04-04T05:02:43","slug":"xocoon-the-curved-wand-fuchsia","status":"publish","type":"product","link":"https:\/\/www.bananatreeshop.com\/pt\/produto\/xocoon-the-curved-wand-fuchsia\/","title":{"rendered":"XOCOON &#8211; THE CURVED WAND FUCSIA"},"content":{"rendered":"<p>Conoce a tu nuevo mejor amigo: la varita curva de XOCOON. Esta varilla de masaje recargable tiene una espectacular vibraci\u00f3n fuerte, profunda y retumbante, pero casi sin vibraciones en el mango para una m\u00e1xima comodidad. Elige entre 3 velocidades diferentes y 10 patrones de vibraci\u00f3n y disfruta de un gran masaje por todo tu cuerpo. ;<\/p>\n<p>La varita curva tiene una cabeza flexible y un mango curvo, lo que la hace destacar entre la multitud. Dise\u00f1o no intimidante, potente y ergon\u00f3mico: la varita curvada es imprescindible para todas tus aventuras sexys.<\/p>\n<p>\u00a0<\/p>\n<p>Vive, ama, juega\u2026 juntos! Los juguetes sexuales Xocoon est\u00e1n dise\u00f1ados espec\u00edficamente para parejas que desean aportar una dimensi\u00f3n adicional a los juegos previos o al sexo. Al brindar una emoci\u00f3n de placer simult\u00e1neo y el cl\u00edmax inevitable para las parejas, Xocoon persuadir\u00e1 f\u00e1cilmente a cualquier pareja para que se retire y pase tiempo juntos con &#8216;Xocooning sin molestias ni inhibiciones.<\/p>","protected":false},"excerpt":{"rendered":"<p>XOCOON &#8211; THE CURVED WAND FUCHSIA<\/p>","protected":false},"featured_media":85976,"comment_status":"open","ping_status":"closed","template":"","meta":{"_eb_attr":""},"product_brand":[],"product_cat":[1250,1152,1153,1252,1268,1159],"product_tag":[],"class_list":{"0":"post-42799","1":"product","2":"type-product","3":"status-publish","4":"has-post-thumbnail","6":"product_cat-juguetes-bienestar-juguetes-para-mujeresestimuladores","7":"product_cat-juguetes-bienestar","8":"product_cat-juguetes-bienestar-juguetes-para-mujeres","9":"product_cat-juguetes-bienestar-juguetes-para-mujeresestimuladoresmasajeadores","10":"product_cat-juguetes-bienestar-vibradoresvibrador-wand","11":"product_cat-juguetes-bienestar-vibradores","12":"yith_product_brand-xocoon","14":"first","15":"instock","16":"taxable","17":"shipping-taxable","18":"purchasable","19":"product-type-simple"},"_links":{"self":[{"href":"https:\/\/www.bananatreeshop.com\/pt\/wp-json\/wp\/v2\/product\/42799","targetHints":{"allow":["GET"]}}],"collection":[{"href":"https:\/\/www.bananatreeshop.com\/pt\/wp-json\/wp\/v2\/product"}],"about":[{"href":"https:\/\/www.bananatreeshop.com\/pt\/wp-json\/wp\/v2\/types\/product"}],"replies":[{"embeddable":true,"href":"https:\/\/www.bananatreeshop.com\/pt\/wp-json\/wp\/v2\/comments?post=42799"}],"wp:featuredmedia":[{"embeddable":true,"href":"https:\/\/www.bananatreeshop.com\/pt\/wp-json\/wp\/v2\/media\/85976"}],"wp:attachment":[{"href":"https:\/\/www.bananatreeshop.com\/pt\/wp-json\/wp\/v2\/media?parent=42799"}],"wp:term":[{"taxonomy":"product_brand","embeddable":true,"href":"https:\/\/www.bananatreeshop.com\/pt\/wp-json\/wp\/v2\/product_brand?post=42799"},{"taxonomy":"product_cat","embeddable":true,"href":"https:\/\/www.bananatreeshop.com\/pt\/wp-json\/wp\/v2\/product_cat?post=42799"},{"taxonomy":"product_tag","embeddable":true,"href":"https:\/\/www.bananatreeshop.com\/pt\/wp-json\/wp\/v2\/product_tag?post=42799"}],"curies":[{"name":"wp","href":"https:\/\/api.w.org\/{rel}","templated":true}]}}