{"id":42802,"date":"2025-07-17T12:01:23","date_gmt":"2025-07-17T12:01:23","guid":{"rendered":"https:\/\/www.bananatreeshop.com\/?post_type=product&#038;p=42802"},"modified":"2026-04-04T05:02:45","modified_gmt":"2026-04-04T05:02:45","slug":"xocoon-attachments-personal-massager-green","status":"publish","type":"product","link":"https:\/\/www.bananatreeshop.com\/pt\/produto\/xocoon-attachments-personal-massager-green\/","title":{"rendered":"XOCOON &#8211; ACCESORIOS MASAJEADOR PERSONAL VERDE"},"content":{"rendered":"<p>Personaliza tu experiencia de placer con el accesorio de silicona, dise\u00f1ado para usar con el masajeador personal XOCOON. Los accesorios intercambiables crean m\u00e1s placer, m\u00e1s versatilidad y m\u00e1s satisfacci\u00f3n alucinante. Fabricada en 100% silicona con un tacto suave y sedoso.<\/p>\n<p>El cuello redondeado y flexible es perfecto para una estimulaci\u00f3n del punto G alucinante. Mientras que el dise\u00f1o de la punta de los dedos es perfecto para estimular los pezones y el cl\u00edtoris, pero tambi\u00e9n para masajear los m\u00fasculos m\u00e1s peque\u00f1os, como las manos y los pies.<\/p>\n<p>\u00a0<\/p>\n<p>Vive, ama, juega\u2026 juntos! Los juguetes sexuales Xocoon est\u00e1n dise\u00f1ados espec\u00edficamente para parejas que desean aportar una dimensi\u00f3n adicional a los juegos previos o al sexo. Al brindar una emoci\u00f3n de placer simult\u00e1neo y el cl\u00edmax inevitable para las parejas, Xocoon persuadir\u00e1 f\u00e1cilmente a cualquier pareja para que se retire y pase tiempo juntos con &#8216;Xocooning sin molestias ni inhibiciones.<\/p>","protected":false},"excerpt":{"rendered":"<p>XOCOON &#8211; ATTACHMENTS PERSONAL MASSAGER GREEN<\/p>","protected":false},"featured_media":85991,"comment_status":"open","ping_status":"closed","template":"","meta":{"_eb_attr":""},"product_brand":[],"product_cat":[1250,1152,1153,1252,1268,1159,1251],"product_tag":[],"class_list":{"0":"post-42802","1":"product","2":"type-product","3":"status-publish","4":"has-post-thumbnail","6":"product_cat-juguetes-bienestar-juguetes-para-mujeresestimuladores","7":"product_cat-juguetes-bienestar","8":"product_cat-juguetes-bienestar-juguetes-para-mujeres","9":"product_cat-juguetes-bienestar-juguetes-para-mujeresestimuladoresmasajeadores","10":"product_cat-juguetes-bienestar-vibradoresvibrador-wand","11":"product_cat-juguetes-bienestar-vibradores","12":"product_cat-juguetes-bienestar-vibradoresvibradores-hi-tech","13":"yith_product_brand-xocoon","15":"first","16":"instock","17":"taxable","18":"shipping-taxable","19":"purchasable","20":"product-type-simple"},"_links":{"self":[{"href":"https:\/\/www.bananatreeshop.com\/pt\/wp-json\/wp\/v2\/product\/42802","targetHints":{"allow":["GET"]}}],"collection":[{"href":"https:\/\/www.bananatreeshop.com\/pt\/wp-json\/wp\/v2\/product"}],"about":[{"href":"https:\/\/www.bananatreeshop.com\/pt\/wp-json\/wp\/v2\/types\/product"}],"replies":[{"embeddable":true,"href":"https:\/\/www.bananatreeshop.com\/pt\/wp-json\/wp\/v2\/comments?post=42802"}],"wp:featuredmedia":[{"embeddable":true,"href":"https:\/\/www.bananatreeshop.com\/pt\/wp-json\/wp\/v2\/media\/85991"}],"wp:attachment":[{"href":"https:\/\/www.bananatreeshop.com\/pt\/wp-json\/wp\/v2\/media?parent=42802"}],"wp:term":[{"taxonomy":"product_brand","embeddable":true,"href":"https:\/\/www.bananatreeshop.com\/pt\/wp-json\/wp\/v2\/product_brand?post=42802"},{"taxonomy":"product_cat","embeddable":true,"href":"https:\/\/www.bananatreeshop.com\/pt\/wp-json\/wp\/v2\/product_cat?post=42802"},{"taxonomy":"product_tag","embeddable":true,"href":"https:\/\/www.bananatreeshop.com\/pt\/wp-json\/wp\/v2\/product_tag?post=42802"}],"curies":[{"name":"wp","href":"https:\/\/api.w.org\/{rel}","templated":true}]}}