{"id":42803,"date":"2025-07-10T15:01:55","date_gmt":"2025-07-10T15:01:55","guid":{"rendered":"https:\/\/www.bananatreeshop.com\/?post_type=product&#038;p=42803"},"modified":"2026-04-01T02:01:11","modified_gmt":"2026-04-01T02:01:11","slug":"zalo-kyro-wand-black","status":"publish","type":"product","link":"https:\/\/www.bananatreeshop.com\/pt\/produto\/zalo-kyro-wand-black\/","title":{"rendered":"ZALO &#8211; KYRO WAND NEGRO"},"content":{"rendered":"<p>La varita masajeadora Kyro presenta un dise\u00f1o inspirado en el cetro de los poderosos faraones egipcios. Transmitiendo realeza y poder tanto est\u00e9tica como funcionalmente, Kyro presenta la innovadora tecnolog\u00eda Direct Power 2.0 de ZALO. Emitiendo fuertes vibraciones que se concentran en la cabeza de la varita m\u00e1gica para una estimulaci\u00f3n directa poderosa, Kyro es liviano y f\u00e1cil de controlar.<\/p>\n<p>Kyro est\u00e1 equipado con dos accesorios de silicona multifuncionales para ampliar las posibilidades de placer. Con una potencia inigualable y un dise\u00f1o innovador, Kyro redefine la categor\u00eda de masajeadores de varita con una calidad superior.<\/p>\n<p><strong>ESPECIFICACIONES<\/strong><\/p>\n<ul>\n<li>Silicona premium segura para el cuerpo<\/li>\n<li>Tecnolog\u00eda Direct Power 2.0<\/li>\n<li>2 accesorios de silicona multifuncionales<\/li>\n<li>5 modos de vibraci\u00f3n<\/li>\n<li>6 velocidades<\/li>\n<li>Resistente al agua<\/li>\n<li>USB recargable<\/li>\n<li>Material: silicona de nivel alimentario Dow Corning, ABS<\/li>\n<li>Nivel m\u00e1ximo de ruido: <40dB<\/li>\n<li>Grado de impermeabilidad: IPX4 &#8211; protegido contra salpicaduras de agua<\/li>\n<li>Tiempo de carga: 2 horas<\/li>\n<li>Duraci\u00f3n de la bater\u00eda: 2 horas de carga por 1-2 horas de uso<\/li>\n<\/ul>\n<p>En la caja: Kyro, 2 accesorios de silicona, cable de carga USB, manual de instrucciones, tarjeta de garant\u00eda<\/p>\n<p><strong>Tama\u00f1o y peso:<\/strong><br \/>Longitud total: 291 mm<br \/>Di\u00e1metro del cabezal de masaje: 53,5 mm<br \/>Peso: 322 g vibrador; 885 g embalaje incluido<\/p>\n<p>No recomendamos el uso de lubricantes a base de silicona con nuestros juguetes de silicona, ya que pueden tener una reacci\u00f3n negativa entre s\u00ed.<\/p>\n<p>\u00a0<\/p>\n<p>ZALO es una marca de productos \u00edntimos creada para el amor y la belleza, que muestra el amor reverente a la vida y un gran esp\u00edritu feminista, inicia continuamente el valor del producto y la altura de la marca, y crea un sabor de lujo incomparable con una concepci\u00f3n art\u00edstica est\u00e9tica, tecnolog\u00eda profunda, materiales perfectos. y excelente experiencia de usuario.<\/p>","protected":false},"excerpt":{"rendered":"<p>ZALO &#8211; KYRO WAND BLACK<\/p>","protected":false},"featured_media":64174,"comment_status":"open","ping_status":"closed","template":"","meta":{"_eb_attr":""},"product_brand":[],"product_cat":[1250,1152,1153,1252,1159,1259],"product_tag":[],"class_list":{"0":"post-42803","1":"product","2":"type-product","3":"status-publish","4":"has-post-thumbnail","6":"product_cat-juguetes-bienestar-juguetes-para-mujeresestimuladores","7":"product_cat-juguetes-bienestar","8":"product_cat-juguetes-bienestar-juguetes-para-mujeres","9":"product_cat-juguetes-bienestar-juguetes-para-mujeresestimuladoresmasajeadores","10":"product_cat-juguetes-bienestar-vibradores","11":"product_cat-juguetes-bienestar-vibradoresvibradores-lay-on-clitoris","12":"yith_product_brand-zalo","14":"first","15":"instock","16":"taxable","17":"shipping-taxable","18":"purchasable","19":"product-type-simple"},"_links":{"self":[{"href":"https:\/\/www.bananatreeshop.com\/pt\/wp-json\/wp\/v2\/product\/42803","targetHints":{"allow":["GET"]}}],"collection":[{"href":"https:\/\/www.bananatreeshop.com\/pt\/wp-json\/wp\/v2\/product"}],"about":[{"href":"https:\/\/www.bananatreeshop.com\/pt\/wp-json\/wp\/v2\/types\/product"}],"replies":[{"embeddable":true,"href":"https:\/\/www.bananatreeshop.com\/pt\/wp-json\/wp\/v2\/comments?post=42803"}],"wp:featuredmedia":[{"embeddable":true,"href":"https:\/\/www.bananatreeshop.com\/pt\/wp-json\/wp\/v2\/media\/64174"}],"wp:attachment":[{"href":"https:\/\/www.bananatreeshop.com\/pt\/wp-json\/wp\/v2\/media?parent=42803"}],"wp:term":[{"taxonomy":"product_brand","embeddable":true,"href":"https:\/\/www.bananatreeshop.com\/pt\/wp-json\/wp\/v2\/product_brand?post=42803"},{"taxonomy":"product_cat","embeddable":true,"href":"https:\/\/www.bananatreeshop.com\/pt\/wp-json\/wp\/v2\/product_cat?post=42803"},{"taxonomy":"product_tag","embeddable":true,"href":"https:\/\/www.bananatreeshop.com\/pt\/wp-json\/wp\/v2\/product_tag?post=42803"}],"curies":[{"name":"wp","href":"https:\/\/api.w.org\/{rel}","templated":true}]}}