{"id":42808,"date":"2025-07-08T17:00:07","date_gmt":"2025-07-08T17:00:07","guid":{"rendered":"https:\/\/www.bananatreeshop.com\/?post_type=product&#038;p=42808"},"modified":"2026-04-16T04:18:55","modified_gmt":"2026-04-16T04:18:55","slug":"zalo-king-thruster-green","status":"publish","type":"product","link":"https:\/\/www.bananatreeshop.com\/pt\/produto\/zalo-king-thruster-green\/","title":{"rendered":"ZALO &#8211; KING THRUSTER VERDE"},"content":{"rendered":"<p>KING aplica la innovadora tecnolog\u00eda PowerThrust propia de ZALO para integrar sistemas de motor de alto rendimiento y estructuras de accionamiento el\u00e9ctrico de precisi\u00f3n. Rompe las limitaciones de los accionamientos electromagn\u00e9ticos tradicionales y eleva la potencia de empuje del motor a un nuevo nivel. Con una frecuencia de empuje de hasta 40 veces por segundo, King te brinda la experiencia org\u00e1smica m\u00e1s poderosa.<\/p>\n<p>&#8211; Tecnolog\u00eda PowerThrust con un alcance de hasta 40 veces la estimulaci\u00f3n por segundo<br \/>&#8211; Hasta 15 mm de distancia telesc\u00f3pica<br \/>&#8211; Motor de empuje y motor de vibraci\u00f3n controlados independientemente para cumplir con varios requisitos<br \/>&#8211; Dise\u00f1o de superficie en forma de diamante en la parte de la cabeza para una estimulaci\u00f3n adicional<br \/>&#8211; Silicona l\u00edquida a nivel alimentario Silken Dow Corning que cumple con los requisitos de la FDA. Revestimiento superficial exclusivo de Softek.<br \/>&#8211; Adornado con cristal Swarovski<br \/>&#8211; Aplicaci\u00f3n de control remoto<br \/>&#8211; Recargable y resistente al agua<\/p>\n<p>\u00a0<\/p>\n<p><strong>ESPECIFICACIONES<\/strong><\/p>\n<ul>\n<li>Dimensi\u00f3n del producto: 302*58*61 mm<\/li>\n<li>Peso del producto: 550 g<\/li>\n<li>Distancia de empuje: 15 mm<\/li>\n<li>Tama\u00f1o del embalaje: 365*120*75 mm<\/li>\n<li>Tensi\u00f3n nominal: 11,1 V<\/li>\n<li>Tiempo de carga: 4 horas<\/li>\n<li>Modos de vibraci\u00f3n: 4<\/li>\n<li>Modos de estimulaci\u00f3n: 4 modos de vibraci\u00f3n, 8 modos de potencia de empuje<\/li>\n<li>Material: silicona l\u00edquida, ABS, cristal Swarovski<\/li>\n<li>RPM: 7000<\/li>\n<li>Tiempo de ejecuci\u00f3n: 2 horas<\/li>\n<li>Capacidad de la bater\u00eda: 1400 mAh<\/li>\n<li>Corriente nominal: 1000mA<\/li>\n<li>Nivel m\u00e1ximo de ruido: 50db<\/li>\n<\/ul>","protected":false},"excerpt":{"rendered":"<p>ZALO &#8211; KING THRUSTER GREEN<\/p>","protected":false},"featured_media":53874,"comment_status":"open","ping_status":"closed","template":"","meta":{"_eb_attr":""},"product_brand":[],"product_cat":[1159,1251],"product_tag":[],"class_list":{"0":"post-42808","1":"product","2":"type-product","3":"status-publish","4":"has-post-thumbnail","6":"product_cat-juguetes-bienestar-vibradores","7":"product_cat-juguetes-bienestar-vibradoresvibradores-hi-tech","8":"yith_product_brand-zalo","10":"first","11":"instock","12":"taxable","13":"shipping-taxable","14":"purchasable","15":"product-type-simple"},"_links":{"self":[{"href":"https:\/\/www.bananatreeshop.com\/pt\/wp-json\/wp\/v2\/product\/42808","targetHints":{"allow":["GET"]}}],"collection":[{"href":"https:\/\/www.bananatreeshop.com\/pt\/wp-json\/wp\/v2\/product"}],"about":[{"href":"https:\/\/www.bananatreeshop.com\/pt\/wp-json\/wp\/v2\/types\/product"}],"replies":[{"embeddable":true,"href":"https:\/\/www.bananatreeshop.com\/pt\/wp-json\/wp\/v2\/comments?post=42808"}],"wp:featuredmedia":[{"embeddable":true,"href":"https:\/\/www.bananatreeshop.com\/pt\/wp-json\/wp\/v2\/media\/53874"}],"wp:attachment":[{"href":"https:\/\/www.bananatreeshop.com\/pt\/wp-json\/wp\/v2\/media?parent=42808"}],"wp:term":[{"taxonomy":"product_brand","embeddable":true,"href":"https:\/\/www.bananatreeshop.com\/pt\/wp-json\/wp\/v2\/product_brand?post=42808"},{"taxonomy":"product_cat","embeddable":true,"href":"https:\/\/www.bananatreeshop.com\/pt\/wp-json\/wp\/v2\/product_cat?post=42808"},{"taxonomy":"product_tag","embeddable":true,"href":"https:\/\/www.bananatreeshop.com\/pt\/wp-json\/wp\/v2\/product_tag?post=42808"}],"curies":[{"name":"wp","href":"https:\/\/api.w.org\/{rel}","templated":true}]}}