{"id":42809,"date":"2025-07-08T17:00:08","date_gmt":"2025-07-08T17:00:08","guid":{"rendered":"https:\/\/www.bananatreeshop.com\/?post_type=product&#038;p=42809"},"modified":"2026-04-18T22:30:47","modified_gmt":"2026-04-18T22:30:47","slug":"zalo-hero-pulse-wave-massager-purple","status":"publish","type":"product","link":"https:\/\/www.bananatreeshop.com\/pt\/produto\/zalo-hero-pulse-wave-massager-purple\/","title":{"rendered":"ZALO &#8211; HERO MASAJEADOR PERSONAL PULSE WAVE MORADO"},"content":{"rendered":"<p>Especialmente dise\u00f1ado para complacer y excitar el \u00e1rea sensible del cl\u00edtoris, HERO utiliza la tecnolog\u00eda PulseWave patentada de ZALO para lograr un ancho de oscilaci\u00f3n de hasta 30 mm y una frecuencia de oscilaci\u00f3n de hasta 75 veces por segundo, evocando Sensaciones \u00fanicas dise\u00f1adas para imitar una memorable sesi\u00f3n de sexo oral.<\/p>\n<p>Su forma elegante y compacta y sus potentes motores brindan una ergonom\u00eda y funcionalidad superiores para una experiencia perfecta que le brinda placer en el cl\u00edtoris como nunca antes lo hab\u00eda experimentado.<\/p>\n<p>\u00a0<\/p>\n<p><strong>ESPECIFICACIONES<\/strong><\/p>\n<ul>\n<li>Dimensi\u00f3n del producto: 14,6 x 5,4 x 3,9 cm<\/li>\n<li>Largo total: 14,6 cm<\/li>\n<li>Vibrante: S\u00ed<\/li>\n<li>Modos de vibraci\u00f3n: 4<\/li>\n<li>Resistencia al agua: a prueba de salpicaduras<\/li>\n<li>Seguro para el cuerpo: S\u00ed<\/li>\n<li>Material Silicona: Pl\u00e1stico ABS<\/li>\n<li>Recargable: S\u00ed<\/li>\n<li>Bater\u00edas: Litio\u00a0Ion<\/li>\n<li>Bater\u00edas incluidas: S\u00ed<\/li>\n<li>Tiempo de carga en minutos: 120<\/li>\n<li>Tiempo de funcionamiento en minutos: 90<\/li>\n<li>Las especificaciones completas del producto solo se pueden ver cuando se inicia sesi\u00f3n correctamente<\/li>\n<\/ul>\n<p>ZALO es una marca de productos \u00edntimos creada para el amor y la belleza, que muestra el amor reverente a la vida y un gran esp\u00edritu feminista, inicia continuamente el valor del producto y la altura de la marca, y crea un sabor de lujo incomparable con una concepci\u00f3n art\u00edstica est\u00e9tica, tecnolog\u00eda profunda, materiales perfectos. y excelente experiencia de usuario.<\/p>","protected":false},"excerpt":{"rendered":"<p>ZALO &#8211; HERO PULSE WAVE MASSAGER PURPLE<\/p>","protected":false},"featured_media":53879,"comment_status":"open","ping_status":"closed","template":"","meta":{"_eb_attr":""},"product_brand":[],"product_cat":[1159,1251],"product_tag":[],"class_list":{"0":"post-42809","1":"product","2":"type-product","3":"status-publish","4":"has-post-thumbnail","6":"product_cat-juguetes-bienestar-vibradores","7":"product_cat-juguetes-bienestar-vibradoresvibradores-hi-tech","8":"yith_product_brand-zalo","10":"first","11":"instock","12":"taxable","13":"shipping-taxable","14":"purchasable","15":"product-type-simple"},"_links":{"self":[{"href":"https:\/\/www.bananatreeshop.com\/pt\/wp-json\/wp\/v2\/product\/42809","targetHints":{"allow":["GET"]}}],"collection":[{"href":"https:\/\/www.bananatreeshop.com\/pt\/wp-json\/wp\/v2\/product"}],"about":[{"href":"https:\/\/www.bananatreeshop.com\/pt\/wp-json\/wp\/v2\/types\/product"}],"replies":[{"embeddable":true,"href":"https:\/\/www.bananatreeshop.com\/pt\/wp-json\/wp\/v2\/comments?post=42809"}],"wp:featuredmedia":[{"embeddable":true,"href":"https:\/\/www.bananatreeshop.com\/pt\/wp-json\/wp\/v2\/media\/53879"}],"wp:attachment":[{"href":"https:\/\/www.bananatreeshop.com\/pt\/wp-json\/wp\/v2\/media?parent=42809"}],"wp:term":[{"taxonomy":"product_brand","embeddable":true,"href":"https:\/\/www.bananatreeshop.com\/pt\/wp-json\/wp\/v2\/product_brand?post=42809"},{"taxonomy":"product_cat","embeddable":true,"href":"https:\/\/www.bananatreeshop.com\/pt\/wp-json\/wp\/v2\/product_cat?post=42809"},{"taxonomy":"product_tag","embeddable":true,"href":"https:\/\/www.bananatreeshop.com\/pt\/wp-json\/wp\/v2\/product_tag?post=42809"}],"curies":[{"name":"wp","href":"https:\/\/api.w.org\/{rel}","templated":true}]}}