{"id":42811,"date":"2025-07-08T17:00:10","date_gmt":"2025-07-08T17:00:10","guid":{"rendered":"https:\/\/www.bananatreeshop.com\/?post_type=product&#038;p=42811"},"modified":"2026-04-16T01:57:16","modified_gmt":"2026-04-16T01:57:16","slug":"zalo-queen-g-spot-puls-wave-vibe-green","status":"publish","type":"product","link":"https:\/\/www.bananatreeshop.com\/pt\/produto\/zalo-queen-g-spot-puls-wave-vibe-green\/","title":{"rendered":"ZALO &#8211; QUEEN G-SPOT PULS WAVE VIBE VERDE"},"content":{"rendered":"<p>Experimenta el verdadero lujo con el vibrador ZALO Queen G-spot PulseWave, dise\u00f1ado para hacerte sentir como una reina.<br \/>Inspirada en Cleopatra, la silueta elegante y seductora de la reina, con detalles dorados y un adorno de Swarovski real, emana poder y opulencia.<br \/>Ganador del premio Producto de lujo del a\u00f1o 2018 de XBIZ Europa y AVN &#8216;O&#8217; Premios&#8217; El mejor producto de placer para mujeres. ZALO tambi\u00e9n ha sido honrado con el prestigioso premio XBIZs 2019 Excellence in Product Packaging y el premio ANME StorErotica 2019 a la Excelencia en Product Packaging.<\/p>\n<p>\u00a0<\/p>\n<p><strong>ESPECIFICACIONES<\/strong><\/p>\n<ul>\n<li>Dimensi\u00f3n del producto: 21,6 x 4,2 x 4,2 cm<\/li>\n<li>Largo total: 21,6 cm<\/li>\n<li>Vibrante: S\u00ed<\/li>\n<li>Modos de vibraci\u00f3n: 8<\/li>\n<li>Resistencia al agua: a prueba de salpicaduras<\/li>\n<li>Seguro para el cuerpo: S\u00ed<\/li>\n<li>Material Silicona: Pl\u00e1stico ABS<\/li>\n<li>Recargable: S\u00ed<\/li>\n<li>Bater\u00edas: iones de litio<\/li>\n<li>Bater\u00edas incluidas: S\u00ed<\/li>\n<li>Tiempo de carga en minutos: 120<\/li>\n<li>Tiempo de funcionamiento en minutos: 90<\/li>\n<li>Calienta: S\u00ed<\/li>\n<li>Las especificaciones completas del producto solo se pueden ver cuando se inicia sesi\u00f3n correctamente<\/li>\n<\/ul>\n<p>ZALO es una marca de productos \u00edntimos creada para el amor y la belleza, que muestra el amor reverente a la vida y un gran esp\u00edritu feminista, inicia continuamente el valor del producto y la altura de la marca, y crea un sabor de lujo incomparable con una concepci\u00f3n art\u00edstica est\u00e9tica, tecnolog\u00eda profunda, materiales perfectos. y excelente experiencia de usuario.<\/p>","protected":false},"excerpt":{"rendered":"<p>ZALO &#8211; QUEEN G-SPOT PULS WAVE VIBE GREEN<\/p>","protected":false},"featured_media":53884,"comment_status":"open","ping_status":"closed","template":"","meta":{"_eb_attr":""},"product_brand":[],"product_cat":[1159,1251],"product_tag":[],"class_list":{"0":"post-42811","1":"product","2":"type-product","3":"status-publish","4":"has-post-thumbnail","6":"product_cat-juguetes-bienestar-vibradores","7":"product_cat-juguetes-bienestar-vibradoresvibradores-hi-tech","8":"yith_product_brand-zalo","10":"first","11":"instock","12":"taxable","13":"shipping-taxable","14":"purchasable","15":"product-type-simple"},"_links":{"self":[{"href":"https:\/\/www.bananatreeshop.com\/pt\/wp-json\/wp\/v2\/product\/42811","targetHints":{"allow":["GET"]}}],"collection":[{"href":"https:\/\/www.bananatreeshop.com\/pt\/wp-json\/wp\/v2\/product"}],"about":[{"href":"https:\/\/www.bananatreeshop.com\/pt\/wp-json\/wp\/v2\/types\/product"}],"replies":[{"embeddable":true,"href":"https:\/\/www.bananatreeshop.com\/pt\/wp-json\/wp\/v2\/comments?post=42811"}],"wp:featuredmedia":[{"embeddable":true,"href":"https:\/\/www.bananatreeshop.com\/pt\/wp-json\/wp\/v2\/media\/53884"}],"wp:attachment":[{"href":"https:\/\/www.bananatreeshop.com\/pt\/wp-json\/wp\/v2\/media?parent=42811"}],"wp:term":[{"taxonomy":"product_brand","embeddable":true,"href":"https:\/\/www.bananatreeshop.com\/pt\/wp-json\/wp\/v2\/product_brand?post=42811"},{"taxonomy":"product_cat","embeddable":true,"href":"https:\/\/www.bananatreeshop.com\/pt\/wp-json\/wp\/v2\/product_cat?post=42811"},{"taxonomy":"product_tag","embeddable":true,"href":"https:\/\/www.bananatreeshop.com\/pt\/wp-json\/wp\/v2\/product_tag?post=42811"}],"curies":[{"name":"wp","href":"https:\/\/api.w.org\/{rel}","templated":true}]}}