{"id":42915,"date":"2025-07-09T18:01:35","date_gmt":"2025-07-09T18:01:35","guid":{"rendered":"https:\/\/www.bananatreeshop.com\/?post_type=product&#038;p=42915"},"modified":"2026-04-14T12:56:55","modified_gmt":"2026-04-14T12:56:55","slug":"bathmate-power-ring-maximus-55","status":"publish","type":"product","link":"https:\/\/www.bananatreeshop.com\/pt\/produto\/bathmate-power-ring-maximus-55\/","title":{"rendered":"BATHMATE &#8211; POWER RING MAXIMUS 55"},"content":{"rendered":"<p>Fabricados con silicona supersuave, los Power Rings de Bathmate est\u00e1n dise\u00f1ados para ser los m\u00e1s resistentes y resistentes. Anillos masculinos m\u00e1s flexibles del mercado.<\/p>\n<p>Se vende solo como novedad. No se garantizan ni implican afirmaciones m\u00e9dicas con el uso de este producto.<\/p>\n<p>Advertencia: Estirar demasiado el anillo puede causar da\u00f1os. No lo dejes puesto m\u00e1s de 15 minutos.<\/p>\n<p>Medidas: 5.5 cm<\/p>","protected":false},"excerpt":{"rendered":"<p>BATHMATE &#8211; POWER RING MAXIMUS 55<\/p>","protected":false},"featured_media":59754,"comment_status":"open","ping_status":"closed","template":"","meta":{"_eb_attr":""},"product_brand":[],"product_cat":[1218,1234,1235,1152,1217],"product_tag":[],"class_list":{"0":"post-42915","1":"product","2":"type-product","3":"status-publish","4":"has-post-thumbnail","6":"product_cat-juguetes-bienestar-juguetes-para-hombresaccesorios-para-el-pene","7":"product_cat-juguetes-bienestar-juguetes-para-hombresaccesorios-para-el-peneanillos-pene","8":"product_cat-juguetes-bienestar-juguetes-para-hombresaccesorios-para-el-peneanillos-peneanillos-sin-vibracion","9":"product_cat-juguetes-bienestar","10":"product_cat-juguetes-bienestar-juguetes-para-hombres","11":"yith_product_brand-bathmate","13":"first","14":"instock","15":"taxable","16":"shipping-taxable","17":"purchasable","18":"product-type-simple"},"_links":{"self":[{"href":"https:\/\/www.bananatreeshop.com\/pt\/wp-json\/wp\/v2\/product\/42915","targetHints":{"allow":["GET"]}}],"collection":[{"href":"https:\/\/www.bananatreeshop.com\/pt\/wp-json\/wp\/v2\/product"}],"about":[{"href":"https:\/\/www.bananatreeshop.com\/pt\/wp-json\/wp\/v2\/types\/product"}],"replies":[{"embeddable":true,"href":"https:\/\/www.bananatreeshop.com\/pt\/wp-json\/wp\/v2\/comments?post=42915"}],"wp:featuredmedia":[{"embeddable":true,"href":"https:\/\/www.bananatreeshop.com\/pt\/wp-json\/wp\/v2\/media\/59754"}],"wp:attachment":[{"href":"https:\/\/www.bananatreeshop.com\/pt\/wp-json\/wp\/v2\/media?parent=42915"}],"wp:term":[{"taxonomy":"product_brand","embeddable":true,"href":"https:\/\/www.bananatreeshop.com\/pt\/wp-json\/wp\/v2\/product_brand?post=42915"},{"taxonomy":"product_cat","embeddable":true,"href":"https:\/\/www.bananatreeshop.com\/pt\/wp-json\/wp\/v2\/product_cat?post=42915"},{"taxonomy":"product_tag","embeddable":true,"href":"https:\/\/www.bananatreeshop.com\/pt\/wp-json\/wp\/v2\/product_tag?post=42915"}],"curies":[{"name":"wp","href":"https:\/\/api.w.org\/{rel}","templated":true}]}}