{"id":43304,"date":"2025-07-18T13:00:31","date_gmt":"2025-07-18T13:00:31","guid":{"rendered":"https:\/\/www.bananatreeshop.com\/?post_type=product&#038;p=43304"},"modified":"2026-04-14T19:48:42","modified_gmt":"2026-04-14T19:48:42","slug":"blacksilver-dwayne-anal-plug-silicone-remote-control","status":"publish","type":"product","link":"https:\/\/www.bananatreeshop.com\/pt\/produto\/blacksilver-dwayne-anal-plug-silicone-remote-control\/","title":{"rendered":"BLACKSILVER &#8211; DWAYNE PLUG ANAL SILICONA CONTROL REMOTO"},"content":{"rendered":"<p>Fuerte, m\u00e1s fuerte, intenso: El BlackSilver \u2122 Dwayne\u2122 Plug es el sue\u00f1o de todo aficionado anal hecho realidad. Con el plug anal unisex vibrador, experimentar\u00e1s las vibraciones m\u00e1s potentes, una estimulaci\u00f3n deliciosa y un sinf\u00edn de posibilidades gracias al control remoto incluido.<\/p>\n<p>Por qu\u00e9 BlackSilver \u2122 Dwayne\u2122 Te damos 7 motivos exclusivos que te lanzar\u00e1n a buscar BlackSilver \u2122 Dwayne\u2122<\/p>\n<ul>\n<li>3 a\u00f1os de garant\u00eda\u00a0\u00a0\u00a0\u00a0\u00a0\u00a0\u00a0\u00a0<\/li>\n<li>Silicona respetuosa con el cuerpo<\/li>\n<li>Vibraci\u00f3n profunda muy potente\u00a0\u00a0\u00a0\u00a0\u00a0\u00a0\u00a0\u00a0\u00a0\u00a0\u00a0<\/li>\n<li>Unisex: El dispositivo puede ser utilizado por personas de todos los sexos<\/li>\n<li>Impermeable (IPX6)\u00a0\u00a0\u00a0\u00a0\u00a0<\/li>\n<li>Tambi\u00e9n se puede utilizar sin el control remoto<\/li>\n<li>Bater\u00eda de iones de litio F\u00e1cil de limpiar<\/li>\n<\/ul>\n<p>BlackSilver \u2122 Dwayne\u2122 Plug &#8211; Estimulaci\u00f3n anal, m\u00e1s intensa que nunca<\/p>\n<p>Te gusta la estimulaci\u00f3n anal fuerte? El BlackSilver \u2122 Dwayne\u2122 Plug te encantar\u00e1: Potencia que deleita con intensas vibraciones y control remoto. Este plug anal vibrador est\u00e1 hecho de silicona hipoalerg\u00e9nica. Un material flexible y agradable al cuerpo. Su forma ergon\u00f3mica facilita la inserci\u00f3n. El BlackSilver \u2122 Dwayne\u2122 est\u00e1 equipado con un potente motor\u00a0 que proporciona estimulaci\u00f3n adicional. Su base ancha promete una seguridad confiable. El BlackSilver \u2122 Dwayne\u2122 te da todo lo que sue\u00f1as con su control remoto : Contr\u00f3lalo todo con el mando control remoto totalmente discreto, da vida a programas totalmente nuevos, dale rienda suelta a tu mente creativa jugando contigo mismo o con la persona que le otorgues el poder del mando.<\/p>\n<p>Vibrador anal con mucha potencia: BlackSilver \u2122 Dwayne\u2122 Anal Plug<\/p>\n<p>El BlackSilver \u2122 Dwayne\u2122 recupera su fuerza despu\u00e9s de un duro d\u00eda de trabajo a trav\u00e9s del cable USB incluido. La diversi\u00f3n anal con agua es a\u00fan m\u00e1s intensa: Disfruta de las vibraciones del plug anal en la ducha o en la ba\u00f1era sin problemas gracias al acabado resistente al agua (IPX6). Puedes limpiar este dispositivo sexual f\u00e1cilmente con un limpiador de dispositivos sexuales o con un poco de agua tibia y jab\u00f3n suave.<\/p>\n<p>LIMPIEZA<\/p>\n<p>Limpia a fondo el juguete antes y despu\u00e9s de cada uso con agua tibia y jab\u00f3n suave.<\/p>\n<p>ALMACENAMIENTO<\/p>\n<p>Guarde su juguete BlackSilver \u2122 Dwayne\u2122 en un lugar sin polvo y mant\u00e9ngalo alejado de juguetes de otros materiales. Evite dejarlo a la luz solar directa y NUNCA lo exponga a calor extremo.<\/p>\n<p>CONSEJOS DE USO<\/p>\n<p>BlackSilver \u2122 Dwayne\u2122 recomienda el uso de lubricantes a base de agua como, Waterfeel\u2122, Aqua\u2122, Bioaqua\u2122, Aquatravel\u2122 o Coquette\u2122 para una inserci\u00f3n f\u00e1cil y suave de todos los productos de silicona. No utilice lubricantes, aceites o cremas de silicona con ning\u00fan producto de silicona, ya que pueden degradar el material del producto y limitar su rendimiento y vida \u00fatil.<\/p>\n<p>3 A\u00d1OS DE GARANT\u00cdA<\/p>\n<p>Esta garant\u00eda se aplica a todos los productos BlackSilver \u2122 comprados, a partir de la fecha de compra original de dicho producto. Esta garant\u00eda no cubre da\u00f1os causados por un mal uso o un uso diferente al previsto y descrito en el manual de instrucciones del producto, desgaste normal, alteraci\u00f3n, uso irrazonable, servicio realizado por agencias de servicio no autorizadas o p\u00e9rdida o da\u00f1o de bater\u00edas o bater\u00edas extra\u00edbles.<\/p>\n<p><span style=\"color: rgb(57, 57, 57);\">**Nota; Este producto est\u00e1 prohibido venderlo en cualquier canal E-commerce. La venta est\u00e1 autorizada para puntos fisicos.\u00a0<\/span><\/p>","protected":false},"excerpt":{"rendered":"<p>BLACKSILVER &#8211; DWAYNE ANAL PLUG SILICONE REMOTE CONTROL<\/p>","protected":false},"featured_media":88806,"comment_status":"open","ping_status":"closed","template":"","meta":{"_eb_attr":""},"product_brand":[],"product_cat":[1157,1355,258,1152,1377,1159,1245,1161],"product_tag":[],"class_list":{"0":"post-43304","1":"product","2":"type-product","3":"status-publish","4":"has-post-thumbnail","6":"product_cat-juguetes-bienestar-anal","7":"product_cat-bdsm-bondage-articulos-bdsm","8":"product_cat-bdsm-bondage","9":"product_cat-juguetes-bienestar","10":"product_cat-bdsm-bondage-articulos-bdsmplug-anal-bdsm","11":"product_cat-juguetes-bienestar-vibradores","12":"product_cat-juguetes-bienestar-analvibradores-anales","13":"product_cat-juguetes-bienestar-vibradoresvibradores-control-remoto","14":"yith_product_brand-blacksilver","16":"first","17":"instock","18":"taxable","19":"shipping-taxable","20":"purchasable","21":"product-type-simple"},"_links":{"self":[{"href":"https:\/\/www.bananatreeshop.com\/pt\/wp-json\/wp\/v2\/product\/43304","targetHints":{"allow":["GET"]}}],"collection":[{"href":"https:\/\/www.bananatreeshop.com\/pt\/wp-json\/wp\/v2\/product"}],"about":[{"href":"https:\/\/www.bananatreeshop.com\/pt\/wp-json\/wp\/v2\/types\/product"}],"replies":[{"embeddable":true,"href":"https:\/\/www.bananatreeshop.com\/pt\/wp-json\/wp\/v2\/comments?post=43304"}],"wp:featuredmedia":[{"embeddable":true,"href":"https:\/\/www.bananatreeshop.com\/pt\/wp-json\/wp\/v2\/media\/88806"}],"wp:attachment":[{"href":"https:\/\/www.bananatreeshop.com\/pt\/wp-json\/wp\/v2\/media?parent=43304"}],"wp:term":[{"taxonomy":"product_brand","embeddable":true,"href":"https:\/\/www.bananatreeshop.com\/pt\/wp-json\/wp\/v2\/product_brand?post=43304"},{"taxonomy":"product_cat","embeddable":true,"href":"https:\/\/www.bananatreeshop.com\/pt\/wp-json\/wp\/v2\/product_cat?post=43304"},{"taxonomy":"product_tag","embeddable":true,"href":"https:\/\/www.bananatreeshop.com\/pt\/wp-json\/wp\/v2\/product_tag?post=43304"}],"curies":[{"name":"wp","href":"https:\/\/api.w.org\/{rel}","templated":true}]}}