{"id":43305,"date":"2025-07-18T13:00:33","date_gmt":"2025-07-18T13:00:33","guid":{"rendered":"https:\/\/www.bananatreeshop.com\/?post_type=product&#038;p=43305"},"modified":"2026-04-15T23:31:39","modified_gmt":"2026-04-15T23:31:39","slug":"blacksilver-tucker-small-silicone-anal-plug-remote-control","status":"publish","type":"product","link":"https:\/\/www.bananatreeshop.com\/pt\/produto\/blacksilver-tucker-small-silicone-anal-plug-remote-control\/","title":{"rendered":"BLACKSILVER &#8211; TUCKER PEQUE\u00d1O PLUG ANAL SILICONA CONTROL REMOTO"},"content":{"rendered":"<p>DESCUBRE BLACKSILVER \u2122 TUCKER<\/p>\n<p>BlackSilver\u2122 Tucker es la versi\u00f3n mejorada de los plugs anales con vibraci\u00f3n control remoto; adem\u00e1s, de ser placer universal, tiene un tama\u00f1o ideal.<\/p>\n<p>Silencioso y ligero, este plug anal es compacto con 8cm de longitud y 3cm di\u00e1metro, se adapta perfectamente al interior anal, pudiendo as\u00ed utilizarlo c\u00f3moda y discretamente. \u00a1Su dise\u00f1o ergon\u00f3mico y flexible, hace posible el m\u00e1ximo contacto con el interior anal para ofrecerte un placer infinito!<\/p>\n<p>BlackSilver\u2122 Tucker cuenta con un potente motor y diez modos de vibraci\u00f3n, los cuales podr\u00e1s ir recorriendo con el mismo producto o con su exclusivo mando a distancia en con una forma totalmente discreto.<\/p>\n<ul>\n<li>Tu imaginaci\u00f3n es tu \u00fanica limitaci\u00f3n.<\/li>\n<\/ul>\n<p>BlackSilver\u2122 Tucker debajo de tu lencer\u00eda favorita y disfruta de largos y placenteros paseos, picantes encuentros y\/o de veladas irresistibles.<\/p>\n<p>Decide si quieres jugar solo\/a en tu secreto m\u00e1s profundo o si quieres encender fuegos artificiales con tu pareja en una experiencia realmente emocionante. Adem\u00e1s,<\/p>\n<p>Independientemente de c\u00f3mo decidas jugar, \u00a1la satisfacci\u00f3n est\u00e1 a un solo clic!<\/p>\n<ul>\n<li>Disfruta de orgasmos alucinantes y precisos con BlackSilver\u2122 Tucker<\/li>\n<\/ul>\n<p>C\u00d3MO USARLO?<\/p>\n<p>Como cualquier otro plug Anal , BlackSilver\u2122 Tucker\u00a0 se inserta en la zona anal o vaginal, con su parte ovalada en el exterior haciendo de tope. Tiene un potente motor muy silencioso, haciendo que disfrutes de su potencial sin alertar a nadie de su uso, a menos que te delates t\u00fa.<\/p>\n<p>En la parte frontal superior tienes el bot\u00f3n principal que te permite manejar las vibraciones. No obstante, lo divertido es dar uso de sus 10 modos de vibraci\u00f3n con el mando a distancia incluido; de esta forma ser\u00e1 tu amante quien controle el vibrador, la intensidad y tu placer. El morbo de usar este juguete en p\u00fablico te lo puedes imaginar, pero por qu\u00e9 no probarlo de primera mano?<\/p>\n<p>Util\u00edzalo siempre con lubricante a base de agua, nunca con lubricante a base de silicona. A la hora de lavar BlackSilver\u2122 Tucker usa agua y jab\u00f3n neutro.<\/p>\n<p>CARACTER\u00cdSTICAS<\/p>\n<ul>\n<li>Potente vibrador con 10 modos de vibraci\u00f3n.<\/li>\n<li>Mando de control remoto.<\/li>\n<li>Sumergible categor\u00eda IPX6<\/li>\n<li>Discreto.<\/li>\n<li>Totalmente flexible y suave.<\/li>\n<\/ul>\n<p>LIMPIEZA<\/p>\n<p>Limpia a fondo el juguete antes y despu\u00e9s de cada uso con agua tibia y jab\u00f3n suave.<\/p>\n<p>ALMACENAMIENTO<\/p>\n<p>Guarde su juguete BlackSilver\u2122 Tucker\u00a0 en un lugar sin polvo y mant\u00e9ngalo alejado de juguetes de otros materiales. Evite dejarlo a la luz solar directa y NUNCA lo exponga a calor extremo.<\/p>\n<p>CONSEJOS DE USO<\/p>\n<p>BlackSilver\u2122 recomienda el uso de lubricantes a base de agua para una inserci\u00f3n f\u00e1cil y suave de todos los productos de silicona. No utilice lubricantes, aceites o cremas de silicona con ning\u00fan producto de silicona, ya que pueden degradar el material del producto y limitar su rendimiento y vida \u00fatil.<\/p>\n<p><span style=\"color: rgb(57, 57, 57);\">**Nota; Este producto est\u00e1 prohibido venderlo en cualquier canal E-commerce. La venta est\u00e1 autorizada para puntos fisicos.\u00a0<\/span><\/p>","protected":false},"excerpt":{"rendered":"<p>BLACKSILVER &#8211; TUCKER SMALL SILICONE ANAL PLUG REMOTE CONTROL<\/p>","protected":false},"featured_media":88811,"comment_status":"open","ping_status":"closed","template":"","meta":{"_eb_attr":""},"product_brand":[],"product_cat":[1157,1355,258,1152,1377,1159,1245,1161],"product_tag":[],"class_list":{"0":"post-43305","1":"product","2":"type-product","3":"status-publish","4":"has-post-thumbnail","6":"product_cat-juguetes-bienestar-anal","7":"product_cat-bdsm-bondage-articulos-bdsm","8":"product_cat-bdsm-bondage","9":"product_cat-juguetes-bienestar","10":"product_cat-bdsm-bondage-articulos-bdsmplug-anal-bdsm","11":"product_cat-juguetes-bienestar-vibradores","12":"product_cat-juguetes-bienestar-analvibradores-anales","13":"product_cat-juguetes-bienestar-vibradoresvibradores-control-remoto","14":"yith_product_brand-blacksilver","16":"first","17":"instock","18":"taxable","19":"shipping-taxable","20":"purchasable","21":"product-type-simple"},"_links":{"self":[{"href":"https:\/\/www.bananatreeshop.com\/pt\/wp-json\/wp\/v2\/product\/43305","targetHints":{"allow":["GET"]}}],"collection":[{"href":"https:\/\/www.bananatreeshop.com\/pt\/wp-json\/wp\/v2\/product"}],"about":[{"href":"https:\/\/www.bananatreeshop.com\/pt\/wp-json\/wp\/v2\/types\/product"}],"replies":[{"embeddable":true,"href":"https:\/\/www.bananatreeshop.com\/pt\/wp-json\/wp\/v2\/comments?post=43305"}],"wp:featuredmedia":[{"embeddable":true,"href":"https:\/\/www.bananatreeshop.com\/pt\/wp-json\/wp\/v2\/media\/88811"}],"wp:attachment":[{"href":"https:\/\/www.bananatreeshop.com\/pt\/wp-json\/wp\/v2\/media?parent=43305"}],"wp:term":[{"taxonomy":"product_brand","embeddable":true,"href":"https:\/\/www.bananatreeshop.com\/pt\/wp-json\/wp\/v2\/product_brand?post=43305"},{"taxonomy":"product_cat","embeddable":true,"href":"https:\/\/www.bananatreeshop.com\/pt\/wp-json\/wp\/v2\/product_cat?post=43305"},{"taxonomy":"product_tag","embeddable":true,"href":"https:\/\/www.bananatreeshop.com\/pt\/wp-json\/wp\/v2\/product_tag?post=43305"}],"curies":[{"name":"wp","href":"https:\/\/api.w.org\/{rel}","templated":true}]}}