{"id":43306,"date":"2025-07-18T13:00:36","date_gmt":"2025-07-18T13:00:36","guid":{"rendered":"https:\/\/www.bananatreeshop.com\/?post_type=product&#038;p=43306"},"modified":"2026-04-15T16:08:40","modified_gmt":"2026-04-15T16:08:40","slug":"blacksilver-wells-plug-silicone-anal-rotator-remote-control","status":"publish","type":"product","link":"https:\/\/www.bananatreeshop.com\/pt\/produto\/blacksilver-wells-plug-silicone-anal-rotator-remote-control\/","title":{"rendered":"BLACKSILVER &#8211; WELLS PLUG ROTADOR ANAL SILICONA CONTROL REMOTO"},"content":{"rendered":"<p><strong>El Rotator BlackSilver\u00a0Welss<\/strong>\u00a0estimula el punto P a trav\u00e9s del control remoto con sus perlas internas y vibraci\u00f3n. La amplia base garantiza la seguridad en todo momento. El cuerpo estrecho y c\u00f3nico est\u00e1 hecho de silicona suave y respetuosa con el cuerpo<\/p>\n<p>Por qu\u00e9 BlackSilver\u00a0Welss\u00a0te damos 6 motivos exclusivos que te lanzar\u00e1n a buscar estas bolas anales de tacto sedoso con vibraci\u00f3n?<\/p>\n<ul>\n<li><strong>Silicona respetuosa con el cuerpo<\/strong><\/li>\n<li><strong>Programas intensivos de rotaci\u00f3n\u00a0\u00a0\u00a0\u00a0\u00a0\u00a0\u00a0\u00a0\u00a0\u00a0\u00a0<\/strong><\/li>\n<li><strong>Unisex<\/strong><\/li>\n<li><strong>Impermeable (IPX6)\u00a0\u00a0\u00a0\u00a0\u00a0\u00a0<\/strong><\/li>\n<li><strong>Tambi\u00e9n se puede utilizar sin necesidad del control remoto<\/strong><\/li>\n<li><strong>Variedad infinita de programas a trav\u00e9s del control remoto.<\/strong><\/li>\n<li><strong>Modo susurro\u00a0\u00a0<\/strong><\/li>\n<li><strong>Bater\u00eda de iones de litio<\/strong><\/li>\n<li><strong>Cable de carga magn\u00e9tico USB incluido\u00a0<\/strong><\/li>\n<li><strong>F\u00e1cil de limpiar<\/strong><\/li>\n<li><strong>IPX6<\/strong><\/li>\n<li><strong>3 a\u00f1os de garant\u00eda<\/strong><\/li>\n<\/ul>\n<p><strong>DESCUBRE BlackSilver\u00a0Welss<\/strong><\/p>\n<ul>\n<li>Doble estimulaci\u00f3n anal con el control remoto Rotator BlackSilver\u00a0Welss<\/li>\n<li>Un vibrador anal con verdadero talento para darte placer Excitaci\u00f3n doble con est\u00edmulos diferentes procedentes de dos potentes motores. Un plug voluminosos que masajea la pr\u00f3stata con sus vibraciones. Adem\u00e1s, las cadenas de perlas giratorias estimulan adicionalmente el ano. Los 10 programas de vibraci\u00f3n diferentes se pueden manejar de manera intuitiva con un bot\u00f3n de un solo toque.<\/li>\n<\/ul>\n<p><strong>Un sensual dispositivo de silicona<\/strong><\/p>\n<p>El plug se inserta f\u00e1cilmente gracias a la forma delgada y c\u00f3nica de la punta y su base ancha proporciona una sujeci\u00f3n firme. Utiliza un lubricante a base de agua para sacar el m\u00e1ximo partido a este vibrador anal unisex. Con el lubricante la inserci\u00f3n del dispositivo de silicona suave es a\u00fan m\u00e1s c\u00f3moda. Los lubricantes de la amplia gama de productos Waterfeel\u2122 son el complemento ideal para el juego sensual. Un plug vibrador unisex que para un placer sin<\/p>\n<p>\u00dasalo en la ba\u00f1era o la ducha, su acabado impermeable con protecci\u00f3n (IPX6) es perfecto para ello. Controla Rotator BlackSilver\u2122 Welss\u2122 con el control remoto. Conecta tu plug a Spotify para darte placer a ritmo de tu m\u00fasica preferida o crea tus propios patrones de vibraci\u00f3n para personalizar tu experiencia. Ofr\u00e9cele el control del vibrador a tu pareja para perderte en un momento de lujuria.<\/p>\n<p><strong>LIMPIEZA<\/strong><\/p>\n<ul>\n<li>Limpia a fondo el juguete antes y despu\u00e9s de cada uso con agua tibia y jab\u00f3n suave.<\/li>\n<\/ul>\n<p><strong>ALMACENAMIENTO<\/strong><\/p>\n<ul>\n<li>Guarde su juguete BlackSilver\u2122 Welss\u2122 en un lugar sin polvo y mant\u00e9ngalo alejado de juguetes de otros materiales. Evite dejarlo a la luz solar directa y NUNCA lo exponga a calor extremo.<\/li>\n<\/ul>\n<p><strong>CONSEJOS DE USO<\/strong><\/p>\n<ul>\n<li>BlackSilver\u2122 Welss\u2122 recomienda el uso de lubricantes a base de agua como, Waterfeel\u2122, Aqua\u2122, Bioaqua\u2122, Aquatravel\u2122 o Coquette\u2122 para una inserci\u00f3n f\u00e1cil y suave de todos los productos de silicona. No utilice lubricantes, aceites o cremas de silicona con ning\u00fan producto de silicona, ya que pueden degradar el material del producto y limitar su rendimiento y vida \u00fatil.<\/li>\n<\/ul>\n<p><strong>3 A\u00d1OS DE GARANT\u00cdA<\/strong><\/p>\n<ul>\n<li>Esta garant\u00eda se aplica a todos los productos BlackSilver\u2122 Welss\u2122comprados, a partir de la fecha de compra original de dicho producto. Esta garant\u00eda no cubre da\u00f1os causados por un mal uso o un uso diferente al previsto y descrito en el manual de instrucciones del producto, desgaste normal, alteraci\u00f3n, uso irrazonable, servicio realizado por agencias de servicio no autorizadas o p\u00e9rdida o da\u00f1o de bater\u00edas o bater\u00edas extra\u00edbles.<\/li>\n<\/ul>\n<p><span style=\"color: rgb(57, 57, 57);\">**Nota; Este producto est\u00e1 prohibido venderlo en cualquier canal E-commerce. La venta est\u00e1 autorizada para puntos fisicos.\u00a0<\/span><\/p>","protected":false},"excerpt":{"rendered":"<p>BLACKSILVER &#8211; WELLS PLUG SILICONE ANAL ROTATOR REMOTE CONTROL<\/p>","protected":false},"featured_media":88816,"comment_status":"open","ping_status":"closed","template":"","meta":{"_eb_attr":""},"product_brand":[],"product_cat":[1157,1355,258,1152,1377,1159,1245,1161],"product_tag":[],"class_list":{"0":"post-43306","1":"product","2":"type-product","3":"status-publish","4":"has-post-thumbnail","6":"product_cat-juguetes-bienestar-anal","7":"product_cat-bdsm-bondage-articulos-bdsm","8":"product_cat-bdsm-bondage","9":"product_cat-juguetes-bienestar","10":"product_cat-bdsm-bondage-articulos-bdsmplug-anal-bdsm","11":"product_cat-juguetes-bienestar-vibradores","12":"product_cat-juguetes-bienestar-analvibradores-anales","13":"product_cat-juguetes-bienestar-vibradoresvibradores-control-remoto","14":"yith_product_brand-blacksilver","16":"first","17":"instock","18":"taxable","19":"shipping-taxable","20":"purchasable","21":"product-type-simple"},"_links":{"self":[{"href":"https:\/\/www.bananatreeshop.com\/pt\/wp-json\/wp\/v2\/product\/43306","targetHints":{"allow":["GET"]}}],"collection":[{"href":"https:\/\/www.bananatreeshop.com\/pt\/wp-json\/wp\/v2\/product"}],"about":[{"href":"https:\/\/www.bananatreeshop.com\/pt\/wp-json\/wp\/v2\/types\/product"}],"replies":[{"embeddable":true,"href":"https:\/\/www.bananatreeshop.com\/pt\/wp-json\/wp\/v2\/comments?post=43306"}],"wp:featuredmedia":[{"embeddable":true,"href":"https:\/\/www.bananatreeshop.com\/pt\/wp-json\/wp\/v2\/media\/88816"}],"wp:attachment":[{"href":"https:\/\/www.bananatreeshop.com\/pt\/wp-json\/wp\/v2\/media?parent=43306"}],"wp:term":[{"taxonomy":"product_brand","embeddable":true,"href":"https:\/\/www.bananatreeshop.com\/pt\/wp-json\/wp\/v2\/product_brand?post=43306"},{"taxonomy":"product_cat","embeddable":true,"href":"https:\/\/www.bananatreeshop.com\/pt\/wp-json\/wp\/v2\/product_cat?post=43306"},{"taxonomy":"product_tag","embeddable":true,"href":"https:\/\/www.bananatreeshop.com\/pt\/wp-json\/wp\/v2\/product_tag?post=43306"}],"curies":[{"name":"wp","href":"https:\/\/api.w.org\/{rel}","templated":true}]}}