{"id":43481,"date":"2025-07-08T20:01:19","date_gmt":"2025-07-08T20:01:19","guid":{"rendered":"https:\/\/www.bananatreeshop.com\/?post_type=product&#038;p=43481"},"modified":"2026-04-02T15:02:33","modified_gmt":"2026-04-02T15:02:33","slug":"intt-greek-kiss-anal-stimulation-15-ml","status":"publish","type":"product","link":"https:\/\/www.bananatreeshop.com\/pt\/produto\/intt-greek-kiss-anal-stimulation-15-ml\/","title":{"rendered":"INTT &#8211; GREEK KISS ESTIMULACION ANAL 15 ML"},"content":{"rendered":"<p>Explorar la intimidad de una forma sana y placentera es un aspecto fundamental para muchas parejas. A medida que derribamos barreras y ampliamos nuestros horizontes sexuales, es natural buscar nuevas formas de estimulaci\u00f3n y placer. En este contexto, el gel excitador anal se ha convertido en una opci\u00f3n cada vez m\u00e1s popular para quienes quieren disfrutar de sensaciones intensas y diferentes.<\/p>\n<p>Nuestro\u00a0Greek Kiss\u00a0es un gel estimulante con funciones de vibraci\u00f3n y enfriamiento con un delicioso sabor a menta. Estimula la regi\u00f3n anal, haciendo que tengas m\u00e1s relajaci\u00f3n y placer antes del sexo anal, \u00a1y tambi\u00e9n es sumamente adecuado para practicar el Greek Kiss!<\/p>\n<p><u><strong>Qu\u00e9 es el beso griego?<\/strong><\/u><br \/>\u00a0\u00a0El t\u00e9rmino \u201cbeso griego\u201d hace referencia a una pr\u00e1ctica sexual que implica estimulaci\u00f3n oral o besos en la regi\u00f3n anal. Es una forma de intimidad que puede explorarse entre parejas adultas consensuadas que desean experimentar nuevas sensaciones.<\/p>\n<p>En el contexto del acto, una persona puede estimular el ano de su pareja con la lengua, los labios o la boca, proporcionando placer a trav\u00e9s del contacto y la estimulaci\u00f3n. Es importante resaltar que la pr\u00e1ctica requiere una buena higiene personal y una comunicaci\u00f3n abierta entre los socios.<\/p>\n<p><u><strong>C\u00f3mo deber\u00edas usarlo?<\/strong><\/u><br \/>Aplicar de 3 a 4 pulverizaciones en el ano, extendiendo hasta empezar a sentir los efectos.<\/p>\n<p><u><strong>Para qui\u00e9n es adecuado?<\/strong><\/u><br \/>Para personas que quieran tener m\u00e1s placer en la regi\u00f3n anal, probar nuevas sensaciones y tener est\u00edmulos diferentes.<\/p>\n<p><u><strong>DETALLES DEL PRODUCTO<\/strong><\/u><\/p>\n<ul>\n<li><strong>CONSEJO INTT:\u00a0<\/strong>Aunque el gel excitador anal tiene propiedades que dejan la regi\u00f3n m\u00e1s lubricada, es importante complementarlo con un lubricante a base de agua para garantizar una experiencia c\u00f3moda y segura, ya que el ano no tiene lubricaci\u00f3n natural como la vagina. Aplicarlo en la regi\u00f3n anal y en el objeto de penetraci\u00f3n.<\/li>\n<li><strong>PRECAUCI\u00d3N<\/strong>: En caso de irritaci\u00f3n o malestar suspender su uso. Mantener fuera del alcance de los ni\u00f1os. Evitar el contacto con los ojos y, si se produce, lavar con abundante agua. No utilizar sobre piel irritada. Mantener en un lugar fresco y ventilado. No reutilice el embalaje.<\/li>\n<li><strong>FICHA T\u00c9CNICA:\u00a0<\/strong>Envasado en bomba airless de 15 ml + caja de cart\u00f3n. Vida \u00fatil de 6 meses despu\u00e9s de la apertura.<\/li>\n<\/ul>","protected":false},"excerpt":{"rendered":"<p>INTT &#8211; GREEK KISS ANAL STIMULATION 15 ML<\/p>","protected":false},"featured_media":54632,"comment_status":"open","ping_status":"closed","template":"","meta":{"_eb_attr":""},"product_brand":[],"product_cat":[1173,1174,1163,1169],"product_tag":[],"class_list":{"0":"post-43481","1":"product","2":"type-product","3":"status-publish","4":"has-post-thumbnail","6":"product_cat-drogueria-lubricantesanal","7":"product_cat-drogueria-lubricantesanal-con-relajante","8":"product_cat-drogueria","9":"product_cat-drogueria-lubricantes","10":"yith_product_brand-intt","11":"yith_product_brand-inttintt-for-him","13":"first","14":"instock","15":"taxable","16":"shipping-taxable","17":"purchasable","18":"product-type-simple"},"_links":{"self":[{"href":"https:\/\/www.bananatreeshop.com\/pt\/wp-json\/wp\/v2\/product\/43481","targetHints":{"allow":["GET"]}}],"collection":[{"href":"https:\/\/www.bananatreeshop.com\/pt\/wp-json\/wp\/v2\/product"}],"about":[{"href":"https:\/\/www.bananatreeshop.com\/pt\/wp-json\/wp\/v2\/types\/product"}],"replies":[{"embeddable":true,"href":"https:\/\/www.bananatreeshop.com\/pt\/wp-json\/wp\/v2\/comments?post=43481"}],"wp:featuredmedia":[{"embeddable":true,"href":"https:\/\/www.bananatreeshop.com\/pt\/wp-json\/wp\/v2\/media\/54632"}],"wp:attachment":[{"href":"https:\/\/www.bananatreeshop.com\/pt\/wp-json\/wp\/v2\/media?parent=43481"}],"wp:term":[{"taxonomy":"product_brand","embeddable":true,"href":"https:\/\/www.bananatreeshop.com\/pt\/wp-json\/wp\/v2\/product_brand?post=43481"},{"taxonomy":"product_cat","embeddable":true,"href":"https:\/\/www.bananatreeshop.com\/pt\/wp-json\/wp\/v2\/product_cat?post=43481"},{"taxonomy":"product_tag","embeddable":true,"href":"https:\/\/www.bananatreeshop.com\/pt\/wp-json\/wp\/v2\/product_tag?post=43481"}],"curies":[{"name":"wp","href":"https:\/\/api.w.org\/{rel}","templated":true}]}}