{"id":43508,"date":"2025-07-08T18:01:08","date_gmt":"2025-07-08T18:01:08","guid":{"rendered":"https:\/\/www.bananatreeshop.com\/?post_type=product&#038;p=43508"},"modified":"2026-04-05T05:24:10","modified_gmt":"2026-04-05T05:24:10","slug":"intt-water-based-hydra-lubricant-with-hyaluronic-acid","status":"publish","type":"product","link":"https:\/\/www.bananatreeshop.com\/pt\/produto\/intt-water-based-hydra-lubricant-with-hyaluronic-acid\/","title":{"rendered":"INTT &#8211; LUBRICANTE HYDRA A BASE DE AGUA CON ACIDO HIALUR\u00d3NICO"},"content":{"rendered":"<p>Hydra Plus Vegan Lubricant de INTT es un suave lubricante a base de agua ideal para facilitar la fricci\u00f3n durante los juegos er\u00f3ticos.<\/p>\n<p>A\u00f1ade propiedades reparadoras e hidratantes provenientes de la Centella Asi\u00e1tica y del \u00e1cido hialur\u00f3nico. Algunos de sus beneficios es proteger y calmar la zona \u00edntima, mim\u00e1ndola de tal manera que su aplicaci\u00f3n no es \u00fanicamente necesaria para facilitar la penetraci\u00f3n sino tambi\u00e9n como uso diario para mantener la zona hidratada. Es totalmente apto para el uso con preservativos y juguetes er\u00f3ticos<\/p>\n<p>Es un producto vegano y viene en un pr\u00e1ctico envase de 100 ml.<\/p>\n<p>Caracter\u00edsticas principales:<\/p>\n<ul>\n<li>Lubricante a base de agua.<\/li>\n<li>Propiedades reparadoras, hidratantes y calmantes.<\/li>\n<li>Ideal para facilitar la penetraci\u00f3n o para uso cuotidiano.<\/li>\n<li>Apto para preservativos y juguetes er\u00f3ticos.<\/li>\n<li>Vegano.<\/li>\n<li>Envase de 100 ml.<\/li>\n<\/ul>","protected":false},"excerpt":{"rendered":"<p>INTT &#8211; WATER-BASED HYDRA LUBRICANT WITH HYALURONIC ACID<\/p>","protected":false},"featured_media":54186,"comment_status":"open","ping_status":"closed","template":"","meta":{"_eb_attr":""},"product_brand":[],"product_cat":[1170,1163,1169],"product_tag":[],"class_list":{"0":"post-43508","1":"product","2":"type-product","3":"status-publish","4":"has-post-thumbnail","6":"product_cat-drogueria-lubricantesbase-agua","7":"product_cat-drogueria","8":"product_cat-drogueria-lubricantes","9":"yith_product_brand-intt","10":"yith_product_brand-inttintt-vegan-line","12":"first","13":"instock","14":"taxable","15":"shipping-taxable","16":"purchasable","17":"product-type-simple"},"_links":{"self":[{"href":"https:\/\/www.bananatreeshop.com\/pt\/wp-json\/wp\/v2\/product\/43508","targetHints":{"allow":["GET"]}}],"collection":[{"href":"https:\/\/www.bananatreeshop.com\/pt\/wp-json\/wp\/v2\/product"}],"about":[{"href":"https:\/\/www.bananatreeshop.com\/pt\/wp-json\/wp\/v2\/types\/product"}],"replies":[{"embeddable":true,"href":"https:\/\/www.bananatreeshop.com\/pt\/wp-json\/wp\/v2\/comments?post=43508"}],"wp:featuredmedia":[{"embeddable":true,"href":"https:\/\/www.bananatreeshop.com\/pt\/wp-json\/wp\/v2\/media\/54186"}],"wp:attachment":[{"href":"https:\/\/www.bananatreeshop.com\/pt\/wp-json\/wp\/v2\/media?parent=43508"}],"wp:term":[{"taxonomy":"product_brand","embeddable":true,"href":"https:\/\/www.bananatreeshop.com\/pt\/wp-json\/wp\/v2\/product_brand?post=43508"},{"taxonomy":"product_cat","embeddable":true,"href":"https:\/\/www.bananatreeshop.com\/pt\/wp-json\/wp\/v2\/product_cat?post=43508"},{"taxonomy":"product_tag","embeddable":true,"href":"https:\/\/www.bananatreeshop.com\/pt\/wp-json\/wp\/v2\/product_tag?post=43508"}],"curies":[{"name":"wp","href":"https:\/\/api.w.org\/{rel}","templated":true}]}}