{"id":43592,"date":"2025-07-17T20:01:27","date_gmt":"2025-07-17T20:01:27","guid":{"rendered":"https:\/\/www.bananatreeshop.com\/?post_type=product&#038;p=43592"},"modified":"2026-04-04T06:01:24","modified_gmt":"2026-04-04T06:01:24","slug":"satisfyer-curve-trinity-1-air-pulse-vibration-red","status":"publish","type":"product","link":"https:\/\/www.bananatreeshop.com\/pt\/produto\/satisfyer-curve-trinity-1-air-pulse-vibration-red\/","title":{"rendered":"SATISFYER &#8211; CURVE TRINITY 1 AIR PULSE VIBRATION GRIS"},"content":{"rendered":"<p>Est\u00e1s indecisa?<\/p>\n<p>Curvy Trinity 1 funciona como un succionador de cl\u00edtoris con tecnolog\u00eda Air Pulse, un vibrador de contacto y un vibrador de punto G, \u00a1todo en uno!<\/p>\n<p>Utiliza cada una de las funciones de forma separada y como m\u00e1s te apetezca. Gracias a su eje redondeado, este producto se adapta tanto a los principiantes como a las personas m\u00e1s conocedoras. Descubre c\u00f3modamente tres funciones de productos diferentes con la facilidad de necesitar un \u00fanico producto. Controla los 3 motores utilizando el panel de control intuitivo, con 11 intensidades de ondas de presi\u00f3n y 12 programas de vibraci\u00f3n que se pueden controlar por separado.<\/p>\n<p>Curvy Trinity 1 est\u00e1 fabricado con silicona inocua para el cuerpo, es recargable e impermeable (IPX7). \u00a1Hazte con algo que lo haga todo!<\/p>\n<p>\u00a0<\/p>\n<ul>\n<li>Resistente al agua (IPX7).<\/li>\n<li>Hecho en silicona m\u00e9dica.<\/li>\n<li>Los programas se pueden controlar por separado.<\/li>\n<li>Material silicona, pl\u00e1stico ABS\u00a0<\/li>\n<li>Color negro, blanco\u00a0<\/li>\n<li>Bater\u00eda 1x bater\u00eda recargable<\/li>\n<\/ul>","protected":false},"excerpt":{"rendered":"<p>SATISFYER &#8211; CURVE TRINITY 1 AIR PULSE VIBRATION RED<\/p>","protected":false},"featured_media":86381,"comment_status":"open","ping_status":"closed","template":"","meta":{"_eb_attr":""},"product_brand":[],"product_cat":[1160,1250,1152,1153,1260,1449,1159,1231,1263],"product_tag":[],"class_list":{"0":"post-43592","1":"product","2":"type-product","3":"status-publish","4":"has-post-thumbnail","6":"product_cat-juguetes-bienestar-vibradores100-sumergible","7":"product_cat-juguetes-bienestar-juguetes-para-mujeresestimuladores","8":"product_cat-juguetes-bienestar","9":"product_cat-juguetes-bienestar-juguetes-para-mujeres","10":"product_cat-juguetes-bienestar-juguetes-para-mujeresestimuladorespara-clitoris","11":"product_cat-juguetes-bienestar-juguetes-para-mujeresestimuladoressuccionadores-con-vibracion","12":"product_cat-juguetes-bienestar-vibradores","13":"product_cat-juguetes-bienestar-vibradoresvibradores-punto-g","14":"product_cat-juguetes-bienestar-vibradoresvibradores-succionadores-ondas-presion","15":"pa_color-gris","16":"pa_color-rojo","17":"pa_talla-talla-1","18":"yith_product_brand-satisfyer","19":"yith_product_brand-satisfyer-satisfyer-air-pulse","21":"first","22":"instock","23":"taxable","24":"shipping-taxable","25":"purchasable","26":"product-type-variable","27":"has-default-attributes"},"_links":{"self":[{"href":"https:\/\/www.bananatreeshop.com\/pt\/wp-json\/wp\/v2\/product\/43592","targetHints":{"allow":["GET"]}}],"collection":[{"href":"https:\/\/www.bananatreeshop.com\/pt\/wp-json\/wp\/v2\/product"}],"about":[{"href":"https:\/\/www.bananatreeshop.com\/pt\/wp-json\/wp\/v2\/types\/product"}],"replies":[{"embeddable":true,"href":"https:\/\/www.bananatreeshop.com\/pt\/wp-json\/wp\/v2\/comments?post=43592"}],"wp:featuredmedia":[{"embeddable":true,"href":"https:\/\/www.bananatreeshop.com\/pt\/wp-json\/wp\/v2\/media\/86381"}],"wp:attachment":[{"href":"https:\/\/www.bananatreeshop.com\/pt\/wp-json\/wp\/v2\/media?parent=43592"}],"wp:term":[{"taxonomy":"product_brand","embeddable":true,"href":"https:\/\/www.bananatreeshop.com\/pt\/wp-json\/wp\/v2\/product_brand?post=43592"},{"taxonomy":"product_cat","embeddable":true,"href":"https:\/\/www.bananatreeshop.com\/pt\/wp-json\/wp\/v2\/product_cat?post=43592"},{"taxonomy":"product_tag","embeddable":true,"href":"https:\/\/www.bananatreeshop.com\/pt\/wp-json\/wp\/v2\/product_tag?post=43592"}],"curies":[{"name":"wp","href":"https:\/\/api.w.org\/{rel}","templated":true}]}}