{"id":43596,"date":"2025-07-17T12:01:26","date_gmt":"2025-07-17T12:01:26","guid":{"rendered":"https:\/\/www.bananatreeshop.com\/?post_type=product&#038;p=43596"},"modified":"2026-04-04T05:02:51","modified_gmt":"2026-04-04T05:02:51","slug":"fun-factory-vim-silicone-rechargeable-vibrating-weighted-rumble-wand-midnight-blue","status":"publish","type":"product","link":"https:\/\/www.bananatreeshop.com\/pt\/produto\/fun-factory-vim-silicone-rechargeable-vibrating-weighted-rumble-wand-midnight-blue\/","title":{"rendered":"FUN FACTORY &#8211; VIM WAND RUMBLE VIBRADOR RECARGABLE SILICONA NARANJA"},"content":{"rendered":"<p><strong>FUN FACTORY VIM SILICONA RECARGABLE VIBRADOR PONDERADO RUMBLE WAND &#8211; AZUL MEDIANOCHE<\/strong><\/p>\n<p><strong>EL PRIMER\u00a0WAND VIBRANTE CON PESO DEL MUNDO<\/strong><\/p>\n<p>Nunca antes hab\u00edas sentido una <strong>WAND<\/strong> como la<strong> Fun Factory VIM<\/strong>. La mayor\u00eda de los vibradores ofrecen pura potencia y nada m\u00e1s. En sus ajustes bajos, son zumbidos o irritantes. <strong>VIM<\/strong> cuenta con un motor ponderado pionero en la industria que proporciona vibraciones roncas a cualquier velocidad, incluso a la m\u00e1s suave.<\/p>\n<p>Adem\u00e1s, <strong>VIM<\/strong> tiene una gama de vibraciones m\u00e1s amplia que otros juguetes, para que puedas deleitarte con sus fuertes sacudidas en cualquier momento del juego, desde el calentamiento hasta el orgasmo y el enfriamiento. Personaliza cualquier ajuste o programa manteniendo pulsados los botones [+] o [-] para encontrar la vibraci\u00f3n perfecta.<\/p>\n<p><strong>Medidas:<\/strong> Longitud total: 12,3&#8243;, Di\u00e1metro del cabezal: 2,4&#8243;, Longitud del cabezal: 2,7&#8243;.<\/p>\n<p><strong>M\u00c1S PERSONALIZACI\u00d3N. MEJORES VIBRACIONES.<\/strong><\/p>\n<ul>\n<li>El exclusivo motor ponderado satisface a cualquier velocidad<\/li>\n<li>Amplia gama de ajustes, de suave a fuerte<\/li>\n<li>La vibraci\u00f3n permanece en el cabezal, no en el mango<\/li>\n<li>Cuello ligeramente flexible para mayor comodidad en cualquier posici\u00f3n<\/li>\n<li>50% m\u00e1s silencioso y 32% m\u00e1s ligero que la varilla l\u00edder<\/li>\n<\/ul>\n<p><strong>PESO DONDE USTED QUIERA<\/strong><br \/><strong>VIM <\/strong>es pesado en el cabezal, por lo que las vibraciones tienen m\u00e1s fuerza, y el mango ligero evita que te fatigues.<\/p>\n<p><strong>POR QU\u00c9 SIGUEN SIENDO POPULARES LOS\u00a0WAND? NO SON UN POCO DE LOS A\u00d1OS 70?<\/strong><br \/>Los\u00a0<strong>WAND<\/strong> siguen siendo populares desde hace d\u00e9cadas por su incomparable versatilidad y facilidad de uso: son <strong>DIVERTIDAS<\/strong> para cualquier persona, en cualquier parte externa del cuerpo. Tambi\u00e9n son lo bastante accesibles para los novatos en el mundo de los juguetes y lo bastante adaptables para parejas y grupos.<\/p>\n<p>Dicho todo esto,<strong> VIM<\/strong> no es el &#8220;masajeador de espalda&#8221; de tu abuela. La tecnolog\u00eda que hay detr\u00e1s de este juguete es totalmente nueva, desde su motor lastrado hasta su funcionamiento silencioso, pasando por sus vibraciones personalizables.<\/p>\n<p><strong>YA TENGO UN\u00a0WAND DEBO COMPRAR VIM?<\/strong><\/p>\n<p>Pues s\u00ed. La vibraci\u00f3n retumbante del juguete es \u00fanica y viaja por debajo de la superficie para un placer m\u00e1s profundo. Satisfazte con sus ajustes y programas ultra potentes, que ofrecen una estimulaci\u00f3n dura y r\u00e1pida.<\/p>\n<p><strong>NUNCA ME HAN GUSTADO LOS WAND ME GUSTAR\u00cdA VIM?<\/strong><br \/>Puede que s\u00ed. Las jugadoras sensibles apreciar\u00e1n los ajustes m\u00e1s bajos de la varita con una vibraci\u00f3n temblorosa que es realmente excitante, no irritante ni abrumadora.<\/p>\n<p><strong>C\u00d3MO FUNCIONAN LAS VIBRACIONES PERSONALIZABLES?<\/strong><br \/>Simplemente mant\u00e9n pulsado (-) para reducir gradualmente la intensidad, o mant\u00e9n pulsado (+) para aumentarla a tu gusto. No te decepcionar\u00e1 la potencia del juguete: \u00a1el motor de VIM es el m\u00e1s potente que tenemos!<\/p>\n<p><strong>ESTE JUGUETE ES S\u00d3LO PARA CL\u00cdTORIS?<\/strong><br \/><strong>VIM<\/strong> es estupendo para la estimulaci\u00f3n del cl\u00edtoris, pero no es s\u00f3lo para eso. A muchas personas con pr\u00f3stata les gusta presionar la varita contra el perineo para una estimulaci\u00f3n indirecta del punto P. Tambi\u00e9n se puede utilizar para mimar la corona del pene, o para acariciar los test\u00edculos durante una mamada.<\/p>\n<p>Tambi\u00e9n es una buena forma de calentar todo el cuerpo. Util\u00edzalo en el cuello, los hombros, la zona lumbar o cualquier otro lugar que merezca un poco de cari\u00f1o.<\/p>\n<p><strong>Y ES SILENCIOSO?<\/strong><br \/>\u00a1Es el m\u00e1s silencioso! De hecho, <strong>VIM<\/strong> es un 50% m\u00e1s silencioso que la varita m\u00e1gica l\u00edder, para un placer m\u00e1ximo con el m\u00ednimo ruido.<\/p>\n","protected":false},"excerpt":{"rendered":"<p>FUN FACTORY &#8211; VIM SILICONE RECHARGEABLE VIBRATING WEIGHTED RUMBLE WAND MIDNIGHT BLUE<\/p>","protected":false},"featured_media":86003,"comment_status":"open","ping_status":"closed","template":"","meta":{"_eb_attr":""},"product_brand":[],"product_cat":[1250,1152,1153,1252,1268,1159],"product_tag":[],"class_list":{"0":"post-43596","1":"product","2":"type-product","3":"status-publish","4":"has-post-thumbnail","6":"product_cat-juguetes-bienestar-juguetes-para-mujeresestimuladores","7":"product_cat-juguetes-bienestar","8":"product_cat-juguetes-bienestar-juguetes-para-mujeres","9":"product_cat-juguetes-bienestar-juguetes-para-mujeresestimuladoresmasajeadores","10":"product_cat-juguetes-bienestar-vibradoresvibrador-wand","11":"product_cat-juguetes-bienestar-vibradores","12":"pa_color-azul","13":"pa_color-naranja","14":"pa_talla-talla-1","15":"yith_product_brand-fun-factory","17":"first","18":"outofstock","19":"taxable","20":"shipping-taxable","21":"product-type-variable","22":"has-default-attributes"},"_links":{"self":[{"href":"https:\/\/www.bananatreeshop.com\/pt\/wp-json\/wp\/v2\/product\/43596","targetHints":{"allow":["GET"]}}],"collection":[{"href":"https:\/\/www.bananatreeshop.com\/pt\/wp-json\/wp\/v2\/product"}],"about":[{"href":"https:\/\/www.bananatreeshop.com\/pt\/wp-json\/wp\/v2\/types\/product"}],"replies":[{"embeddable":true,"href":"https:\/\/www.bananatreeshop.com\/pt\/wp-json\/wp\/v2\/comments?post=43596"}],"wp:featuredmedia":[{"embeddable":true,"href":"https:\/\/www.bananatreeshop.com\/pt\/wp-json\/wp\/v2\/media\/86003"}],"wp:attachment":[{"href":"https:\/\/www.bananatreeshop.com\/pt\/wp-json\/wp\/v2\/media?parent=43596"}],"wp:term":[{"taxonomy":"product_brand","embeddable":true,"href":"https:\/\/www.bananatreeshop.com\/pt\/wp-json\/wp\/v2\/product_brand?post=43596"},{"taxonomy":"product_cat","embeddable":true,"href":"https:\/\/www.bananatreeshop.com\/pt\/wp-json\/wp\/v2\/product_cat?post=43596"},{"taxonomy":"product_tag","embeddable":true,"href":"https:\/\/www.bananatreeshop.com\/pt\/wp-json\/wp\/v2\/product_tag?post=43596"}],"curies":[{"name":"wp","href":"https:\/\/api.w.org\/{rel}","templated":true}]}}