{"id":43802,"date":"2025-10-01T19:05:33","date_gmt":"2025-10-01T19:05:33","guid":{"rendered":"https:\/\/www.bananatreeshop.com\/?post_type=product&#038;p=43802"},"modified":"2026-04-04T06:01:36","modified_gmt":"2026-04-04T06:01:36","slug":"womanizer-og-g-spot-slate","status":"publish","type":"product","link":"https:\/\/www.bananatreeshop.com\/pt\/produto\/womanizer-og-g-spot-slate\/","title":{"rendered":"WOMANIZER &#8211; OG G-SPOT GRIS OSCURO"},"content":{"rendered":"<p>\u00a1Haz un sensacional viaje al \u00e9xtasis con el vibrador Womanizer OG G-Spot!<\/p>\n<p>Al combinar las incre\u00edbles sensaciones de la tecnolog\u00eda Pleasure Air y las vibraciones vigorizantes, el OG te llevar\u00e1 a un viaje de pura felicidad.\u00a0 La curva suave y la ligera flexi\u00f3n del OG est\u00e1n dise\u00f1adas para brindarle el \u00e1ngulo perfecto para la cabeza de aire de placer justo donde lo necesita.\u00a0 Las ondas pulsantes de aire estimulan su punto G mientras todo el eje vibra, brindando el doble de sensaciones para el doble de placer. Use el OG externamente en su cl\u00edtoris para preparar su cuerpo y luego inserte el OG para explorar su G-Sport.<\/p>\n<p>El OG es una experiencia deliciosa solo para ti, por lo que funciona en silencio, incluso si t\u00fa no puedes.\u00a0 Con la funci\u00f3n Smart Silence, solo cobrar\u00e1 vida una vez que entre en contacto con tu piel, lo que conservar\u00e1 la bater\u00eda y minimizar\u00e1 a\u00fan m\u00e1s los sonidos suaves.<\/p>\n<p>Los 12 niveles de intensidad de Pleasure Air se controlan f\u00e1cilmente con dos botones, ya sea aumentando o disminuyendo las sensaciones, y los 3 niveles de vibraci\u00f3n se pueden alternar con solo presionar un bot\u00f3n.\u00a0 La funci\u00f3n de brillo posterior te permite bajar de tu subid\u00f3n maravilloso bajando el OG a su configuraci\u00f3n m\u00e1s baja para un final relajante.<\/p>\n<p>Hecho de silicona segura para el cuerpo, el OG es liso, suave e impermeable, por lo que puede llevarlo a la ducha o al ba\u00f1o para divertirse un poco m\u00e1s.\u00a0 Solo use lubricante a base de agua con el OG y aseg\u00farese de limpiarlo con un limpiador de juguetes antes y despu\u00e9s de cada uso.<\/p>\n<p>\u00a1Juega con el placer como nunca antes lo hab\u00edas sentido con el vibrador Womanizer OG G-Spot!<\/p>\n<p><strong>Caracter\u00edsticas principales:<\/strong><\/p>\n<ul>\n<li>Estimulador del punto G<\/li>\n<li>Tecnolog\u00eda de aire de placer<\/li>\n<li>12 niveles de intensidad<\/li>\n<li>3 niveles de vibraci\u00f3n<\/li>\n<li>Estimulaci\u00f3n dual<\/li>\n<li>Susurros silenciosos<\/li>\n<li>Configuraci\u00f3n de brillo posterior<\/li>\n<li>Impermeable IPX7<\/li>\n<li>Funci\u00f3n de silencio inteligente<\/li>\n<li>Silicona segura para el cuerpo<\/li>\n<li>Recargable por USB magn\u00e9tico<\/li>\n<li>Tiempo de carga: 100 minutos<\/li>\n<li>Hasta 120 minutos de reproducci\u00f3n<\/li>\n<li>F\u00e1cil de limpiar<\/li>\n<li>F\u00e1cil de usar<\/li>\n<li>Libre de BPA, ftalatos y l\u00e1tex<\/li>\n<\/ul>\n<p><strong>Contenido de la caja:<\/strong><\/p>\n<ul>\n<li>Estimulador del punto G de Womanizer OG<\/li>\n<li>Cable de carga USB adaptador de CA no incluido<\/li>\n<li>Bolsa de almacenamiento de algod\u00f3n<\/li>\n<li>Gu\u00eda de inicio r\u00e1pido<\/li>\n<li>Instrucciones de seguridad<\/li>\n<\/ul>\n<p>\u00a0<\/p>","protected":false},"excerpt":{"rendered":"<p>WOMANIZER &#8211; OG G-SPOT SLATE<\/p>","protected":false},"featured_media":93889,"comment_status":"open","ping_status":"closed","template":"","meta":{"_eb_attr":""},"product_brand":[],"product_cat":[1250,1152,1153,1260,1449,1159,1231,1263],"product_tag":[],"class_list":{"0":"post-43802","1":"product","2":"type-product","3":"status-publish","4":"has-post-thumbnail","6":"product_cat-juguetes-bienestar-juguetes-para-mujeresestimuladores","7":"product_cat-juguetes-bienestar","8":"product_cat-juguetes-bienestar-juguetes-para-mujeres","9":"product_cat-juguetes-bienestar-juguetes-para-mujeresestimuladorespara-clitoris","10":"product_cat-juguetes-bienestar-juguetes-para-mujeresestimuladoressuccionadores-con-vibracion","11":"product_cat-juguetes-bienestar-vibradores","12":"product_cat-juguetes-bienestar-vibradoresvibradores-punto-g","13":"product_cat-juguetes-bienestar-vibradoresvibradores-succionadores-ondas-presion","14":"yith_product_brand-womanizer","16":"first","17":"instock","18":"taxable","19":"shipping-taxable","20":"purchasable","21":"product-type-simple"},"_links":{"self":[{"href":"https:\/\/www.bananatreeshop.com\/pt\/wp-json\/wp\/v2\/product\/43802","targetHints":{"allow":["GET"]}}],"collection":[{"href":"https:\/\/www.bananatreeshop.com\/pt\/wp-json\/wp\/v2\/product"}],"about":[{"href":"https:\/\/www.bananatreeshop.com\/pt\/wp-json\/wp\/v2\/types\/product"}],"replies":[{"embeddable":true,"href":"https:\/\/www.bananatreeshop.com\/pt\/wp-json\/wp\/v2\/comments?post=43802"}],"wp:featuredmedia":[{"embeddable":true,"href":"https:\/\/www.bananatreeshop.com\/pt\/wp-json\/wp\/v2\/media\/93889"}],"wp:attachment":[{"href":"https:\/\/www.bananatreeshop.com\/pt\/wp-json\/wp\/v2\/media?parent=43802"}],"wp:term":[{"taxonomy":"product_brand","embeddable":true,"href":"https:\/\/www.bananatreeshop.com\/pt\/wp-json\/wp\/v2\/product_brand?post=43802"},{"taxonomy":"product_cat","embeddable":true,"href":"https:\/\/www.bananatreeshop.com\/pt\/wp-json\/wp\/v2\/product_cat?post=43802"},{"taxonomy":"product_tag","embeddable":true,"href":"https:\/\/www.bananatreeshop.com\/pt\/wp-json\/wp\/v2\/product_tag?post=43802"}],"curies":[{"name":"wp","href":"https:\/\/api.w.org\/{rel}","templated":true}]}}