{"id":43805,"date":"2025-10-01T19:05:42","date_gmt":"2025-10-01T19:05:42","guid":{"rendered":"https:\/\/www.bananatreeshop.com\/?post_type=product&#038;p=43805"},"modified":"2026-04-04T06:01:46","modified_gmt":"2026-04-04T06:01:46","slug":"womanizer-duo-2-stimulator-blue","status":"publish","type":"product","link":"https:\/\/www.bananatreeshop.com\/pt\/produto\/womanizer-duo-2-stimulator-blue\/","title":{"rendered":"WOMANIZER &#8211; DUO 2 ESTIMULADOR AZUL"},"content":{"rendered":"<p>\u00a1Disfruta de orgasmos de cuerpo entero con Womanizer Duo 2!<\/p>\n<p>El DUO2 es un exclusivo juguete premium para conejos que combina una sensacional estimulaci\u00f3n del cl\u00edtoris con potentes masajes del punto G para crear orgasmos avanzados que encrespar\u00e1n los dedos de los pies.\u00a0 La tecnolog\u00eda Pleasure Air estimula el cl\u00edtoris con el equilibrio perfecto de cambios pulsantes y de masaje en la presi\u00f3n del aire sin tocar el cl\u00edtoris.\u00a0 Esto asegura que su \u00e1rea m\u00e1s sensible nunca se sobreestimule mientras experimenta m\u00faltiples niveles de intensidad, brind\u00e1ndole orgasmos del siguiente nivel.<\/p>\n<p>Esta incre\u00edble sensaci\u00f3n del cl\u00edtoris se combina con una estimulaci\u00f3n profunda del punto G a trav\u00e9s del eje vibratorio.\u00a0 Con una cabeza bulbosa en un cuello flexible, los 10 patrones de vibraci\u00f3n se entregan justo donde los necesita con facilidad.<\/p>\n<p>Las vibraciones y las pulsaciones del aire se controlan por separado y de forma sencilla mediante botones suaves al tacto en la parte superior del cabezal del estimulador. Con el modo Smart Silent, el DUO 2 solo se encender\u00e1 cuando est\u00e9 en contacto directo con tu piel, manteniendo a\u00fan m\u00e1s silenciosos los ya silenciosos ruidos.\u00a0 Con la funci\u00f3n Afterglow, presione el bot\u00f3n de encendido brevemente despu\u00e9s del cl\u00edmax, bajando la intensidad del DUO 2 al nivel 3 para un final relajante. \u00a1Hecho con silicona segura para ni\u00f1os, el DUO 2 es resistente al agua para que puedas extender el tiempo de juego en el ba\u00f1o o la ducha!\u00a0 Utiliza siempre un lubricante a base de agua con el DUO 2 y recuerda limpiarlo con un limpiador de juguetes antes y despu\u00e9s de cada uso.\u00a0 \u00a1Lleva tus orgasmos al siguiente nivel con el estimulador dual Womanizer DUO 2!<\/p>\n<p><strong>Caracter\u00edsticas principales:<\/strong><\/p>\n<ul>\n<li>Estimulador dual<\/li>\n<li>Estimulaci\u00f3n del punto G y del cl\u00edtoris<\/li>\n<li>Tecnolog\u00eda de aire de placer<\/li>\n<li>14 niveles de intensidad<\/li>\n<li>10 patrones de vibraci\u00f3n<\/li>\n<li>Forma ergon\u00f3mica flexible<\/li>\n<li>Controles separados<\/li>\n<li>Impermeable IPX7<\/li>\n<li>Cabeza de estimulaci\u00f3n adicional<\/li>\n<li>Silicona segura para el cuerpo<\/li>\n<li>Suave y suave Toque suave<\/li>\n<li>Funci\u00f3n de silencio inteligente<\/li>\n<li>Configuraci\u00f3n de brillo posterior<\/li>\n<li>Sin BPA, ftalatos ni l\u00e1tex<\/li>\n<li>Recargable por USB magn\u00e9tico<\/li>\n<li>Tiempo de carga: 120 minutos<\/li>\n<li>Hasta 120 minutos de reproducci\u00f3n<\/li>\n<\/ul>\n<p><strong>Contenido de la caja:<\/strong><\/p>\n<ul>\n<li>Estimulador Dual Womanizer DUO 2<\/li>\n<li>Cable de carga USB<\/li>\n<li>Dos cabezales de estimulaci\u00f3n<\/li>\n<li>Bolsa de almacenamiento de algod\u00f3n<\/li>\n<li>Gu\u00eda de inicio r\u00e1pido<\/li>\n<li>Instrucciones de seguridad<\/li>\n<\/ul>","protected":false},"excerpt":{"rendered":"<p>WOMANIZER &#8211; DUO 2 STIMULATOR BLUE<\/p>","protected":false},"featured_media":93904,"comment_status":"open","ping_status":"closed","template":"","meta":{"_eb_attr":""},"product_brand":[],"product_cat":[1250,1152,1153,1252,1449,1159,1231,1263],"product_tag":[],"class_list":{"0":"post-43805","1":"product","2":"type-product","3":"status-publish","4":"has-post-thumbnail","6":"product_cat-juguetes-bienestar-juguetes-para-mujeresestimuladores","7":"product_cat-juguetes-bienestar","8":"product_cat-juguetes-bienestar-juguetes-para-mujeres","9":"product_cat-juguetes-bienestar-juguetes-para-mujeresestimuladoresmasajeadores","10":"product_cat-juguetes-bienestar-juguetes-para-mujeresestimuladoressuccionadores-con-vibracion","11":"product_cat-juguetes-bienestar-vibradores","12":"product_cat-juguetes-bienestar-vibradoresvibradores-punto-g","13":"product_cat-juguetes-bienestar-vibradoresvibradores-succionadores-ondas-presion","14":"yith_product_brand-womanizer","16":"first","17":"instock","18":"taxable","19":"shipping-taxable","20":"purchasable","21":"product-type-simple"},"_links":{"self":[{"href":"https:\/\/www.bananatreeshop.com\/pt\/wp-json\/wp\/v2\/product\/43805","targetHints":{"allow":["GET"]}}],"collection":[{"href":"https:\/\/www.bananatreeshop.com\/pt\/wp-json\/wp\/v2\/product"}],"about":[{"href":"https:\/\/www.bananatreeshop.com\/pt\/wp-json\/wp\/v2\/types\/product"}],"replies":[{"embeddable":true,"href":"https:\/\/www.bananatreeshop.com\/pt\/wp-json\/wp\/v2\/comments?post=43805"}],"wp:featuredmedia":[{"embeddable":true,"href":"https:\/\/www.bananatreeshop.com\/pt\/wp-json\/wp\/v2\/media\/93904"}],"wp:attachment":[{"href":"https:\/\/www.bananatreeshop.com\/pt\/wp-json\/wp\/v2\/media?parent=43805"}],"wp:term":[{"taxonomy":"product_brand","embeddable":true,"href":"https:\/\/www.bananatreeshop.com\/pt\/wp-json\/wp\/v2\/product_brand?post=43805"},{"taxonomy":"product_cat","embeddable":true,"href":"https:\/\/www.bananatreeshop.com\/pt\/wp-json\/wp\/v2\/product_cat?post=43805"},{"taxonomy":"product_tag","embeddable":true,"href":"https:\/\/www.bananatreeshop.com\/pt\/wp-json\/wp\/v2\/product_tag?post=43805"}],"curies":[{"name":"wp","href":"https:\/\/api.w.org\/{rel}","templated":true}]}}