{"id":43916,"date":"2025-07-10T18:01:36","date_gmt":"2025-07-10T18:01:36","guid":{"rendered":"https:\/\/www.bananatreeshop.com\/?post_type=product&#038;p=43916"},"modified":"2026-04-17T12:01:16","modified_gmt":"2026-04-17T12:01:16","slug":"lelo-dot-cruise-yellow-clitoris-stimulator","status":"publish","type":"product","link":"https:\/\/www.bananatreeshop.com\/pt\/produto\/lelo-dot-cruise-yellow-clitoris-stimulator\/","title":{"rendered":"LELO &#8211; DOT CRUISE ESTIMULADOR DE CL\u00cdTORIS AMARILLO"},"content":{"rendered":"<p>LELO DOT\u00a0Cruise es la versi\u00f3n mejorada de nuestro revolucionario estimulador de cl\u00edtoris preciso. Usa la tecnolog\u00eda Infinite Loop, que combina un movimiento el\u00edptico \u00fanico con la punta suave y flexible<br \/>del juguete para ofrecer una estimulaci\u00f3n sin igual y con absoluta precisi\u00f3n en el cl\u00edtoris y cualquier zona er\u00f3gena externa. Pero lo que diferencia a LELO DOT\u00a0Cruise de la generaci\u00f3n anterior es la introducci\u00f3n de la tecnolog\u00eda patentada Cruise Control. Gracias a ella, todas aquellas personas que quieran experimentar m\u00faltiples sensaciones pueden buscarlas usando los distintos modos de placer y su intensidad constante.<\/p>\n<p><strong>En qu\u00e9 consiste la tecnolog\u00eda Cruise Control?<\/strong><br \/>La tecnolog\u00eda Cruise Control, especialmente desarrollada por LELO, hace que cuando presiones el LELO DOT\u00a0Cruise con fuerza sobre tu cuerpo, la potencia no decaiga. Esto te permite disfrutar de una experiencia totalmente constante y sin complicaciones. No se trata de una configuraci\u00f3n m\u00e1s, sino que es totalmente autom\u00e1tico y acaba con las quejas m\u00e1s comunes sobre los productos para el placer.<\/p>\n<p><strong>8 POTENTES MODOS DE PLACER<\/strong><br \/>LELO DOT\u00a0Cruise ofrece ocho modos de vibraci\u00f3n con distintas intensidades que van de toques suaves a pulsos muy excitantes.<\/p>\n<p><strong>SILICONA ULTRASUAVE\u00a0<\/strong><br \/>Silicona ultrasuave de alta calidad y c\u00e1lida al tacto para disfrutar de un placer profundamente satisfactorio e higi\u00e9nico.<\/p>\n<p><strong>RECARGABLE POR USB Y COMPLETAMENTE SUMERGIBLE SEG\u00daN EL EST\u00c1NDAR IPX7<\/strong><br \/>Disfruta de cl\u00edmax ilimitados en cualquier momento y lugar, incluyendo el ba\u00f1o o la ducha.<br \/>\u00a0<\/p>\n<p><strong>CARACTER\u00cdSTICAS:<\/strong><\/p>\n<ul>\n<li>Materiales: silicona biocompatible y pl\u00e1stico ABS<\/li>\n<li>Acabado: suave<\/li>\n<li>Tama\u00f1o: 60 x 46 x 165 mm<\/li>\n<li>Peso: 98 g<\/li>\n<li>Bater\u00eda: bater\u00eda de iones de litio de 520 mAh 3.7 V<\/li>\n<li>Carga: hasta 2 h a 5.0 V 500 mA<\/li>\n<li>Potencia nominal:<\/li>\n<li>Entrada: 5 V 2.5 W<\/li>\n<li>Salida: 3.7 V 1 W<\/li>\n<li>Tiempo de uso: hasta 2 h<\/li>\n<li>En espera: hasta 90 d\u00edas<\/li>\n<li>Frecuencia: 133 Hz<\/li>\n<li>Nivel m\u00e1x. de ruido: 60 dB<\/li>\n<li>Interfaz: 3 botones<\/li>\n<\/ul>\n<p><strong>INSTRUCCIONES DE USO:<\/strong><\/p>\n<ul>\n<li>Antes del primer uso, carga tu LELO DOT\u00a0Cruise durante 2 horas.<\/li>\n<li>Es posible que la interfaz de tu LELO DOT\u00a0Cruise est\u00e9 bloqueada. Mant\u00e9n pulsados + y &#8211; durante 3 segundos.<\/li>\n<li>Mant\u00e9n pulsado el bot\u00f3n (()) para encenderlo.<\/li>\n<li>Pulsa el bot\u00f3n (()) para cambiar entre los 8 modos.<\/li>\n<li>Usa el bot\u00f3n + o &#8211; para aumentar o disminuir la intensidad.<\/li>\n<li>Mant\u00e9n pulsado el bot\u00f3n (()) para apagarlo<\/li>\n<\/ul>","protected":false},"excerpt":{"rendered":"<p>LELO &#8211; DOT CRUISE YELLOW CLITORIS STIMULATOR<\/p>","protected":false},"featured_media":64385,"comment_status":"open","ping_status":"closed","template":"","meta":{"_eb_attr":""},"product_brand":[],"product_cat":[1250,1152,1153,1260,1159,1259],"product_tag":[],"class_list":{"0":"post-43916","1":"product","2":"type-product","3":"status-publish","4":"has-post-thumbnail","6":"product_cat-juguetes-bienestar-juguetes-para-mujeresestimuladores","7":"product_cat-juguetes-bienestar","8":"product_cat-juguetes-bienestar-juguetes-para-mujeres","9":"product_cat-juguetes-bienestar-juguetes-para-mujeresestimuladorespara-clitoris","10":"product_cat-juguetes-bienestar-vibradores","11":"product_cat-juguetes-bienestar-vibradoresvibradores-lay-on-clitoris","12":"pa_color-amarillo","13":"pa_color-rosa","14":"pa_color-verde","15":"pa_talla-talla-1","16":"yith_product_brand-lelo","18":"first","19":"instock","20":"taxable","21":"shipping-taxable","22":"purchasable","23":"product-type-variable","24":"has-default-attributes"},"_links":{"self":[{"href":"https:\/\/www.bananatreeshop.com\/pt\/wp-json\/wp\/v2\/product\/43916","targetHints":{"allow":["GET"]}}],"collection":[{"href":"https:\/\/www.bananatreeshop.com\/pt\/wp-json\/wp\/v2\/product"}],"about":[{"href":"https:\/\/www.bananatreeshop.com\/pt\/wp-json\/wp\/v2\/types\/product"}],"replies":[{"embeddable":true,"href":"https:\/\/www.bananatreeshop.com\/pt\/wp-json\/wp\/v2\/comments?post=43916"}],"wp:featuredmedia":[{"embeddable":true,"href":"https:\/\/www.bananatreeshop.com\/pt\/wp-json\/wp\/v2\/media\/64385"}],"wp:attachment":[{"href":"https:\/\/www.bananatreeshop.com\/pt\/wp-json\/wp\/v2\/media?parent=43916"}],"wp:term":[{"taxonomy":"product_brand","embeddable":true,"href":"https:\/\/www.bananatreeshop.com\/pt\/wp-json\/wp\/v2\/product_brand?post=43916"},{"taxonomy":"product_cat","embeddable":true,"href":"https:\/\/www.bananatreeshop.com\/pt\/wp-json\/wp\/v2\/product_cat?post=43916"},{"taxonomy":"product_tag","embeddable":true,"href":"https:\/\/www.bananatreeshop.com\/pt\/wp-json\/wp\/v2\/product_tag?post=43916"}],"curies":[{"name":"wp","href":"https:\/\/api.w.org\/{rel}","templated":true}]}}