{"id":43921,"date":"2025-07-10T18:01:39","date_gmt":"2025-07-10T18:01:39","guid":{"rendered":"https:\/\/www.bananatreeshop.com\/?post_type=product&#038;p=43921"},"modified":"2026-04-17T12:01:31","modified_gmt":"2026-04-17T12:01:31","slug":"snail-vibe-curve-vibrator-pink","status":"publish","type":"product","link":"https:\/\/www.bananatreeshop.com\/pt\/produto\/snail-vibe-curve-vibrator-pink\/","title":{"rendered":"SNAIL VIBE &#8211; CURVE VIBRADOR NARANJA"},"content":{"rendered":"<p>Descubre el Snail Vibe Curve, que presenta una forma ergon\u00f3mica para la estimulaci\u00f3n del punto G, una cabeza texturizada para el cl\u00edtoris y un mango c\u00f3modo. Experimente la innovadora tecnolog\u00eda Slide&#8217;n&#8217;Roll que sincroniza los orgasmos vaginales y del cl\u00edtoris para un placer sin igual.<br \/>Con dos potentes motores y controles independientes, este vibrador de silicona ultrasuave y seguro para el cuerpo garantiza una satisfacci\u00f3n del 100 %. Equipado con carga inal\u00e1mbrica magn\u00e9tica y un dise\u00f1o a prueba de agua, es el compa\u00f1ero perfecto para jugar solo o en pareja.<\/p>\n<ul>\n<li>Material: silicona de grado m\u00e9dico segura para el cuerpo<\/li>\n<li>Motores: 2 motores independientes<\/li>\n<li>Modos: 5 velocidades, 5 modos, m\u00e1s de 600 combinaciones<\/li>\n<li>Controles: Pulsador<\/li>\n<li>Longitud insertable: 140 mm\/5,5&#8243; a 35 mm\/1,4&#8243;<\/li>\n<li>Ancho insertable: 35 mm\/1,4&#8243;<\/li>\n<li>Sonido: tranquilizadoramente silencioso <45db<\/li>\n<li>Uso: Aproximadamente 1 hora dependiendo del modo utilizado<\/li>\n<li>Carga: magn\u00e9tica inal\u00e1mbrica, aproximadamente 2 h para carga m\u00e1xima<\/li>\n<li>Potencia: bater\u00eda recargable de iones de litio<\/li>\n<li>Incluido en la caja: Snail Vibe Curve, funda protectora, cable magn\u00e9tico de carga, manual de instrucciones<\/li>\n<li>Instrucciones: Folleto en varios idiomas GB, FR, DE, IT, ES, PT, RU.<\/li>\n<\/ul>","protected":false},"excerpt":{"rendered":"<p>SNAIL VIBE &#8211; CURVE VIBRATOR PINK<\/p>","protected":false},"featured_media":64396,"comment_status":"open","ping_status":"closed","template":"","meta":{"_eb_attr":""},"product_brand":[],"product_cat":[1152,1153,1159,1251,1231],"product_tag":[],"class_list":{"0":"post-43921","1":"product","2":"type-product","3":"status-publish","4":"has-post-thumbnail","6":"product_cat-juguetes-bienestar","7":"product_cat-juguetes-bienestar-juguetes-para-mujeres","8":"product_cat-juguetes-bienestar-vibradores","9":"product_cat-juguetes-bienestar-vibradoresvibradores-hi-tech","10":"product_cat-juguetes-bienestar-vibradoresvibradores-punto-g","11":"pa_color-morado","12":"pa_color-naranja","13":"pa_color-rosa","14":"pa_talla-talla-1","15":"yith_product_brand-snail-vibe","17":"first","18":"instock","19":"taxable","20":"shipping-taxable","21":"purchasable","22":"product-type-variable","23":"has-default-attributes"},"_links":{"self":[{"href":"https:\/\/www.bananatreeshop.com\/pt\/wp-json\/wp\/v2\/product\/43921","targetHints":{"allow":["GET"]}}],"collection":[{"href":"https:\/\/www.bananatreeshop.com\/pt\/wp-json\/wp\/v2\/product"}],"about":[{"href":"https:\/\/www.bananatreeshop.com\/pt\/wp-json\/wp\/v2\/types\/product"}],"replies":[{"embeddable":true,"href":"https:\/\/www.bananatreeshop.com\/pt\/wp-json\/wp\/v2\/comments?post=43921"}],"wp:featuredmedia":[{"embeddable":true,"href":"https:\/\/www.bananatreeshop.com\/pt\/wp-json\/wp\/v2\/media\/64396"}],"wp:attachment":[{"href":"https:\/\/www.bananatreeshop.com\/pt\/wp-json\/wp\/v2\/media?parent=43921"}],"wp:term":[{"taxonomy":"product_brand","embeddable":true,"href":"https:\/\/www.bananatreeshop.com\/pt\/wp-json\/wp\/v2\/product_brand?post=43921"},{"taxonomy":"product_cat","embeddable":true,"href":"https:\/\/www.bananatreeshop.com\/pt\/wp-json\/wp\/v2\/product_cat?post=43921"},{"taxonomy":"product_tag","embeddable":true,"href":"https:\/\/www.bananatreeshop.com\/pt\/wp-json\/wp\/v2\/product_tag?post=43921"}],"curies":[{"name":"wp","href":"https:\/\/api.w.org\/{rel}","templated":true}]}}