{"id":43975,"date":"2025-07-13T10:00:17","date_gmt":"2025-07-13T10:00:17","guid":{"rendered":"https:\/\/www.bananatreeshop.com\/?post_type=product&#038;p=43975"},"modified":"2026-04-19T03:03:59","modified_gmt":"2026-04-19T03:03:59","slug":"je-joue-egon-plug-anal-vibrator-black","status":"publish","type":"product","link":"https:\/\/www.bananatreeshop.com\/pt\/produto\/je-joue-egon-plug-anal-vibrator-black\/","title":{"rendered":"JE JOUE &#8211; EGON PLUG ANAL VIBRADOR NEGRO"},"content":{"rendered":"<p>El vibrador de gl\u00fateos Egon est\u00e1 dise\u00f1ado para su experiencia multisensacional. El nombre, que significa fuerte con una espada, tiene poderosos bordes triangulares que brindan una sensaci\u00f3n m\u00e1s o menos intensa en el punto P o el punto G para el usuario. Su silicona suave como la seda y su gran estatura crear\u00e1n una sensaci\u00f3n de empoderamiento er\u00f3tico. Las poderosas vibraciones retumbantes de baja frecuencia penetrar\u00e1n en tus lugares de placer desde lo m\u00e1s profundo.<\/p>\n<ul>\n<li>Altura: 135 mm<\/li>\n<li>Ancho: 62,5 mm<\/li>\n<li>Profundidad: 33,7 mm<\/li>\n<li>Peso: 90,6 g<\/li>\n<\/ul>","protected":false},"excerpt":{"rendered":"<p>JE JOUE &#8211; EGON PLUG ANAL VIBRATOR BLACK<\/p>","protected":false},"featured_media":74003,"comment_status":"open","ping_status":"closed","template":"","meta":{"_eb_attr":""},"product_brand":[],"product_cat":[1355,258,1377,1159,1161],"product_tag":[],"class_list":{"0":"post-43975","1":"product","2":"type-product","3":"status-publish","4":"has-post-thumbnail","6":"product_cat-bdsm-bondage-articulos-bdsm","7":"product_cat-bdsm-bondage","8":"product_cat-bdsm-bondage-articulos-bdsmplug-anal-bdsm","9":"product_cat-juguetes-bienestar-vibradores","10":"product_cat-juguetes-bienestar-vibradoresvibradores-control-remoto","11":"yith_product_brand-je-joue","13":"first","14":"instock","15":"taxable","16":"shipping-taxable","17":"purchasable","18":"product-type-simple"},"_links":{"self":[{"href":"https:\/\/www.bananatreeshop.com\/pt\/wp-json\/wp\/v2\/product\/43975","targetHints":{"allow":["GET"]}}],"collection":[{"href":"https:\/\/www.bananatreeshop.com\/pt\/wp-json\/wp\/v2\/product"}],"about":[{"href":"https:\/\/www.bananatreeshop.com\/pt\/wp-json\/wp\/v2\/types\/product"}],"replies":[{"embeddable":true,"href":"https:\/\/www.bananatreeshop.com\/pt\/wp-json\/wp\/v2\/comments?post=43975"}],"wp:featuredmedia":[{"embeddable":true,"href":"https:\/\/www.bananatreeshop.com\/pt\/wp-json\/wp\/v2\/media\/74003"}],"wp:attachment":[{"href":"https:\/\/www.bananatreeshop.com\/pt\/wp-json\/wp\/v2\/media?parent=43975"}],"wp:term":[{"taxonomy":"product_brand","embeddable":true,"href":"https:\/\/www.bananatreeshop.com\/pt\/wp-json\/wp\/v2\/product_brand?post=43975"},{"taxonomy":"product_cat","embeddable":true,"href":"https:\/\/www.bananatreeshop.com\/pt\/wp-json\/wp\/v2\/product_cat?post=43975"},{"taxonomy":"product_tag","embeddable":true,"href":"https:\/\/www.bananatreeshop.com\/pt\/wp-json\/wp\/v2\/product_tag?post=43975"}],"curies":[{"name":"wp","href":"https:\/\/api.w.org\/{rel}","templated":true}]}}