{"id":43976,"date":"2025-07-13T10:00:19","date_gmt":"2025-07-13T10:00:19","guid":{"rendered":"https:\/\/www.bananatreeshop.com\/?post_type=product&#038;p=43976"},"modified":"2026-04-19T03:04:02","modified_gmt":"2026-04-19T03:04:02","slug":"je-joue-onyx-anal-plug-vibrator-black","status":"publish","type":"product","link":"https:\/\/www.bananatreeshop.com\/pt\/produto\/je-joue-onyx-anal-plug-vibrator-black\/","title":{"rendered":"JE JOUE &#8211; ONYX PLUG ANAL VIBRADOR NEGRO"},"content":{"rendered":"<p>El vibrador de gl\u00fateos Oynx est\u00e1 dise\u00f1ado para ofrecer una experiencia de satisfacci\u00f3n ponderada. Su nombre significa piedra preciosa negra, ha inspirado y los m\u00faltiples bordes en forma de gema, que brindan una sensacional sensaci\u00f3n de plenitud para el usuario. Su silicona suave como la seda y su gran estatura permitir\u00e1n un uso excepcionalmente placentero. Las poderosas vibraciones retumbantes de baja frecuencia penetrar\u00e1n en tus lugares de placer desde lo m\u00e1s profundo.<\/p>\n<ul>\n<li>Altura: 117 mm<\/li>\n<li>Ancho: 62,5 mm<\/li>\n<li>Profundidad: 30,5 mm<\/li>\n<li>Peso: 84,1 g<\/li>\n<\/ul>","protected":false},"excerpt":{"rendered":"<p>JE JOUE &#8211; ONYX ANAL PLUG VIBRATOR BLACK<\/p>","protected":false},"featured_media":74008,"comment_status":"open","ping_status":"closed","template":"","meta":{"_eb_attr":""},"product_brand":[],"product_cat":[1355,258,1377,1159,1161],"product_tag":[],"class_list":{"0":"post-43976","1":"product","2":"type-product","3":"status-publish","4":"has-post-thumbnail","6":"product_cat-bdsm-bondage-articulos-bdsm","7":"product_cat-bdsm-bondage","8":"product_cat-bdsm-bondage-articulos-bdsmplug-anal-bdsm","9":"product_cat-juguetes-bienestar-vibradores","10":"product_cat-juguetes-bienestar-vibradoresvibradores-control-remoto","11":"yith_product_brand-je-joue","13":"first","14":"instock","15":"taxable","16":"shipping-taxable","17":"purchasable","18":"product-type-simple"},"_links":{"self":[{"href":"https:\/\/www.bananatreeshop.com\/pt\/wp-json\/wp\/v2\/product\/43976","targetHints":{"allow":["GET"]}}],"collection":[{"href":"https:\/\/www.bananatreeshop.com\/pt\/wp-json\/wp\/v2\/product"}],"about":[{"href":"https:\/\/www.bananatreeshop.com\/pt\/wp-json\/wp\/v2\/types\/product"}],"replies":[{"embeddable":true,"href":"https:\/\/www.bananatreeshop.com\/pt\/wp-json\/wp\/v2\/comments?post=43976"}],"wp:featuredmedia":[{"embeddable":true,"href":"https:\/\/www.bananatreeshop.com\/pt\/wp-json\/wp\/v2\/media\/74008"}],"wp:attachment":[{"href":"https:\/\/www.bananatreeshop.com\/pt\/wp-json\/wp\/v2\/media?parent=43976"}],"wp:term":[{"taxonomy":"product_brand","embeddable":true,"href":"https:\/\/www.bananatreeshop.com\/pt\/wp-json\/wp\/v2\/product_brand?post=43976"},{"taxonomy":"product_cat","embeddable":true,"href":"https:\/\/www.bananatreeshop.com\/pt\/wp-json\/wp\/v2\/product_cat?post=43976"},{"taxonomy":"product_tag","embeddable":true,"href":"https:\/\/www.bananatreeshop.com\/pt\/wp-json\/wp\/v2\/product_tag?post=43976"}],"curies":[{"name":"wp","href":"https:\/\/api.w.org\/{rel}","templated":true}]}}