{"id":44490,"date":"2025-10-01T19:05:59","date_gmt":"2025-10-01T19:05:59","guid":{"rendered":"https:\/\/www.bananatreeshop.com\/?post_type=product&#038;p=44490"},"modified":"2026-04-04T06:02:02","modified_gmt":"2026-04-04T06:02:02","slug":"mia-amalfi-double-pleasure-stimulating-waves-up-and-down","status":"publish","type":"product","link":"https:\/\/www.bananatreeshop.com\/pt\/produto\/mia-amalfi-double-pleasure-stimulating-waves-up-and-down\/","title":{"rendered":"MIA &#8211; AMALFI DOBLE PLEASURE SUCCIONADOR + UP AND DOWN"},"content":{"rendered":"<p>Las mujeres durante la menopausia empiezan a experimentan alteraciones como son la aparici\u00f3n de sofocos, sudoraci\u00f3n y problemas para dormir debido a los cambios hormonales asociados a esta etapa, como son la reducci\u00f3n de la producci\u00f3n de estr\u00f3genos y progesterona.<\/p>\n<p>La disminuci\u00f3n hormonal conlleva una disminuci\u00f3n del flujo sangu\u00edneo de la zona p\u00e9lvica y, en consecuencia, originar\u00e1 sequedad vaginal, se disminuye la elasticidad y ello puede provocar molestias e irritaci\u00f3n durante los juegos y las relaciones sexuales.<\/p>\n<p>La menopausia no debe tener como consecuencia la reducci\u00f3n de la actividad sexual, ni por supuesto, la disminuci\u00f3n del placer. A su juicio, las creencias que asocian el cese de la menstruaci\u00f3n con el fin de las relaciones sexuales de la mujer solo \u201cson ejemplos de un imaginario colectivo lleno de errores y perjuicios.<\/p>\n<p>La nueva gama de \u00a0juguetes sexuales MIA y, en concreto, la gama de vibradores y estimuladores de cl\u00edtoris que tan popular se ha hecho en los \u00faltimos a\u00f1os, pueden ser unos aliados para las mujeres durante la menopausia. La estimulaci\u00f3n de la zona genital y del propio cl\u00edtoris supone aumentar la lubricaci\u00f3n vaginal, muy \u00fatil ante la sequedad que supone la ca\u00edda hormonal asociada a la menopausia\u201d.<\/p>\n<p>Otro punto positivo sobre la utilizaci\u00f3n de juguetes sexuales como los estimuladores de cl\u00edtoris es que la estimulaci\u00f3n consigue hacer la mujer m\u00e1s consciente de su propio cuerpo. La \u00fanica manera en la que puedes tener una sexualidad plena es tomar conciencia sobre nuestro propio cuerpo, deseos y necesidades. Y muchas pueden volver a conectar con su capacidad para disfrutar a trav\u00e9s de un juguete sexual.<\/p>\n<p>Pero que me puede aportar MIA DOBLE PLEASURE WAND?<\/p>\n<p>Espejito, espejito en la pared, por qu\u00e9 estoy tan tensa? Tu nuevo masajeador de MIA DOBLE PLEASURE WAND puede ayudarte: \u00a1por fin alguien que no se queja cuando quieres un masaje largo! Con un impresionante tama\u00f1o y mucho poder detr\u00e1s de la tentadora cabeza de silicona, MIA DOBLE PLEASURE WAND resuelve todos los problemas y tensiones, pero por supuesto tambi\u00e9n cualquier deseo de orgasmo.<\/p>\n<p>RELAJACI\u00d3N EMOCIONANTE<\/p>\n<p>El eje del masajeador est\u00e1 hecho de silicona m\u00e9dica, que es particularmente suave y delicada con la piel. Adem\u00e1s, su cabeza redondeada alcanza h\u00e1bilmente todas las partes del cuerpo que anhelan la relajaci\u00f3n. Relajarse solo o lo m\u00e1s destacado de una sesi\u00f3n rom\u00e1ntica de bienestar para dos? MIA DOUBLE PLEASURE WAND es bueno en cualquier situaci\u00f3n gracias a su magia relajante: lo que comienza como un masaje estimulante puede convertirse r\u00e1pidamente en un seductor juego previo&#8230;<\/p>\n<p>AHORA HABLEMOS DEL MASAJEDOR ANAL<\/p>\n<p>Te gustan los juegos calientes con anales? Entonces has venido al lugar correcto, porque este amante burbujeante siente lo mismo: fue hecho para descubrir tu pa\u00eds de las maravillas anal con sus curvas hormigueantes. Potente motor de placer rectal con vibraciones profundas y placenteras. Se asientan en el eje y en la base, el vibrador anal sube y baja autom\u00e1ticamente! \u00a0Las vibraciones se pueden controlar c\u00f3modamente a trav\u00e9s del bot\u00f3n TOUCH de MIA.<\/p>\n<p>Con su punta peque\u00f1a y redondeada y la superficie flexible de silicona suave, se desliza dentro de ti con especial elegancia. Incluso para los reci\u00e9n llegados al juego anal, esta entrada es agradablemente suave.<\/p>\n<p>DALE PODER!<\/p>\n<p>Su MIA DOUBLE PLEASURE WAND\u00a0est\u00e1 equipado con bater\u00edas integradas y, por lo tanto, es recargable y respetuoso con el medio ambiente. El cable de carga USB incluido se puede complementar con un enchufe de red est\u00e1ndar de 5V si es necesario.<\/p>\n<p>M\u00c1S DIVERSI\u00d3N CON LUBRICANTE<\/p>\n<p>Para obtener el m\u00e1ximo placer suave, use siempre su estimulador para el cl\u00edtoris o vibrador anal \u00a0con uno de los lubricantes a base de agua Waterfeel que se adaptan idealmente al producto. Esto har\u00e1 que su experiencia sea alegremente intensa y le dar\u00e1 un factor de variedad adicional. Est\u00e1n disponibles en versiones cl\u00e1sica, sedosa y c\u00e1lida. La composici\u00f3n vegana a base de agua protege el material y mantiene la superficie mate sedosa de su amuleto agradable y flexible.<\/p>\n<p>MATERIALES Y CUIDADOS<\/p>\n<p>La silicona MIA cuenta con silicona 100%\u00a0 libre de phalatos , incre\u00edblemente flexible. Resistente al agua (IPX6) y combinado con un pr\u00e1ctico mando ergon\u00f3mico hecho del mismo material, los juguetes de MIA son f\u00e1ciles de limpiar y se mantienen higi\u00e9nicos durante mucho tiempo. El material flexible es maravillosamente resbaladizo y r\u00e1pidamente toma la temperatura corporal. Su vibrador se puede limpiar r\u00e1pida y f\u00e1cilmente con un poco de jab\u00f3n y agua tibia. Para finalizar garantiza una higiene exhaustiva con unas pocas pulverizaciones de limpiador desinfectante para juguetes.<\/p>\n<p>Disfruta de tu juguete tanto como nosotros hemos disfrutado fabric\u00e1ndolo para ti.<\/p>\n<p>LA MARCA MIA<\/p>\n<p>MIA &#8211; \u00a1mucho m\u00e1s que una marca Europea! Todo comenz\u00f3 con la estimulaci\u00f3n a trav\u00e9s de motores innovadores y materiales \u00fanicos. La marca de bienestar sexual l\u00edder en el mundo ahora enriquece la vida amorosa de m\u00e1s de 200.000 mil de mujeres, hombres y parejas en m\u00e1s de 100 pa\u00edses con una exclusiva gama de productos de \u00faltima generaci\u00f3n. Con caracter\u00edsticas de calidad como silicona de alta calidad, garant\u00eda de 5 a\u00f1os, totalmente prueba de agua (IPX7) y motores potentes, la exitosa marca Europea siempre tiene cuidado de combinar tecnolog\u00eda con un dise\u00f1o excepcional en sus productos.\u00a0 Un producto ensamblado en Espa\u00f1a con m\u00e1xima calidad Europea.<\/p>","protected":false},"excerpt":{"rendered":"<p>MIA &#8211; AMALFI DOUBLE PLEASURE SUCTION + UP AND DOWN<\/p>","protected":false},"featured_media":93929,"comment_status":"open","ping_status":"closed","template":"","meta":{"_eb_attr":""},"product_brand":[],"product_cat":[1250,1152,1153,1260,1449,1262,1159,1263],"product_tag":[],"class_list":{"0":"post-44490","1":"product","2":"type-product","3":"status-publish","4":"has-post-thumbnail","6":"product_cat-juguetes-bienestar-juguetes-para-mujeresestimuladores","7":"product_cat-juguetes-bienestar","8":"product_cat-juguetes-bienestar-juguetes-para-mujeres","9":"product_cat-juguetes-bienestar-juguetes-para-mujeresestimuladorespara-clitoris","10":"product_cat-juguetes-bienestar-juguetes-para-mujeresestimuladoressuccionadores-con-vibracion","11":"product_cat-juguetes-bienestar-juguetes-para-mujeresestimuladoressuccionadores-sin-vibracion","12":"product_cat-juguetes-bienestar-vibradores","13":"product_cat-juguetes-bienestar-vibradoresvibradores-succionadores-ondas-presion","14":"yith_product_brand-mia","16":"first","17":"instock","18":"taxable","19":"shipping-taxable","20":"purchasable","21":"product-type-simple"},"_links":{"self":[{"href":"https:\/\/www.bananatreeshop.com\/pt\/wp-json\/wp\/v2\/product\/44490","targetHints":{"allow":["GET"]}}],"collection":[{"href":"https:\/\/www.bananatreeshop.com\/pt\/wp-json\/wp\/v2\/product"}],"about":[{"href":"https:\/\/www.bananatreeshop.com\/pt\/wp-json\/wp\/v2\/types\/product"}],"replies":[{"embeddable":true,"href":"https:\/\/www.bananatreeshop.com\/pt\/wp-json\/wp\/v2\/comments?post=44490"}],"wp:featuredmedia":[{"embeddable":true,"href":"https:\/\/www.bananatreeshop.com\/pt\/wp-json\/wp\/v2\/media\/93929"}],"wp:attachment":[{"href":"https:\/\/www.bananatreeshop.com\/pt\/wp-json\/wp\/v2\/media?parent=44490"}],"wp:term":[{"taxonomy":"product_brand","embeddable":true,"href":"https:\/\/www.bananatreeshop.com\/pt\/wp-json\/wp\/v2\/product_brand?post=44490"},{"taxonomy":"product_cat","embeddable":true,"href":"https:\/\/www.bananatreeshop.com\/pt\/wp-json\/wp\/v2\/product_cat?post=44490"},{"taxonomy":"product_tag","embeddable":true,"href":"https:\/\/www.bananatreeshop.com\/pt\/wp-json\/wp\/v2\/product_tag?post=44490"}],"curies":[{"name":"wp","href":"https:\/\/api.w.org\/{rel}","templated":true}]}}