{"id":44858,"date":"2025-07-15T21:01:43","date_gmt":"2025-07-15T21:01:43","guid":{"rendered":"https:\/\/www.bananatreeshop.com\/?post_type=product&#038;p=44858"},"modified":"2026-04-06T12:02:44","modified_gmt":"2026-04-06T12:02:44","slug":"passion-s029-black-tights-with-garter-one-size","status":"publish","type":"product","link":"https:\/\/www.bananatreeshop.com\/pt\/produto\/passion-s029-black-tights-with-garter-one-size\/","title":{"rendered":"PASSION &#8211; S029 MEDIAS CON LIGUERO NEGRO TALLA \u00daNICA"},"content":{"rendered":"<p>Las medias con abertura de la reconocida marca <strong>PASSION <\/strong>son una elecci\u00f3n elegante y seductora para cualquier ocasi\u00f3n especial. Estas medias est\u00e1n dise\u00f1adas para adaptarse al cuerpo en talla \u00fanica, brindando comodidad y un ajuste perfecto. El estampado que las adorna es verdaderamente hermoso, a\u00f1adiendo un toque de sofisticaci\u00f3n a tu estilo.<\/p>\n<p>Adem\u00e1s, est\u00e1n confeccionadas con un material resistente de alta calidad que garantiza durabilidad y resistencia en el tiempo.<\/p>\n<p>Con las medias con abertura <strong>PASSION<\/strong>, te sentir\u00e1s confiada, sensual y lista para destacar en cualquier situaci\u00f3n.<\/p>\n<p>Abrir una caja de Passion es una experiencia Luxury, con doble caja para garantizar la seguridad de\u00a0una experiencia \u00fanica.\u00a0Pensado y dise\u00f1ado para la mujer actual y dinamica.<\/p>\n<p><strong>Passion\u00a0<\/strong>es lenceria fabricada en la Union Europea con estrictos controles de calidad, cuidando el maximo detalle tanto en la fabricacion como en sus elementos decorativos, pensado para el mundo actual, personas dinamicas con ganas de innovar y sentirse siempre al dia.<\/p>\n<p><u><strong>Caracteristicas:<\/strong><\/u><\/p>\n<ul>\n<li>El producto no provoca alergias<\/li>\n<li>No se decolora<\/li>\n<li>No ti\u00f1e al lavarse<\/li>\n<li>Material: 80% PA, 20% EA.<\/li>\n<li>Tallas \u00fan\u00edca<\/li>\n<li>Composicion del conjunto: Medias.<\/li>\n<li>Disponible en\u00a0color: Negro, rojo y blanco\u00a0 \u00a0<\/li>\n<\/ul>","protected":false},"excerpt":{"rendered":"<p>PASSION &#8211; S029 BLACK TIGHTS WITH GARTER ONE SIZE<\/p>","protected":false},"featured_media":81318,"comment_status":"open","ping_status":"closed","template":"","meta":{"_eb_attr":""},"product_brand":[],"product_cat":[1225,1386,1226,1401,1191],"product_tag":[],"class_list":{"0":"post-44858","1":"product","2":"type-product","3":"status-publish","4":"has-post-thumbnail","6":"product_cat-moda-lencerialenceria-mujer","7":"product_cat-moda-lencerialenceria-mujerlenceria-picante","8":"product_cat-moda-lencerialenceria-mujerlenceria-sexy","9":"product_cat-moda-lencerialenceria-mujerlenceria-picantemedias-con-liguero","10":"product_cat-moda-lenceria","11":"pa_color-blanco","12":"pa_color-negro","13":"pa_color-rojo","14":"pa_talla-talla-1","15":"yith_product_brand-passion","16":"yith_product_brand-passionpassion-woman","17":"yith_product_brand-passionpassion-womanpassion-woman-garter-stock","19":"first","20":"outofstock","21":"taxable","22":"shipping-taxable","23":"purchasable","24":"product-type-variable","25":"has-default-attributes"},"_links":{"self":[{"href":"https:\/\/www.bananatreeshop.com\/pt\/wp-json\/wp\/v2\/product\/44858","targetHints":{"allow":["GET"]}}],"collection":[{"href":"https:\/\/www.bananatreeshop.com\/pt\/wp-json\/wp\/v2\/product"}],"about":[{"href":"https:\/\/www.bananatreeshop.com\/pt\/wp-json\/wp\/v2\/types\/product"}],"replies":[{"embeddable":true,"href":"https:\/\/www.bananatreeshop.com\/pt\/wp-json\/wp\/v2\/comments?post=44858"}],"wp:featuredmedia":[{"embeddable":true,"href":"https:\/\/www.bananatreeshop.com\/pt\/wp-json\/wp\/v2\/media\/81318"}],"wp:attachment":[{"href":"https:\/\/www.bananatreeshop.com\/pt\/wp-json\/wp\/v2\/media?parent=44858"}],"wp:term":[{"taxonomy":"product_brand","embeddable":true,"href":"https:\/\/www.bananatreeshop.com\/pt\/wp-json\/wp\/v2\/product_brand?post=44858"},{"taxonomy":"product_cat","embeddable":true,"href":"https:\/\/www.bananatreeshop.com\/pt\/wp-json\/wp\/v2\/product_cat?post=44858"},{"taxonomy":"product_tag","embeddable":true,"href":"https:\/\/www.bananatreeshop.com\/pt\/wp-json\/wp\/v2\/product_tag?post=44858"}],"curies":[{"name":"wp","href":"https:\/\/api.w.org\/{rel}","templated":true}]}}