{"id":44912,"date":"2025-07-17T01:01:52","date_gmt":"2025-07-17T01:01:52","guid":{"rendered":"https:\/\/www.bananatreeshop.com\/?post_type=product&#038;p=44912"},"modified":"2026-04-04T01:03:55","modified_gmt":"2026-04-04T01:03:55","slug":"lelo-soraya-beads-violet-anal-massager","status":"publish","type":"product","link":"https:\/\/www.bananatreeshop.com\/pt\/produto\/lelo-soraya-beads-violet-anal-massager\/","title":{"rendered":"LELO &#8211; SORAYA BEADS MASAJEADOR ANAL VIOLETA"},"content":{"rendered":"<p><strong>SORAYA Beads\u2122<\/strong> es un masajeador anal de g\u00e9nero neutro con cuentas\u00a0dise\u00f1ado para aquellas personas que est\u00e9n empezando a explorar el juego anal. Su exclusivo dise\u00f1o en cascada ha sido dise\u00f1ado para estimular las terminaciones nerviosas sensibles que se encuentran tanto en el interior como alrededor del ano para que disfrutes de un nuevo tipo de sensaci\u00f3n org\u00e1smica que empiza con la cuenta m\u00f1as peque\u00f1a y sigue con otras tres que aumentan de tama\u00f1o de forma progresiva. Todo esto es posible gracias a la innovadora tecnolog\u00eda Bow-Motion\u2122 inspirada en los expertos movimientos de los violinistas. Todas las cuentas trabajan en armon\u00eda para que sientas una sensaci\u00f3n de empuje sin que exista dicho movimiento.<\/p>\n<p>\u00a0<\/p>\n<p>Gracias a su dise\u00f1o en cascada, la tecnolog\u00eda Bow-Motion\u2122 con la que cuenta<strong> SORAYA Beads\u2122<\/strong> te permite disfrutar de un juego anal delicado y placentero como no lo hace ning\u00fan otro dispositivo. Las vibraciones se propagan de manera uniforme por toda la cola insertable y pasan a tu cuerpo a trav\u00e9s de cada cuenta. De esta forma, no se pierde la intensidad y podr\u00e1s disfrutar de una sensaci\u00f3n placentera que lo abarca todo. Para sentir placer durante el juego anal, hay que estimular el punto A o el punto P a trav\u00e9s de una pared que comparten en el canal anal. Tanto si lo usas a solas como si lo haces con otra persona, <strong>SORAYA Beads\u2122<\/strong> te har\u00e1 sentir una sensaci\u00f3n abrumadora conforme vayas insertando las cuentas, que se ir\u00e1n moviendo y rozar\u00e1n suavemente estas zonas de placer.<\/p>\n<p>\u00a0<\/p>\n<p><u><strong>CARACTER\u00cdSTICAS<\/strong><\/u>:<\/p>\n<ul>\n<li>Materiales: silicona biocompatible y pl\u00e1stico ABS<\/li>\n<li>Acabado: suave<\/li>\n<li>Tama\u00f1o: 234 x 59 x 46 mm<\/li>\n<li>Peso: 145 g<\/li>\n<li>Bater\u00eda: bater\u00eda de iones de litio de 520 mAh 3.7 V<\/li>\n<li>Carga: hasta 2 horas a 5.0 V 500 mA<\/li>\n<li>Potencia nominal: \u2022 Entrada: 5 V 2.5 W \u2022 Salida: 3.7 V 1.2 W<\/li>\n<li>Tiempo de uso: hasta 2 horas<\/li>\n<li>En espera: 90 d\u00edas<\/li>\n<li>Frecuencia: 130, 103 y 130 Hz<\/li>\n<li>Nivel m\u00e1x. de ruido: < 60 dB<\/li>\n<li>Interfaz: 3 botones<\/li>\n<\/ul>\n<p>\u00a0<\/p>\n<p><u><strong>POR QU\u00c9 LES VA A ENCANTAR A TUS CLIENTES<\/strong><\/u><\/p>\n<ol>\n<li><strong>DISE\u00d1O DE PLACER EN CASCADA<\/strong> : Un nuevo dise\u00f1o en nuestra cartera de productos con 4 cuentas que aumentan de tama\u00f1o de forma progresiva para que disfrutes de la m\u00e1xima comodidad al explorar el placer anal.<\/li>\n<li><strong>TECNOLOG\u00cdA \u00a0BOW-MOTION\u2122<\/strong> : Su innovadora tecnolog\u00eda \u00a0Bow-Motion\u2122 te ofrece potentes vibraciones que resuenan en tu interior con cada una de sus cuentas.<\/li>\n<li><strong>OCHO POTENTES MODOS DE PLACER<\/strong>:\u00a0<strong>SORAYA Beads\u2122\u00a0<\/strong>te ofrece 8 modos diferentes para que experimentes y explores.<\/li>\n<li><strong>G\u00c9NERO NEUTRO<\/strong>:\u00a0(estimulaci\u00f3n de los puntos A y P)\u00a0<strong>SORAYA Beads\u2122<\/strong> permite a todo el mundo un f\u00e1cil acceso al placer anal gracias a la proximidad entre la pared vaginal y el ano. Da igual si es el punto A (que se encuentra ligeramente por detr\u00e1s del punto G) de la mujer o el punto P en el caso del hombre, la diversi\u00f3n est\u00e1 garantizada.<\/li>\n<\/ol>\n<p>\u00a0<\/p>\n<p><u><strong>INSTRUCCIONES DE USO:<\/strong><\/u><\/p>\n<ul>\n<li>Aseg\u00farate de que tu <strong>SORAYA Beads\u2122<\/strong> est\u00e1 desbloqueado manteniendo pulsados a la vez los botones + y  durante 3 segundos hasta que la luz se encienda.<\/li>\n<li>Antes de encender el aparato, coloca el extremo de la parte insertable en su sitio (no demasiado profundo).<\/li>\n<li>Pulsa brevemente el bot\u00f3n + o ( ) para encenderlo y pulsa de nuevo el bot\u00f3n + para aumentar la potencia de la vibraci\u00f3n.<\/li>\n<li>Pulsa el bot\u00f3n ( ) para cambiar entre sus 8 modos de vibraci\u00f3n.<\/li>\n<li>Pulsa el bot\u00f3n  para reducir la intensidad de la vibraci\u00f3n.<\/li>\n<li>Mant\u00e9n pulsado el bot\u00f3n ( ) o los botones + y  a la vez para apagarlo.<\/li>\n<\/ul>\n<p>\u00a0<\/p>","protected":false},"excerpt":{"rendered":"<p>LELO &#8211; SORAYA BEADS VIOLET ANAL MASSAGER<\/p>","protected":false},"featured_media":84814,"comment_status":"open","ping_status":"closed","template":"","meta":{"_eb_attr":""},"product_brand":[],"product_cat":[1157,1438,1152,1153,1159,1245,1232],"product_tag":[],"class_list":{"0":"post-44912","1":"product","2":"type-product","3":"status-publish","4":"has-post-thumbnail","6":"product_cat-juguetes-bienestar-anal","7":"product_cat-juguetes-bienestar-analbolas-anales","8":"product_cat-juguetes-bienestar","9":"product_cat-juguetes-bienestar-juguetes-para-mujeres","10":"product_cat-juguetes-bienestar-vibradores","11":"product_cat-juguetes-bienestar-analvibradores-anales","12":"product_cat-juguetes-bienestar-vibradoresvibradores-clasicos-anales-o-vaginales","13":"pa_color-lila","14":"pa_color-negro","15":"pa_talla-one-size","16":"yith_product_brand-lelo","18":"first","19":"instock","20":"taxable","21":"shipping-taxable","22":"purchasable","23":"product-type-variable","24":"has-default-attributes"},"_links":{"self":[{"href":"https:\/\/www.bananatreeshop.com\/pt\/wp-json\/wp\/v2\/product\/44912","targetHints":{"allow":["GET"]}}],"collection":[{"href":"https:\/\/www.bananatreeshop.com\/pt\/wp-json\/wp\/v2\/product"}],"about":[{"href":"https:\/\/www.bananatreeshop.com\/pt\/wp-json\/wp\/v2\/types\/product"}],"replies":[{"embeddable":true,"href":"https:\/\/www.bananatreeshop.com\/pt\/wp-json\/wp\/v2\/comments?post=44912"}],"wp:featuredmedia":[{"embeddable":true,"href":"https:\/\/www.bananatreeshop.com\/pt\/wp-json\/wp\/v2\/media\/84814"}],"wp:attachment":[{"href":"https:\/\/www.bananatreeshop.com\/pt\/wp-json\/wp\/v2\/media?parent=44912"}],"wp:term":[{"taxonomy":"product_brand","embeddable":true,"href":"https:\/\/www.bananatreeshop.com\/pt\/wp-json\/wp\/v2\/product_brand?post=44912"},{"taxonomy":"product_cat","embeddable":true,"href":"https:\/\/www.bananatreeshop.com\/pt\/wp-json\/wp\/v2\/product_cat?post=44912"},{"taxonomy":"product_tag","embeddable":true,"href":"https:\/\/www.bananatreeshop.com\/pt\/wp-json\/wp\/v2\/product_tag?post=44912"}],"curies":[{"name":"wp","href":"https:\/\/api.w.org\/{rel}","templated":true}]}}