{"id":45032,"date":"2025-07-13T10:00:59","date_gmt":"2025-07-13T10:00:59","guid":{"rendered":"https:\/\/www.bananatreeshop.com\/?post_type=product&#038;p=45032"},"modified":"2026-04-19T04:00:29","modified_gmt":"2026-04-19T04:00:29","slug":"anal-fantasy-elite-collection-ass-gasm-cockring-vibrator-plug","status":"publish","type":"product","link":"https:\/\/www.bananatreeshop.com\/pt\/produto\/anal-fantasy-elite-collection-ass-gasm-cockring-vibrator-plug\/","title":{"rendered":"ANAL FANTASY ELITE COLLECTION &#8211; PLUG VIBRADOR ASS-GASM COCKRING"},"content":{"rendered":"<p>\u00a1Nuestro <strong>Ass-Gasm Cockring<\/strong> m\u00e1s vendido ahora est\u00e1 disponible como una potente versi\u00f3n vibratoria! Disfruta de las eyaculaciones m\u00e1s explosivas jam\u00e1s vistas con el <strong>Plug Vibrador Ass-Gasm Cockring.<\/strong><\/p>\n<p>Hecho completamente de nuestra silicona Elite, suave como la seda, este plug port\u00e1til tambi\u00e9n funciona como un anillo para el pene que mejora el rendimiento, lo que permite al usuario prolongar la eyaculaci\u00f3n y extender la diversi\u00f3n mientras disfruta de una incre\u00edble estimulaci\u00f3n de la pr\u00f3stata.\u00a0\u00a1La clave para el juego anal es tom\u00e1rselo con calma!\u00a0Intentar la penetraci\u00f3n anal antes de estar adecuadamente excitado puede ser desagradable, as\u00ed que rel\u00e1jate para disfrutar de la experiencia.<\/p>\n<p>Jugar con los dedos es una excelente manera de relajar el ano.\u00a0El ano y el recto no tienen un sistema de lubricaci\u00f3n natural como la vagina, as\u00ed que use abundante lubricante anal Moist\u00ae para reducir la fricci\u00f3n y aumentar el placer.\u00a0Con el <strong>Ass-Gasm<\/strong> en tu trasero y el anillo ajustado alrededor de tu pene, \u00a1te mantendr\u00e1s m\u00e1s duro y fuerte que nunca!\u00a0\u00a1El anillo de silicona s\u00faper el\u00e1stico presiona las decepciones de rendimiento, manteniendo erecciones firmes que duran y duran!\u00a0<\/p>\n<p>La cabeza redonda y suave facilita la entrada y la recuperaci\u00f3n, mientras que el eje delgado y c\u00f3nico garantiza que el tap\u00f3n permanezca en su lugar entre las mejillas cuando la acci\u00f3n se intensifica.\u00a0\u00a1Coloca el anillo alrededor de la base de tu pene y pelotas y \u00fasalo todo el d\u00eda para una diversi\u00f3n duradera y eyaculaciones enormes y poderosas!\u00a0Con solo presionar un bot\u00f3n, la poderosa bala genera vibraciones incre\u00edbles justo donde m\u00e1s las deseas.<\/p>\n<p>\u00a1Pru\u00e9balo en la ducha o en el spa para convertir la hora del ba\u00f1o en un momento de placer!\u00a0Nuestra silicona Elite ultrahigi\u00e9nica es s\u00faper flexible.\u00a0La limpieza es muy f\u00e1cil despu\u00e9s de la diversi\u00f3n con Refresh\u00ae Toy Cleaner y agua tibia.<\/p>\n<p><u><strong>ESPECIFICACIONES:<\/strong><\/u><\/p>\n<ul>\n<li><strong>Largo total: <\/strong>15 cm &#8211; 6 inch<\/li>\n<li><strong>Diametro<\/strong>: 4 cm<\/li>\n<li><strong>Longitud insertable:<\/strong> 8.9 cm<\/li>\n<li><strong>Resistencia al agua<\/strong>: Impermeable<\/li>\n<li><strong>Material:<\/strong> Silicona  ABS<\/li>\n<li><strong>Baterias: <\/strong>AAA<\/li>\n<li><strong>Cantidad de bateria<\/strong>: 1<\/li>\n<li><strong>Baterias incluidas<\/strong>: No<\/li>\n<\/ul>\n<p>\u00a0<\/p>\n<p>Durante los \u00faltimos 20 a\u00f1os, <strong>Pipedream Products<\/strong> ha creado y desarrollado algunos de los productos novedosos m\u00e1s vendidos del mundo.\u00a0Entre estos productos se encuentran juguetes y vibraciones realistas, pero tambi\u00e9n una amplia gama de gags, lociones, art\u00edculos fetichistas y regalos. Pipedream\u00a0es una marca Americana fundada en 1973, que no necesita muchas presentaciones, con m\u00e1s de 40 a\u00f1os en el sector de los juguetes er\u00f3ticos, en la actualidad es el mayor fabricante de productos er\u00f3ticos del mundo, ocupando no solo el primer lugar en fabricaci\u00f3n sino tambien en ventas, con sede en California. Pioneros en comercializar productos de BDSM, de hecho son la marca n1 en ventas de productos para la iniciaci\u00f3n al Bondage. Pipedream engloba m\u00e1s de 35 marcas er\u00f3ticas y acumula m\u00e1s de 70 premios por su calidad e innovaci\u00f3n.<\/p>","protected":false},"excerpt":{"rendered":"<p>ANAL FANTASY ELITE COLLECTION &#8211; ASS-GASM COCKRING VIBRATOR PLUG<\/p>","protected":false},"featured_media":74076,"comment_status":"open","ping_status":"closed","template":"","meta":{"_eb_attr":""},"product_brand":[],"product_cat":[1355,258,1377,1159],"product_tag":[],"class_list":{"0":"post-45032","1":"product","2":"type-product","3":"status-publish","4":"has-post-thumbnail","6":"product_cat-bdsm-bondage-articulos-bdsm","7":"product_cat-bdsm-bondage","8":"product_cat-bdsm-bondage-articulos-bdsmplug-anal-bdsm","9":"product_cat-juguetes-bienestar-vibradores","10":"yith_product_brand-pipedreamsanal-fantasy-elite-collection","11":"yith_product_brand-pipedreams","13":"first","14":"instock","15":"taxable","16":"shipping-taxable","17":"purchasable","18":"product-type-simple"},"_links":{"self":[{"href":"https:\/\/www.bananatreeshop.com\/pt\/wp-json\/wp\/v2\/product\/45032","targetHints":{"allow":["GET"]}}],"collection":[{"href":"https:\/\/www.bananatreeshop.com\/pt\/wp-json\/wp\/v2\/product"}],"about":[{"href":"https:\/\/www.bananatreeshop.com\/pt\/wp-json\/wp\/v2\/types\/product"}],"replies":[{"embeddable":true,"href":"https:\/\/www.bananatreeshop.com\/pt\/wp-json\/wp\/v2\/comments?post=45032"}],"wp:featuredmedia":[{"embeddable":true,"href":"https:\/\/www.bananatreeshop.com\/pt\/wp-json\/wp\/v2\/media\/74076"}],"wp:attachment":[{"href":"https:\/\/www.bananatreeshop.com\/pt\/wp-json\/wp\/v2\/media?parent=45032"}],"wp:term":[{"taxonomy":"product_brand","embeddable":true,"href":"https:\/\/www.bananatreeshop.com\/pt\/wp-json\/wp\/v2\/product_brand?post=45032"},{"taxonomy":"product_cat","embeddable":true,"href":"https:\/\/www.bananatreeshop.com\/pt\/wp-json\/wp\/v2\/product_cat?post=45032"},{"taxonomy":"product_tag","embeddable":true,"href":"https:\/\/www.bananatreeshop.com\/pt\/wp-json\/wp\/v2\/product_tag?post=45032"}],"curies":[{"name":"wp","href":"https:\/\/api.w.org\/{rel}","templated":true}]}}