{"id":45044,"date":"2025-07-09T18:01:56","date_gmt":"2025-07-09T18:01:56","guid":{"rendered":"https:\/\/www.bananatreeshop.com\/?post_type=product&#038;p=45044"},"modified":"2026-04-15T20:23:55","modified_gmt":"2026-04-15T20:23:55","slug":"fetish-fantasy-series-adjustable-harness-realistic-penis-with-balls-squirting-19-cm","status":"publish","type":"product","link":"https:\/\/www.bananatreeshop.com\/pt\/produto\/fetish-fantasy-series-adjustable-harness-realistic-penis-with-balls-squirting-19-cm\/","title":{"rendered":"FETISH FANTASY SERIES &#8211; ARN\u00c9S AJUSTABLE PENE REAL\u00cdSTICO CON TEST\u00cdCULOS SQUIRTING 19 CM"},"content":{"rendered":"<p>Ahora puedes crear la sensaci\u00f3n de un pene eyaculando y sentirte m\u00e1s seguro de tu tama\u00f1o.\u00a0Disfrute de un sexo satisfactorio con su pareja el tiempo suficiente para que ambos alcancen el orgasmo con este squirter ultrarrealista.<\/p>\n<p>\u00a1Satisface tus antojos de correrte y experimenta la longitud y el grosor que siempre has deseado! Simplemente aprieta el eje y sumerge la cabeza del arn\u00e9s en tu l\u00edquido preferido, luego libera la presi\u00f3n sobre el eje para aspirar el l\u00edquido.\u00a0\u00a1Ahora est\u00e1s a cargo!\u00a0Aprieta el eje en cualquier momento para disfrutar de un placer a\u00fan m\u00e1s h\u00famedo y salvaje.<\/p>\n<p>El c\u00f3modo arn\u00e9s el\u00e1stico se ajusta f\u00e1cilmente para adaptarse a la mayor\u00eda de los tama\u00f1os, mientras que el consolador hueco realista siempre llega al lugar correcto.\u00a0Es perfecto para hombres con disfunci\u00f3n er\u00e9ctil, problemas de eyaculaci\u00f3n precoz o parejas que buscan agregar un elemento de squirting a su diversi\u00f3n.<\/p>\n<p>Sin bombillas engorrosas que se interpongan en el camino.\u00a0El <strong>Fetish Fantasy Squirting Hollow Strap-On<\/strong> es aut\u00f3nomo y f\u00e1cil de usar.<\/p>\n<p>\u00a0<\/p>\n<p><u><strong>INFORMACION EXTRA: <\/strong><\/u><\/p>\n<ul>\n<li>C\u00f3modo arn\u00e9s el\u00e1stico.<\/li>\n<li>Consolador realista.<\/li>\n<li>Chorros de m\u00e1s de 10 pies.<\/li>\n<\/ul>\n<p>\u00a0<\/p>\n<p><u><strong>ESPECIFICACIONES:<\/strong><\/u><\/p>\n<ul>\n<li><strong>Largo total: <\/strong>21.6 cm<\/li>\n<li><strong>Di\u00e1metro: <\/strong>4.8 cm<\/li>\n<li><strong>Longitud insertable: <\/strong>19.1 cm<\/li>\n<li><strong>Material: <\/strong>PVC \u00a0ABS \u00a0Poli\u00e9ster<\/li>\n<li><strong>Baterias incluidas: <\/strong>No<\/li>\n<\/ul>\n<p>\u00a0<\/p>\n<p>Durante los \u00faltimos 20 a\u00f1os, <strong>Pipedream Products<\/strong> ha creado y desarrollado algunos de los productos novedosos m\u00e1s vendidos del mundo.\u00a0Entre estos productos se encuentran juguetes y vibraciones realistas, pero tambi\u00e9n una amplia gama de gags, lociones, art\u00edculos fetichistas y regalos. Pipedream\u00a0es una marca Americana fundada en 1973, que no necesita muchas presentaciones, con m\u00e1s de 40 a\u00f1os en el sector de los juguetes er\u00f3ticos, en la actualidad es el mayor fabricante de productos er\u00f3ticos del mundo, ocupando no solo el primer lugar en fabricaci\u00f3n sino tambien en ventas, con sede en California. Pioneros en comercializar productos de BDSM, de hecho son la marca n1 en ventas de productos para la iniciaci\u00f3n al Bondage. Pipedream engloba m\u00e1s de 35 marcas er\u00f3ticas y acumula m\u00e1s de 70 premios por su calidad e innovaci\u00f3n.<\/p>","protected":false},"excerpt":{"rendered":"<p>FETISH FANTASY SERIES &#8211; ADJUSTABLE HARNESS REALISTIC PENIS WITH BALLS SQUIRTING 19 CM<\/p>","protected":false},"featured_media":59816,"comment_status":"open","ping_status":"closed","template":"","meta":{"_eb_attr":""},"product_brand":[],"product_cat":[1218,1220,1238,1237,1152,1217],"product_tag":[],"class_list":{"0":"post-45044","1":"product","2":"type-product","3":"status-publish","4":"has-post-thumbnail","6":"product_cat-juguetes-bienestar-juguetes-para-hombresaccesorios-para-el-pene","7":"product_cat-juguetes-bienestar-arneses","8":"product_cat-juguetes-bienestar-arnesesarneses-huecos","9":"product_cat-juguetes-bienestar-juguetes-para-hombresaccesorios-para-el-peneextensor-pene-con-arnes","10":"product_cat-juguetes-bienestar","11":"product_cat-juguetes-bienestar-juguetes-para-hombres","12":"yith_product_brand-pipedreamsfetish-fantasy-series","13":"yith_product_brand-pipedreams","15":"first","16":"instock","17":"taxable","18":"shipping-taxable","19":"purchasable","20":"product-type-simple"},"_links":{"self":[{"href":"https:\/\/www.bananatreeshop.com\/pt\/wp-json\/wp\/v2\/product\/45044","targetHints":{"allow":["GET"]}}],"collection":[{"href":"https:\/\/www.bananatreeshop.com\/pt\/wp-json\/wp\/v2\/product"}],"about":[{"href":"https:\/\/www.bananatreeshop.com\/pt\/wp-json\/wp\/v2\/types\/product"}],"replies":[{"embeddable":true,"href":"https:\/\/www.bananatreeshop.com\/pt\/wp-json\/wp\/v2\/comments?post=45044"}],"wp:featuredmedia":[{"embeddable":true,"href":"https:\/\/www.bananatreeshop.com\/pt\/wp-json\/wp\/v2\/media\/59816"}],"wp:attachment":[{"href":"https:\/\/www.bananatreeshop.com\/pt\/wp-json\/wp\/v2\/media?parent=45044"}],"wp:term":[{"taxonomy":"product_brand","embeddable":true,"href":"https:\/\/www.bananatreeshop.com\/pt\/wp-json\/wp\/v2\/product_brand?post=45044"},{"taxonomy":"product_cat","embeddable":true,"href":"https:\/\/www.bananatreeshop.com\/pt\/wp-json\/wp\/v2\/product_cat?post=45044"},{"taxonomy":"product_tag","embeddable":true,"href":"https:\/\/www.bananatreeshop.com\/pt\/wp-json\/wp\/v2\/product_tag?post=45044"}],"curies":[{"name":"wp","href":"https:\/\/api.w.org\/{rel}","templated":true}]}}