{"id":45045,"date":"2025-07-12T04:00:43","date_gmt":"2025-07-12T04:00:43","guid":{"rendered":"https:\/\/www.bananatreeshop.com\/?post_type=product&#038;p=45045"},"modified":"2026-04-12T11:02:33","modified_gmt":"2026-04-12T11:02:33","slug":"fetish-fantasy-series-kit-bondage-pink","status":"publish","type":"product","link":"https:\/\/www.bananatreeshop.com\/pt\/produto\/fetish-fantasy-series-kit-bondage-pink\/","title":{"rendered":"FETISH FANTASY SERIES &#8211; KIT BONDAGE ROSA"},"content":{"rendered":"<p>Encierra a tu amante y explora tus fantas\u00edas fetichistas con estos fabulosos pu\u00f1os peludos.\u00a0Forrados con piel sint\u00e9tica suave y aterciopelada, estos pu\u00f1os resistentes mantienen a su amante c\u00f3modamente sujeto y con un aspecto sexy.<\/p>\n<p>El mecanismo de bloqueo tiene un bot\u00f3n de liberaci\u00f3n r\u00e1pida en caso de que pierda la llave, y su dise\u00f1o resistente garantiza que est\u00e9n hechos para jugar duro.\u00a0\u00a1A ambos les encantar\u00e1 la sensaci\u00f3n sensual del suave pelaje mientras provoca y excita!<\/p>\n<p>\u00a0<\/p>\n<p><u><strong>ESPECIFICACIONES:<\/strong><\/u><\/p>\n<ul>\n<li><strong>Material: <\/strong>Nylon<\/li>\n<\/ul>\n<p>\u00a0<\/p>\n<p>Durante los \u00faltimos 20 a\u00f1os, <strong>Pipedream Products<\/strong> ha creado y desarrollado algunos de los productos novedosos m\u00e1s vendidos del mundo.\u00a0Entre estos productos se encuentran juguetes y vibraciones realistas, pero tambi\u00e9n una amplia gama de gags, lociones, art\u00edculos fetichistas y regalos. Pipedream\u00a0es una marca Americana fundada en 1973, que no necesita muchas presentaciones, con m\u00e1s de 40 a\u00f1os en el sector de los juguetes er\u00f3ticos, en la actualidad es el mayor fabricante de productos er\u00f3ticos del mundo, ocupando no solo el primer lugar en fabricaci\u00f3n sino tambien en ventas, con sede en California. Pioneros en comercializar productos de BDSM, de hecho son la marca n1 en ventas de productos para la iniciaci\u00f3n al Bondage. Pipedream engloba m\u00e1s de 35 marcas er\u00f3ticas y acumula m\u00e1s de 70 premios por su calidad e innovaci\u00f3n.<\/p>","protected":false},"excerpt":{"rendered":"<p>FETISH FANTASY SERIES &#8211; KIT BONDAGE PINK<\/p>","protected":false},"featured_media":69480,"comment_status":"open","ping_status":"closed","template":"","meta":{"_eb_attr":""},"product_brand":[],"product_cat":[258,1344,1152,1240],"product_tag":[],"class_list":{"0":"post-45045","1":"product","2":"type-product","3":"status-publish","4":"has-post-thumbnail","6":"product_cat-bdsm-bondage","7":"product_cat-bdsm-bondage-bondage","8":"product_cat-juguetes-bienestar","9":"product_cat-juguetes-bienestar-kits-juguetes-sexuales","10":"yith_product_brand-pipedreamsfetish-fantasy-series","11":"yith_product_brand-pipedreams","13":"first","14":"instock","15":"taxable","16":"shipping-taxable","17":"purchasable","18":"product-type-simple"},"_links":{"self":[{"href":"https:\/\/www.bananatreeshop.com\/pt\/wp-json\/wp\/v2\/product\/45045","targetHints":{"allow":["GET"]}}],"collection":[{"href":"https:\/\/www.bananatreeshop.com\/pt\/wp-json\/wp\/v2\/product"}],"about":[{"href":"https:\/\/www.bananatreeshop.com\/pt\/wp-json\/wp\/v2\/types\/product"}],"replies":[{"embeddable":true,"href":"https:\/\/www.bananatreeshop.com\/pt\/wp-json\/wp\/v2\/comments?post=45045"}],"wp:featuredmedia":[{"embeddable":true,"href":"https:\/\/www.bananatreeshop.com\/pt\/wp-json\/wp\/v2\/media\/69480"}],"wp:attachment":[{"href":"https:\/\/www.bananatreeshop.com\/pt\/wp-json\/wp\/v2\/media?parent=45045"}],"wp:term":[{"taxonomy":"product_brand","embeddable":true,"href":"https:\/\/www.bananatreeshop.com\/pt\/wp-json\/wp\/v2\/product_brand?post=45045"},{"taxonomy":"product_cat","embeddable":true,"href":"https:\/\/www.bananatreeshop.com\/pt\/wp-json\/wp\/v2\/product_cat?post=45045"},{"taxonomy":"product_tag","embeddable":true,"href":"https:\/\/www.bananatreeshop.com\/pt\/wp-json\/wp\/v2\/product_tag?post=45045"}],"curies":[{"name":"wp","href":"https:\/\/api.w.org\/{rel}","templated":true}]}}