{"id":45052,"date":"2025-07-09T18:02:00","date_gmt":"2025-07-09T18:02:00","guid":{"rendered":"https:\/\/www.bananatreeshop.com\/?post_type=product&#038;p=45052"},"modified":"2026-04-16T04:31:06","modified_gmt":"2026-04-16T04:31:06","slug":"fetish-fantasy-series-adjustable-harness-remote-control-realistic-penis-with-testicles-23-cm","status":"publish","type":"product","link":"https:\/\/www.bananatreeshop.com\/pt\/produto\/fetish-fantasy-series-adjustable-harness-remote-control-realistic-penis-with-testicles-23-cm\/","title":{"rendered":"FETISH FANTASY SERIES &#8211; ARN\u00c9S AJUSTABLE CONTROL REMOTO PENE REAL\u00cdSTICO CON TEST\u00cdCULOS 23 CM"},"content":{"rendered":"<p>No siempre has querido sentirte m\u00e1s seguro acerca de tu tama\u00f1o y disfrutar del sexo satisfactorio con tu pareja el tiempo suficiente para que ambos alcancen el orgasmo?\u00a0Tu amante sabe que el tama\u00f1o s\u00ed importa, \u00a1y nada puede cumplir tus fantas\u00edas y complacer a tu pareja como un hombre seguro de s\u00ed mismo que sabe lo que est\u00e1 haciendo!\u00a0<\/p>\n<p>Ahora puedes tener la longitud y el grosor que siempre has so\u00f1ado y ser todo el hombre que puedas ser con el arn\u00e9s hueco vibrante con bolas de 9&#8242; de <strong>Fetish Fantasy Series<\/strong>.\u00a0\u00a1Diga adi\u00f3s a las vergonzosas decepciones a mitad de camino y salude a una sonrisa satisfactoria de su amante!\u00a0<\/p>\n<p>El c\u00f3modo arn\u00e9s el\u00e1stico se ajusta f\u00e1cilmente para adaptarse a la mayor\u00eda de los tama\u00f1os, mientras que el consolador de PVC sin ftalatos llegar\u00e1 al lugar correcto en todo momento.\u00a0Es perfecto para hombres con disfunci\u00f3n er\u00e9ctil, problemas de eyaculaci\u00f3n precoz o cualquiera que busque simplemente agregar algo extra a su pr\u00f3ximo encuentro.\u00a0\u00a1Lo mejor de todo es que a\u00fan puedes disfrutar del sexo caliente cara a cara y asegurarte de que ambos se corren incluso si \u00e9l ya termin\u00f3 o no puede hacerlo!<\/p>\n<p>\u00a1Elige la velocidad adecuada para ti y deja que las poderosas vibraciones te lleven!\u00a0Una bala superfuerte de varias velocidades ofrece vibraciones emocionantes en la punta del consolador, precisamente donde m\u00e1s las deseas, y nuestro exclusivo clip de cintura manos libres te permite mantener el controlador a tu lado y fuera del camino de la diversi\u00f3n.\u00a0El consolador es seguro para el cuerpo, no contiene l\u00e1tex y es compatible con lubricantes a base de agua y de silicona.\u00a0La limpieza es muy f\u00e1cil despu\u00e9s de la diversi\u00f3n con el limpiador de juguetes Pipedream y agua tibia<\/p>\n<p>\u00a0<\/p>\n<p><u><strong>INFORMACION EXTRA:<\/strong><\/u><\/p>\n<ul>\n<li>\u00a1Disfruta del sexo cara a cara ininterrumpido hasta que ambos lleguen al cl\u00edmax!<\/li>\n<li>Las texturas realistas hechas a mano ofrecen sensaciones realistas<\/li>\n<li>El arn\u00e9s s\u00faper el\u00e1stico se adapta c\u00f3modamente a todos los tama\u00f1os hasta 52&#8242;<\/li>\n<li>Los herrajes met\u00e1licos de alta resistencia mantienen el consolador en su lugar de forma segura<\/li>\n<li>La microbala dentro de la punta es ultrapotente y silenciosa<\/li>\n<li>Clips remotos para Arn\u00e9s para diversi\u00f3n con manos libres<\/li>\n<\/ul>\n<p>\u00a0<\/p>\n<p><u><strong>ESPECIFICACIONES:<\/strong><\/u><\/p>\n<ul>\n<li><strong>Largo total<\/strong>: 24 cm &#8211; 9.45 inch<\/li>\n<li><strong>Di\u00e1metro: <\/strong>4.6 cm<\/li>\n<li><strong>Longitud insertable: <\/strong>22.9 cm<\/li>\n<li><strong>Material: <\/strong>PVC \u00a0ABS \u00a0El\u00e1stico<\/li>\n<li><strong>Bater\u00edas:<\/strong> Autom\u00f3vil club brit\u00e1nico<\/li>\n<li><strong>Cantidad de bater\u00eda:<\/strong> 2<\/li>\n<li><strong>Baterias incluidas:<\/strong> No<\/li>\n<\/ul>\n<p>\u00a0<\/p>\n<p>Durante los \u00faltimos 20 a\u00f1os, <strong>Pipedream Products<\/strong> ha creado y desarrollado algunos de los productos novedosos m\u00e1s vendidos del mundo.\u00a0Entre estos productos se encuentran juguetes y vibraciones realistas, pero tambi\u00e9n una amplia gama de gags, lociones, art\u00edculos fetichistas y regalos. Pipedream\u00a0es una marca Americana fundada en 1973, que no necesita muchas presentaciones, con m\u00e1s de 40 a\u00f1os en el sector de los juguetes er\u00f3ticos, en la actualidad es el mayor fabricante de productos er\u00f3ticos del mundo, ocupando no solo el primer lugar en fabricaci\u00f3n sino tambien en ventas, con sede en California. Pioneros en comercializar productos de BDSM, de hecho son la marca n1 en ventas de productos para la iniciaci\u00f3n al Bondage. Pipedream engloba m\u00e1s de 35 marcas er\u00f3ticas y acumula m\u00e1s de 70 premios por su calidad e innovaci\u00f3n.<\/p>","protected":false},"excerpt":{"rendered":"<p>FETISH FANTASY SERIES &#8211; ADJUSTABLE HARNESS REMOTE CONTROL REALISTIC PENIS WITH TESTICLES 23 CM<\/p>","protected":false},"featured_media":59831,"comment_status":"open","ping_status":"closed","template":"","meta":{"_eb_attr":""},"product_brand":[],"product_cat":[1218,1220,1223,1238,1237,1152,1217],"product_tag":[],"class_list":{"0":"post-45052","1":"product","2":"type-product","3":"status-publish","4":"has-post-thumbnail","6":"product_cat-juguetes-bienestar-juguetes-para-hombresaccesorios-para-el-pene","7":"product_cat-juguetes-bienestar-arneses","8":"product_cat-juguetes-bienestar-arnesesarneses-con-vibracion","9":"product_cat-juguetes-bienestar-arnesesarneses-huecos","10":"product_cat-juguetes-bienestar-juguetes-para-hombresaccesorios-para-el-peneextensor-pene-con-arnes","11":"product_cat-juguetes-bienestar","12":"product_cat-juguetes-bienestar-juguetes-para-hombres","13":"yith_product_brand-pipedreamsfetish-fantasy-series","14":"yith_product_brand-pipedreams","16":"first","17":"instock","18":"taxable","19":"shipping-taxable","20":"purchasable","21":"product-type-simple"},"_links":{"self":[{"href":"https:\/\/www.bananatreeshop.com\/pt\/wp-json\/wp\/v2\/product\/45052","targetHints":{"allow":["GET"]}}],"collection":[{"href":"https:\/\/www.bananatreeshop.com\/pt\/wp-json\/wp\/v2\/product"}],"about":[{"href":"https:\/\/www.bananatreeshop.com\/pt\/wp-json\/wp\/v2\/types\/product"}],"replies":[{"embeddable":true,"href":"https:\/\/www.bananatreeshop.com\/pt\/wp-json\/wp\/v2\/comments?post=45052"}],"wp:featuredmedia":[{"embeddable":true,"href":"https:\/\/www.bananatreeshop.com\/pt\/wp-json\/wp\/v2\/media\/59831"}],"wp:attachment":[{"href":"https:\/\/www.bananatreeshop.com\/pt\/wp-json\/wp\/v2\/media?parent=45052"}],"wp:term":[{"taxonomy":"product_brand","embeddable":true,"href":"https:\/\/www.bananatreeshop.com\/pt\/wp-json\/wp\/v2\/product_brand?post=45052"},{"taxonomy":"product_cat","embeddable":true,"href":"https:\/\/www.bananatreeshop.com\/pt\/wp-json\/wp\/v2\/product_cat?post=45052"},{"taxonomy":"product_tag","embeddable":true,"href":"https:\/\/www.bananatreeshop.com\/pt\/wp-json\/wp\/v2\/product_tag?post=45052"}],"curies":[{"name":"wp","href":"https:\/\/api.w.org\/{rel}","templated":true}]}}