{"id":45070,"date":"2025-07-09T19:00:10","date_gmt":"2025-07-09T19:00:10","guid":{"rendered":"https:\/\/www.bananatreeshop.com\/?post_type=product&#038;p=45070"},"modified":"2026-04-15T16:04:39","modified_gmt":"2026-04-15T16:04:39","slug":"pdx-elite-stroker-ultimate-milker-with-voice","status":"publish","type":"product","link":"https:\/\/www.bananatreeshop.com\/pt\/produto\/pdx-elite-stroker-ultimate-milker-with-voice\/","title":{"rendered":"PDX ELITE &#8211; MASTURBADOR STROKER ULTIMATE MILKER VAGINA CON VOZ"},"content":{"rendered":"<p>\u00a1Presentamos la primera tecnolog\u00eda de masturbaci\u00f3n de orde\u00f1ador dise\u00f1ada para rodear completamente su eje con estimulaci\u00f3n giratoria y apretada para la mejor experiencia de autoplacer!\u00a0<\/p>\n<p>Una ventana transparente le permite ver la acci\u00f3n mientras cada cent\u00edmetro de su pene es orde\u00f1ado una y otra vez por 10 funciones giratorias, adem\u00e1s de 5 niveles de velocidad activos, todo impulsado por un conveniente motor recargable.\u00a0La funda interna de TPE con m\u00faltiples nervaduras est\u00e1 forrada con texturas incre\u00edblemente satisfactorias para mejorar el placer rotacional y presenta un extremo cerrado para intensificar a\u00fan m\u00e1s la succi\u00f3n natural.\u00a0Para disfrutar de una masturbaci\u00f3n rotacional totalmente automatizada, simplemente presione el bot\u00f3n para iniciar el poder de orde\u00f1o activo.\u00a0\u00a1Tambi\u00e9n se pueden activar gemidos sexys y entrecortados para intensificar la excitaci\u00f3n er\u00f3tica!\u00a0\u00a1Explora tus opciones!<\/p>\n<p>El resistente estuche exterior con una ventosa de bloqueo ajustable se puede colocar en la posici\u00f3n manos libres que prefiera o quitar la funda interior de TPE para disfrutarlo con la mano.<\/p>\n<p>\u00a0<\/p>\n<p><u><strong>INFORMACION EXTRA:<\/strong><\/u><\/p>\n<ul>\n<li>Tecnolog\u00eda de masturbaci\u00f3n de orde\u00f1ador rotacional: la tecnolog\u00eda avanzada permite la m\u00e1xima estimulaci\u00f3n de orde\u00f1o en espiral.<\/li>\n<li>Personalice su poder: explore 10 funciones giratorias m\u00e1s 5 niveles de velocidad activos.<\/li>\n<li>Motor de alta potencia: el motor ultrafuerte proporciona revoluciones potentes y placenteras.<\/li>\n<li>Gemidos sexys: aumente su experiencia de masturbaci\u00f3n con gemidos de placer entrecortados a trav\u00e9s de los auriculares GRATUITOS incluidos.<\/li>\n<li>Tapa de almacenamiento con cierre: mantiene la funda de TPE c\u00f3modamente protegida para un almacenamiento \u00f3ptimo.<\/li>\n<li>Funda suave y el\u00e1stica extra\u00edble: la funda s\u00faper el\u00e1stica y suave presenta una vagina flexible y est\u00e1 forrada con filas y filas de puntos de placer estimulantes.Se calienta agradablemente a la temperatura de tu cuerpo y es removible para diversi\u00f3n en solitario y f\u00e1cil limpieza.<\/li>\n<li>Ventana transparente: \u00a1la ventana transparente y duradera te permite verte disfrutar de la mejor experiencia de masturbaci\u00f3n en todo momento!<\/li>\n<li>Recargable por USB: \u00a1Listo cuando t\u00fa lo est\u00e9s!\u00a0Recargable f\u00e1cil y c\u00f3modamente con el cable de carga incluido, que ofrece horas de disfrute.<\/li>\n<li>Ventosa de bloqueo ajustable y extra\u00edble: la ventosa intensamente potente permite sujetar los enfermos a casi todas las superficies planas con un innovador dise\u00f1o de bloqueo giratorio para una conexi\u00f3n de mayor resistencia.<\/li>\n<li>Ayuda para la disfunci\u00f3n er\u00e9ctil: La masturbaci\u00f3n regular fortalece los m\u00fasculos del suelo p\u00e9lvico y ayuda a prevenir la disfunci\u00f3n er\u00e9ctil DE en los hombres.\u00a0El borde, la pr\u00e1ctica de retrasar intencionalmente el orgasmo, puede aumentar la resistencia sexual y puede ayudar con la disfunci\u00f3n er\u00e9ctil al fomentar un flujo sangu\u00edneo saludable al pene.\u00a0<\/li>\n<\/ul>\n<p><u>Instrucciones de cuidado<\/u>: Recargable mediante el cable USB incluido.\u00a0La funda es extra\u00edble para facilitar la limpieza.\u00a0La limpieza es muy f\u00e1cil despu\u00e9s de la diversi\u00f3n con Refresh Toy Cleaner y agua tibia.\u00a0No sumerja el PDX Elite Ultimate Milker en agua.\u00a0Si lo desea, use una loci\u00f3n a base de agua como Moist con este producto.\u00a0<\/p>\n<p><u>Gu\u00eda de inicio r\u00e1pido<\/u>: ENCENDIDO\/APAGADO: presione el bot\u00f3n de encendido durante 3 segundos para iniciar el encendido.\u00a0Mantenga presionado el bot\u00f3n de encendido durante 3 segundos para apagarlo.\u00a0Masturbaci\u00f3n del orde\u00f1ador: para controlar la masturbaci\u00f3n durante el orde\u00f1o,\u00a0presione el bot\u00f3n de encendido nuevamente para recorrer 10 funciones de estimulaci\u00f3n giratoria.\u00a0Aumentar\/disminuir velocidad: presione los botones +\/- para recorrer 5 niveles de intensidad de velocidad.\u00a0Activar sonido: presione el bot\u00f3n del altavoz para iniciar gemidos sexys una vez que los auriculares con clavija est\u00e9n conectados a la base del Ultimate Milker.\u00a0Los auriculares est\u00e1n incluidos.<\/p>\n<p>\u00a0<\/p>\n<p><u><strong>ESPECIFICACIONES:<\/strong><\/u><\/p>\n<ul>\n<li><strong>Largo total: <\/strong>26.9 x 8.4 cm \/\/ 10.5 x 3.25 inch<\/li>\n<li><strong>Diametro<\/strong>: 7.1 cm \/\/ 2.75 inch<\/li>\n<li><strong>Longitud insertable: <\/strong>19 cm<\/li>\n<li><strong>Modos de vibracion<\/strong>: 10<\/li>\n<li><strong>Modos de velocidad:<\/strong> 5<\/li>\n<li><strong>Resistencia al agua<\/strong>: Impermeable<\/li>\n<li><strong>Material: <\/strong>ABS Plastic  TPR  Silicone<\/li>\n<li><strong>Baterias<\/strong>: Lithium Ion<\/li>\n<\/ul>\n<p>\u00a0<\/p>\n<p>Durante los \u00faltimos 20 a\u00f1os, <strong>Pipedream Products<\/strong> ha creado y desarrollado algunos de los productos novedosos m\u00e1s vendidos del mundo.\u00a0Entre estos productos se encuentran juguetes y vibraciones realistas, pero tambi\u00e9n una amplia gama de gags, lociones, art\u00edculos fetichistas y regalos. Pipedream\u00a0es una marca Americana fundada en 1973, que no necesita muchas presentaciones, con m\u00e1s de 40 a\u00f1os en el sector de los juguetes er\u00f3ticos, en la actualidad es el mayor fabricante de productos er\u00f3ticos del mundo, ocupando no solo el primer lugar en fabricaci\u00f3n sino tambien en ventas, con sede en California. Pioneros en comercializar productos de BDSM, de hecho son la marca n1 en ventas de productos para la iniciaci\u00f3n al Bondage. Pipedream engloba m\u00e1s de 35 marcas er\u00f3ticas y acumula m\u00e1s de 70 premios por su calidad e innovaci\u00f3n.<\/p>","protected":false},"excerpt":{"rendered":"<p>PDX ELITE &#8211; STROKER ULTIMATE MILKER WITH VOICE<\/p>","protected":false},"featured_media":59848,"comment_status":"open","ping_status":"closed","template":"","meta":{"_eb_attr":""},"product_brand":[],"product_cat":[1152,1217,1241],"product_tag":[],"class_list":{"0":"post-45070","1":"product","2":"type-product","3":"status-publish","4":"has-post-thumbnail","6":"product_cat-juguetes-bienestar","7":"product_cat-juguetes-bienestar-juguetes-para-hombres","8":"product_cat-juguetes-bienestar-juguetes-para-hombresvaginas-con-vibracion","9":"yith_product_brand-pipedreamspdx-elite","10":"yith_product_brand-pipedreams","12":"first","13":"instock","14":"taxable","15":"shipping-taxable","16":"purchasable","17":"product-type-simple"},"_links":{"self":[{"href":"https:\/\/www.bananatreeshop.com\/pt\/wp-json\/wp\/v2\/product\/45070","targetHints":{"allow":["GET"]}}],"collection":[{"href":"https:\/\/www.bananatreeshop.com\/pt\/wp-json\/wp\/v2\/product"}],"about":[{"href":"https:\/\/www.bananatreeshop.com\/pt\/wp-json\/wp\/v2\/types\/product"}],"replies":[{"embeddable":true,"href":"https:\/\/www.bananatreeshop.com\/pt\/wp-json\/wp\/v2\/comments?post=45070"}],"wp:featuredmedia":[{"embeddable":true,"href":"https:\/\/www.bananatreeshop.com\/pt\/wp-json\/wp\/v2\/media\/59848"}],"wp:attachment":[{"href":"https:\/\/www.bananatreeshop.com\/pt\/wp-json\/wp\/v2\/media?parent=45070"}],"wp:term":[{"taxonomy":"product_brand","embeddable":true,"href":"https:\/\/www.bananatreeshop.com\/pt\/wp-json\/wp\/v2\/product_brand?post=45070"},{"taxonomy":"product_cat","embeddable":true,"href":"https:\/\/www.bananatreeshop.com\/pt\/wp-json\/wp\/v2\/product_cat?post=45070"},{"taxonomy":"product_tag","embeddable":true,"href":"https:\/\/www.bananatreeshop.com\/pt\/wp-json\/wp\/v2\/product_tag?post=45070"}],"curies":[{"name":"wp","href":"https:\/\/api.w.org\/{rel}","templated":true}]}}