{"id":4522,"date":"2025-07-13T11:02:00","date_gmt":"2025-07-13T11:02:00","guid":{"rendered":"https:\/\/www.bananatreeshop.com\/?post_type=product&#038;p=4522"},"modified":"2026-04-02T11:03:06","modified_gmt":"2026-04-02T11:03:06","slug":"casmir-kea-babydoll-black-erotic-by-casmir-l-xl","status":"publish","type":"product","link":"https:\/\/www.bananatreeshop.com\/pt\/produto\/casmir-kea-babydoll-black-erotic-by-casmir-l-xl\/","title":{"rendered":"CASMIR &#8211; KEA BABYDOLL NEGRO EROTIC BY CASMIR L\/XL"},"content":{"rendered":"<p>Kea es un picardia de color negro semitransparente muy erotico, con bordes negro satin y lazada bajo el pecho.<\/p>\n<p>Sensual y elegante conjunto\u00a0 de alta gama que te har\u00e1 marcar la diferencia!<\/p>\n<p>Siente la experiencia Casmir\u00a0 y dejate llevar!<\/p>\n<p><span style=\"color:0000cd;\"><strong>Casmir <\/strong><\/span>es una de las marcas m\u00e1s sensuales de ropa interior er\u00f3tica, es una marca de lencer\u00eda, corseter\u00eda y trajes de ba\u00f1o que realiza prendas originales fortaleciendo con ellas la imagen interior que cada mujer tiene de si misma.<\/p>\n<p>A trav\u00e9s de <span style=\"color:0000cd;\"><strong>Casmir <\/strong><\/span>las mujeres, son invitadas a consolidar su autoestima, explorar su femeneidad, explotar su poder de sensualidad y seducci\u00f3n, provocando en base al juego.<\/p>\n<p>Medidas por tallas;<\/p>\n<p style=\"text-align: center;\"><img decoding=\"async\" alt=\"\" src=\"https:\/\/interno.dreamlove.es\/UserFiles\/images\/CASMIR%20ESPANOL.png\" style=\"line-height: 20.8px; text-align: center; width: 444px; height: 176px;\" \/><\/p>","protected":false},"excerpt":{"rendered":"<p>CASMIR &#8211; KEA BABYDOLL BLACK EROTIC BY CASMIR L\/XL<\/p>","protected":false},"featured_media":74380,"comment_status":"open","ping_status":"closed","template":"","meta":{"_eb_attr":""},"product_brand":[],"product_cat":[1227,1225,1226,1191],"product_tag":[],"class_list":{"0":"post-4522","1":"product","2":"type-product","3":"status-publish","4":"has-post-thumbnail","6":"product_cat-moda-lencerialenceria-mujerlenceria-sexybabydoll","7":"product_cat-moda-lencerialenceria-mujer","8":"product_cat-moda-lencerialenceria-mujerlenceria-sexy","9":"product_cat-moda-lenceria","10":"yith_product_brand-casmir","12":"first","13":"instock","14":"taxable","15":"shipping-taxable","16":"purchasable","17":"product-type-simple"},"_links":{"self":[{"href":"https:\/\/www.bananatreeshop.com\/pt\/wp-json\/wp\/v2\/product\/4522","targetHints":{"allow":["GET"]}}],"collection":[{"href":"https:\/\/www.bananatreeshop.com\/pt\/wp-json\/wp\/v2\/product"}],"about":[{"href":"https:\/\/www.bananatreeshop.com\/pt\/wp-json\/wp\/v2\/types\/product"}],"replies":[{"embeddable":true,"href":"https:\/\/www.bananatreeshop.com\/pt\/wp-json\/wp\/v2\/comments?post=4522"}],"wp:featuredmedia":[{"embeddable":true,"href":"https:\/\/www.bananatreeshop.com\/pt\/wp-json\/wp\/v2\/media\/74380"}],"wp:attachment":[{"href":"https:\/\/www.bananatreeshop.com\/pt\/wp-json\/wp\/v2\/media?parent=4522"}],"wp:term":[{"taxonomy":"product_brand","embeddable":true,"href":"https:\/\/www.bananatreeshop.com\/pt\/wp-json\/wp\/v2\/product_brand?post=4522"},{"taxonomy":"product_cat","embeddable":true,"href":"https:\/\/www.bananatreeshop.com\/pt\/wp-json\/wp\/v2\/product_cat?post=4522"},{"taxonomy":"product_tag","embeddable":true,"href":"https:\/\/www.bananatreeshop.com\/pt\/wp-json\/wp\/v2\/product_tag?post=4522"}],"curies":[{"name":"wp","href":"https:\/\/api.w.org\/{rel}","templated":true}]}}