{"id":45464,"date":"2025-07-10T19:00:34","date_gmt":"2025-07-10T19:00:34","guid":{"rendered":"https:\/\/www.bananatreeshop.com\/?post_type=product&#038;p=45464"},"modified":"2026-04-20T22:04:31","modified_gmt":"2026-04-20T22:04:31","slug":"satisfyer-air-pulse-pro-2-modern-blossom-vibrator","status":"publish","type":"product","link":"https:\/\/www.bananatreeshop.com\/pt\/produto\/satisfyer-air-pulse-pro-2-modern-blossom-vibrator\/","title":{"rendered":"SATISFYER &#8211; AIR PULSE PRO 2 MODERN BLOSSOM VIBRADOR"},"content":{"rendered":"<p>Deja que tu deseo florezca como nunca y lleva tus momentos a solas a un nivel superior con <strong>Satisfyer Pro 2 Modern Blossom<\/strong>, un vibrador de ondas de presi\u00f3n que combina a la perfecci\u00f3n una est\u00e9tica moderna con la potencia de las tecnolog\u00edas Satisfyer.<\/p>\n<p>Su dise\u00f1o elegante e innovador se inspira en la belleza de una rosa en plena floraci\u00f3n convirtiendo este dispositivo de placer en una aut\u00e9ntica obra de arte. Satisfyer Pro 2 Modern Blossom cuenta con la apreciada tecnolog\u00eda <strong>Satisfyer Air Pulse<\/strong>, as\u00ed como con la nueva y extraordinaria tecnolog\u00eda <strong>Satisfyer Liquid Air.<\/strong> Elige el cabezal Air Pulse para dar placer al cl\u00edtoris sin contacto o el cabezal Liquid Air con su membrana fina como un p\u00e9talo, que imita la sensual oleada de agua pulsante.<\/p>\n<p>Elige tu favorita entre 11 intensidades de ondas de presi\u00f3n se adaptan a tu ritmo con toques suaves o pulsaciones profundas y estimulantes. Satisfyer Pro 2 Modern Blossom est\u00e1 hecho de silicona suave: esta rosa no tiene espinas y la sensaci\u00f3n que provoca sobre la piel es exquisita. Tambi\u00e9n es totalmente resistente al agua (IPX7), para que te sumerjas tranquilamente en una profunda relajaci\u00f3n. Imag\u00ednate en un ba\u00f1o relajante o bajo una ducha relajante mientras el elegante dise\u00f1o inspirado en la naturaleza de Pro 2 Modern Blossom estimula tu cl\u00edtoris y complace tus sentidos.<\/p>\n<p>Reg\u00e1late el Satisfyer Pro 2 Modern Blossom y descubre la belleza de la innovaci\u00f3n de Satisfyer: \u00a1esta flor est\u00e1 esperando a que la recojas!<\/p>\n<p>\u00a0<\/p>\n<p><strong><u>CARACTERISTICAS:<\/u><\/strong><\/p>\n<ul>\n<li>Tecnolog\u00eda de aire liquido.<\/li>\n<li>Silicona completa.<\/li>\n<li>Impermeable (IPX7).<\/li>\n<li>Tama\u00f1o de viaje.<\/li>\n<\/ul>","protected":false},"excerpt":{"rendered":"<p>SATISFYER &#8211; AIR PULSE PRO 2 MODERN BLOSSOM VIBRATOR<\/p>","protected":false},"featured_media":64530,"comment_status":"open","ping_status":"closed","template":"","meta":{"_eb_attr":""},"product_brand":[],"product_cat":[1160,1159],"product_tag":[],"class_list":{"0":"post-45464","1":"product","2":"type-product","3":"status-publish","4":"has-post-thumbnail","6":"product_cat-juguetes-bienestar-vibradores100-sumergible","7":"product_cat-juguetes-bienestar-vibradores","8":"yith_product_brand-satisfyer","9":"yith_product_brand-satisfyer-satisfyer-air-pulse","11":"first","12":"instock","13":"taxable","14":"shipping-taxable","15":"purchasable","16":"product-type-simple"},"_links":{"self":[{"href":"https:\/\/www.bananatreeshop.com\/pt\/wp-json\/wp\/v2\/product\/45464","targetHints":{"allow":["GET"]}}],"collection":[{"href":"https:\/\/www.bananatreeshop.com\/pt\/wp-json\/wp\/v2\/product"}],"about":[{"href":"https:\/\/www.bananatreeshop.com\/pt\/wp-json\/wp\/v2\/types\/product"}],"replies":[{"embeddable":true,"href":"https:\/\/www.bananatreeshop.com\/pt\/wp-json\/wp\/v2\/comments?post=45464"}],"wp:featuredmedia":[{"embeddable":true,"href":"https:\/\/www.bananatreeshop.com\/pt\/wp-json\/wp\/v2\/media\/64530"}],"wp:attachment":[{"href":"https:\/\/www.bananatreeshop.com\/pt\/wp-json\/wp\/v2\/media?parent=45464"}],"wp:term":[{"taxonomy":"product_brand","embeddable":true,"href":"https:\/\/www.bananatreeshop.com\/pt\/wp-json\/wp\/v2\/product_brand?post=45464"},{"taxonomy":"product_cat","embeddable":true,"href":"https:\/\/www.bananatreeshop.com\/pt\/wp-json\/wp\/v2\/product_cat?post=45464"},{"taxonomy":"product_tag","embeddable":true,"href":"https:\/\/www.bananatreeshop.com\/pt\/wp-json\/wp\/v2\/product_tag?post=45464"}],"curies":[{"name":"wp","href":"https:\/\/api.w.org\/{rel}","templated":true}]}}