{"id":45526,"date":"2025-07-18T05:00:58","date_gmt":"2025-07-18T05:00:58","guid":{"rendered":"https:\/\/www.bananatreeshop.com\/?post_type=product&#038;p=45526"},"modified":"2026-04-17T07:07:15","modified_gmt":"2026-04-17T07:07:15","slug":"adrien-lastic-twister-vibrator-and-rotator-massager-rabbit-black","status":"publish","type":"product","link":"https:\/\/www.bananatreeshop.com\/pt\/produto\/adrien-lastic-twister-vibrator-and-rotator-massager-rabbit-black\/","title":{"rendered":"ADRIEN LASTIC &#8211; TWISTER MASAJEADOR VIBRADOR Y ROTADOR RABBIT NEGRO"},"content":{"rendered":"<p><u><strong>DESCUBRE TWISTER<\/strong><\/u><\/p>\n<p>Con tres motores <strong>Twister <\/strong>te deleitar\u00e1 con una\u00a0completa\u00a0experiencia vaginal\u00a03D. Un motor controla las\u00a0ondulaciones 3D\u00a0con las que sentir\u00e1s rotaciones y sensaciones maravillosas. El segundo es una\u00a0vibraci\u00f3n rabbit, con un rabbit largo y flexible las vibraciones est\u00e1n especialmente dise\u00f1adas para la estimulaci\u00f3n de cl\u00edtoris. Por \u00faltimo, hay la\u00a0vibraci\u00f3n vaginal, una vibraci\u00f3n que se extiende por todo el consolador <strong>Twister <\/strong>y que te har\u00e1 vibrar como nunca antes.<\/p>\n<p>Se podr\u00eda decir que es un juguete\u00a0silencioso, aunque la rotaci\u00f3n siempre es algo m\u00e1s ruidosa, cuando introduces <strong>Twister <\/strong>en tu vagina solo escucharas tus gemidos. <strong>Twister <\/strong>tiene la punta blanda, sedosa, fina y curvada para estimular el punto G. Adem\u00e1s, es\u00a0sumergible\u00a0gracias a la silicona de calidad con la que est\u00e1 fabricado.<\/p>\n<p>Una de las ventajas de <strong>Twister <\/strong>y que enamora son las casi\u00a0infinitas funciones\u00a0que tiene. Dispone de\u00a0veinte modos de vibraci\u00f3n,\u00a0veinte modos de vibraci\u00f3n rabbit\u00a0y\u00a0veinte modos de rotaci\u00f3n. Te imaginas? Con las posibilidades que ofrece el vibrador no podr\u00e1s parar.<\/p>\n<div>\n<p><u><strong>C\u00d3MO USARLO?<\/strong><\/u><\/p>\n<p>Combinando tres tipos de estimulaci\u00f3n vaginal, <strong>Twister <\/strong>ofrece una experiencia 3D, as\u00ed que prepara el lubricante a base de agua y apl\u00edcalo en el juguete y tu vagina.<\/p>\n<p>Para encender el vibrador vaginal aprieta el pulsador On\/Off 3 segundos y se encender\u00e1 un led. En ese momento ya responder\u00e1n los tres motores y podr\u00e1s cambiar el modo del vibrador vaginal pulsando el mismo bot\u00f3n. Para encender el vibrador rabbit, pulsa el bot\u00f3n que parece un tulip\u00e1n con un clic si est\u00e1 encendido el led se activar\u00e1 y con cada clic cambiara de modo, para apagar el rabbit presi\u00f3nalo durante tres segundos.<\/p>\n<p>Y la parte m\u00e1s importante de la experiencia vaginal 3D, para encender la rotaci\u00f3n presiona el pulsador de rotaci\u00f3n y empezar\u00e1 a rotar, con m\u00e1s clics iras cambiando de modo. Para apagar el motor rotatorio, mant\u00e9n el mismo bot\u00f3n durante tres segundos. Est\u00e1s preparado para vibrar?<\/p>\n<p>\u00a0<\/p>\n<p><u><strong>CARACTER\u00cdSTICAS<\/strong><\/u><\/p>\n<ul>\n<li>3 motores que se pueden usar por separado: rotaci\u00f3n 3D, vibraci\u00f3n rabbit y vibraci\u00f3n vaginal.<\/li>\n<li>\u00a0Combinaciones de modos de vibraci\u00f3n casi infinitas, 20 por motor, con tantas posibilidades no te cansar\u00e1s.<\/li>\n<li>Juguete con el que podr\u00e1s disfrutar sin hacer ruido.<\/li>\n<li>F\u00e1cil de limpiar gracias a su material.<\/li>\n<li>40 modos de vibraci\u00f3n \/ 20 modos de rotaci\u00f3n<\/li>\n<li><u>Dimensiones<\/u>:\u00a0Largo 23 cm \/ Di\u00e1metro 4 cm<\/li>\n<\/ul>\n<p>\u00a0<\/p>\n<p><u><strong>CONTENIDO EN LA CAJA<\/strong><\/u><\/p>\n<ul>\n<li>TWISTER<\/li>\n<li>Cable USB<\/li>\n<li>Bolsa de raso<\/li>\n<li>Cepillo limpiador<\/li>\n<li>Tarjeta de garant\u00eda<\/li>\n<li>Manual de instrucciones<\/li>\n<\/ul>\n<\/div>","protected":false},"excerpt":{"rendered":"<p>ADRIEN LASTIC &#8211; TWISTER VIBRATOR AND ROTATOR MASSAGER RABBIT BLACK<\/p>","protected":false},"featured_media":88040,"comment_status":"open","ping_status":"closed","template":"","meta":{"_eb_attr":""},"product_brand":[],"product_cat":[1162,1159,1258],"product_tag":[],"class_list":{"0":"post-45526","1":"product","2":"type-product","3":"status-publish","4":"has-post-thumbnail","6":"product_cat-juguetes-bienestar-vibradoresrotadores-y-vibradores","7":"product_cat-juguetes-bienestar-vibradores","8":"product_cat-juguetes-bienestar-vibradoresvibradores-rabbit","9":"yith_product_brand-adrien-lastic","11":"first","12":"instock","13":"taxable","14":"shipping-taxable","15":"purchasable","16":"product-type-simple"},"_links":{"self":[{"href":"https:\/\/www.bananatreeshop.com\/pt\/wp-json\/wp\/v2\/product\/45526","targetHints":{"allow":["GET"]}}],"collection":[{"href":"https:\/\/www.bananatreeshop.com\/pt\/wp-json\/wp\/v2\/product"}],"about":[{"href":"https:\/\/www.bananatreeshop.com\/pt\/wp-json\/wp\/v2\/types\/product"}],"replies":[{"embeddable":true,"href":"https:\/\/www.bananatreeshop.com\/pt\/wp-json\/wp\/v2\/comments?post=45526"}],"wp:featuredmedia":[{"embeddable":true,"href":"https:\/\/www.bananatreeshop.com\/pt\/wp-json\/wp\/v2\/media\/88040"}],"wp:attachment":[{"href":"https:\/\/www.bananatreeshop.com\/pt\/wp-json\/wp\/v2\/media?parent=45526"}],"wp:term":[{"taxonomy":"product_brand","embeddable":true,"href":"https:\/\/www.bananatreeshop.com\/pt\/wp-json\/wp\/v2\/product_brand?post=45526"},{"taxonomy":"product_cat","embeddable":true,"href":"https:\/\/www.bananatreeshop.com\/pt\/wp-json\/wp\/v2\/product_cat?post=45526"},{"taxonomy":"product_tag","embeddable":true,"href":"https:\/\/www.bananatreeshop.com\/pt\/wp-json\/wp\/v2\/product_tag?post=45526"}],"curies":[{"name":"wp","href":"https:\/\/api.w.org\/{rel}","templated":true}]}}