{"id":45530,"date":"2025-07-18T05:01:04","date_gmt":"2025-07-18T05:01:04","guid":{"rendered":"https:\/\/www.bananatreeshop.com\/?post_type=product&#038;p=45530"},"modified":"2026-04-14T20:06:41","modified_gmt":"2026-04-14T20:06:41","slug":"adrien-lastic-g-wave-dual-rabbit-vibrator-pink","status":"publish","type":"product","link":"https:\/\/www.bananatreeshop.com\/pt\/produto\/adrien-lastic-g-wave-dual-rabbit-vibrator-pink\/","title":{"rendered":"ADRIEN LASTIC &#8211; G-WAVE VIBRADOR DUAL RABBIT ROSA"},"content":{"rendered":"<p><u><strong>DESCUBRE G-WAVE<\/strong><\/u><\/p>\n<p>\u00a1Rabbit ultra flexible, ergon\u00f3mico y con distintos relieves para potenciar los placeres y compartir en pareja!\u00a0Su forma de U ofrece una doble opci\u00f3n de uso.<\/p>\n<p>Introduciendo ambos extremos: <strong>G-wave<\/strong> se convierte en un potente vibrador estimulador del punto G. Separando un extremo del otro proporciona una estimulaci\u00f3n independiente y simult\u00e1nea del punto G y el cl\u00edtoris<strong>.<\/strong><\/p>\n<div>\n<p><u><strong>C\u00d3MO USARLO?<\/strong><\/u><\/p>\n<p>En primer lugar, encuentra un lugar tranquilo donde puedas estar\u00a0relajadx. Una vez est\u00e9s lista, aplica lubricante en las zonas a estimular y en el vibrador <strong>G-Wave.<\/strong><\/p>\n<p>Acerca lentamente el\u00a0ju\u00e9guete\u00a0a tu vagina y col\u00f3calo de la forma que te parezca\u00a0m\u00e1s\u00a0c\u00f3moda. \u00a1Que empiecen los juegos artificiales!<\/p>\n<p>\u00a0<\/p>\n<p><u><strong>CARACTER\u00cdSTICAS<\/strong><\/u><\/p>\n<ul>\n<li>Dos motores independientes Ultra silenciosos.<\/li>\n<li>10 niveles de intensidad que van de suaves a MUY intensas.<\/li>\n<li>100% silicona Ultra suave sedosa al tacto.<\/li>\n<li>Flexible para que se adapte perfectamente a ti<\/li>\n<li><u>Dimensiones<\/u>:\u00a0Largo 18 cm \/ Di\u00e1metro 3.2 cm<\/li>\n<\/ul>\n<p>\u00a0<\/p>\n<p><u><strong>CONTENIDO EN LA CAJA<\/strong><\/u><\/p>\n<ul>\n<li>G-Wave<\/li>\n<li>\u00a0Bolsa de raso<\/li>\n<li>\u00a0Cargador USB<\/li>\n<li>\u00a0Tarjeta de garant\u00eda<\/li>\n<li>\u00a0Manual de instrucciones<\/li>\n<\/ul>\n<\/div>\n<p>\u00a0<\/p>","protected":false},"excerpt":{"rendered":"<p>ADRIEN LASTIC &#8211; G-WAVE DUAL RABBIT VIBRATOR PINK<\/p>","protected":false},"featured_media":88057,"comment_status":"open","ping_status":"closed","template":"","meta":{"_eb_attr":""},"product_brand":[],"product_cat":[1159,1258],"product_tag":[],"class_list":{"0":"post-45530","1":"product","2":"type-product","3":"status-publish","4":"has-post-thumbnail","6":"product_cat-juguetes-bienestar-vibradores","7":"product_cat-juguetes-bienestar-vibradoresvibradores-rabbit","8":"yith_product_brand-adrien-lastic","10":"first","11":"instock","12":"taxable","13":"shipping-taxable","14":"purchasable","15":"product-type-simple"},"_links":{"self":[{"href":"https:\/\/www.bananatreeshop.com\/pt\/wp-json\/wp\/v2\/product\/45530","targetHints":{"allow":["GET"]}}],"collection":[{"href":"https:\/\/www.bananatreeshop.com\/pt\/wp-json\/wp\/v2\/product"}],"about":[{"href":"https:\/\/www.bananatreeshop.com\/pt\/wp-json\/wp\/v2\/types\/product"}],"replies":[{"embeddable":true,"href":"https:\/\/www.bananatreeshop.com\/pt\/wp-json\/wp\/v2\/comments?post=45530"}],"wp:featuredmedia":[{"embeddable":true,"href":"https:\/\/www.bananatreeshop.com\/pt\/wp-json\/wp\/v2\/media\/88057"}],"wp:attachment":[{"href":"https:\/\/www.bananatreeshop.com\/pt\/wp-json\/wp\/v2\/media?parent=45530"}],"wp:term":[{"taxonomy":"product_brand","embeddable":true,"href":"https:\/\/www.bananatreeshop.com\/pt\/wp-json\/wp\/v2\/product_brand?post=45530"},{"taxonomy":"product_cat","embeddable":true,"href":"https:\/\/www.bananatreeshop.com\/pt\/wp-json\/wp\/v2\/product_cat?post=45530"},{"taxonomy":"product_tag","embeddable":true,"href":"https:\/\/www.bananatreeshop.com\/pt\/wp-json\/wp\/v2\/product_tag?post=45530"}],"curies":[{"name":"wp","href":"https:\/\/api.w.org\/{rel}","templated":true}]}}