{"id":45534,"date":"2025-10-01T19:06:04","date_gmt":"2025-10-01T19:06:04","guid":{"rendered":"https:\/\/www.bananatreeshop.com\/?post_type=product&#038;p=45534"},"modified":"2026-04-15T11:39:47","modified_gmt":"2026-04-15T11:39:47","slug":"adrien-lastic-inspiration-clitoris-stimulating-waves-red-vibrating-egg-free-app","status":"publish","type":"product","link":"https:\/\/www.bananatreeshop.com\/pt\/produto\/adrien-lastic-inspiration-clitoris-stimulating-waves-red-vibrating-egg-free-app\/","title":{"rendered":"ADRIEN LASTIC &#8211; INSPIRATION SUCCIONADOR CL\u00cdTORIS + HUEVO VIBRADOR ROJO &#8211; APP GRATUITA"},"content":{"rendered":"<p><u><strong>DESCUBRE INSPIRATION<\/strong><\/u><\/p>\n<p>Combinando una de las succiones m\u00e1s silenciosas y m\u00e1s potentes del mercado, a\u00f1adiendo el suave, ergon\u00f3mico y de f\u00e1cil introducci\u00f3n huevo vibrador,\u00a0Inspiration\u00a0te\u00a0regalar\u00e1 orgasmos m\u00faltiples. Su aportaci\u00f3n exclusiva es que conseguir\u00e1 darte sensaciones nuevas con la combinaci\u00f3n de succi\u00f3n y vibraci\u00f3n. El dos en uno de orgasmo.<\/p>\n<p>Gracias a la modalidad virtual de Inspiration obviar\u00e1s la dificultad de la distancia, porque mientras controlas el conjunto Inspiration que tiene tu pareja ser\u00e1s capaz de compartir los momentos \u00edntimos, aunque se encuentre a mil km de distancia, a trav\u00e9s del modo interactivo de la App gratuita de Adrien Lastic.<\/p>\n<p>Vive una incre\u00edble\u00a0experiencia sexual multiplicada\u00a0con los dos juguetes que conforman Inspiration y disfruta de las m\u00faltiples variantes de juego que tu imaginaci\u00f3n ponga en marcha.<\/p>\n<p>Podr\u00e1s utilizar individualmente el succionador de cl\u00edtoris en pareja o sola, ya que su tama\u00f1o ideal y su forma\u00a0ergon\u00f3mica\u00a0permite su adaptaci\u00f3n incluso durante el sexo, ya sea manej\u00e1ndolo desde los pulsadores en el juguete o remotamente desde tu dispositivo m\u00f3vil con la App.<\/p>\n<p>Tambi\u00e9n puedes usar solo el huevo vibrador, cambiando el modo de vibraci\u00f3n desde su propio pulsador o de modo remoto, que\u00a0personalizar\u00e1 tu experiencia\u00a0hasta donde el deseo te lleve. Finalmente, disfrutar\u00e1s de la experiencia completa, con la doble estimulaci\u00f3n. Introduce el huevo en la vagina y aplica el succionador en tu cl\u00edtoris\u2026 \u00a1Empezar\u00e1s a volar!<\/p>\n<div>\n<p><u><strong>C\u00d3MO USARLO?<\/strong><\/u><\/p>\n<p>Usando tu intuici\u00f3n encontrar\u00e1s con\u00a0facilidad\u00a0el modo de usarlo. Sabemos que tendr\u00e1s ganas de estrenarlo, pero antes, aseg\u00farate de cargar completamente la bater\u00eda. Ya ver\u00e1s, cuando empieces a usar Inspiration no querr\u00e1s parar.<\/p>\n<p>Combinando estimulaci\u00f3n, inteligencia y un poco de relajaci\u00f3n, seduce con Inspiration tus dos puntos er\u00f3genos,\u00a0el cl\u00edtoris y el punto G. Para conseguir la mejor experiencia posible, recomendamos aplicar unas gotas de lubricante a base de agua en las zonas er\u00f3genas y en ambos juguetes.<\/p>\n<p>Es posible encender el huevo vibrador y el succionador de una manera est\u00e1ndar, con sus pulsadores en los propios juguetes. Y tambi\u00e9n los puedes controlar a trav\u00e9s de la App \u201cAdlove\u201d, especialmente pensada para manipular juguetes sexuales con funciones sorprendentemente variadas.<\/p>\n<p>Encontrar\u00e1s distintas funcionalidades que te van a encantar. Desde el\u00a0modo solitario\u00a0para disfrutar en intimidad de tu sexualidad, pasando por el\u00a0modo m\u00fasica\u00a0para vibrar al ritmo de tus canciones favoritas, o tambi\u00e9n con el\u00a0modo shake, controlando la intensidad y fuerza de la succi\u00f3n y vibraci\u00f3n mientras agitas el tel\u00e9fono o por \u00faltimo, el\u00a0modo interactivo, conect\u00e1ndote con tu pareja o amante est\u00e9s donde est\u00e9s y disfruta a otro nivel el sexting.<\/p>\n<p>Y finalmente, por qu\u00e9 no invitas a tu compa\u00f1ero para que elija modos de vibraci\u00f3n y succi\u00f3n desde otra ciudad, otro pa\u00eds u otro continente? As\u00ed descubrir juntos nuevas formas de estimulaci\u00f3n y de placer sexual.<\/p>\n<p>\u00a0<\/p>\n<p><u><strong>CARACTER\u00cdSTICAS<\/strong><\/u><\/p>\n<ul>\n<li>Dos juguetes usables por separado o a la vez;\u00a0succionador\u00a0y\u00a0huevo vibrador.<\/li>\n<li>Control remoto\u00a0con app\u00a0Adrienlastic\u00a0para IOS y Andorid. Permite conexi\u00f3n a larga distancia sin l\u00edmites.<\/li>\n<li>Silicona Premium\u00a0s\u00faper suave.<\/li>\n<li>Tecnolog\u00eda DCS Sistema de doble cl\u00edmax\u00a0cl\u00edmax por succi\u00f3n\u00a0y\u00a0vibraciones profundas.<\/li>\n<li>9 intensidades de succi\u00f3n y 9 de vibraci\u00f3n<\/li>\n<li>Resistente al agua.<\/li>\n<li><u>Dimensiones<\/u>:\u00a0Largo 10.2 \/ 18 cm \/\/ Di\u00e1metro 4.5 \/ 3.7 cm<\/li>\n<\/ul>\n<p>\u00a0<\/p>\n<p><u><strong>CONTENIDO EN LA CAJA<\/strong><\/u><\/p>\n<ul>\n<li>INSPIRATION<\/li>\n<li>\u00a0Cable USB<\/li>\n<li>\u00a0Bolsa de raso<\/li>\n<li>\u00a0Cepillo limpiador<\/li>\n<li>\u00a0Tarjeta de Garant\u00eda<\/li>\n<li>\u00a0Manual de instrucciones<\/li>\n<\/ul>\n<\/div>","protected":false},"excerpt":{"rendered":"<p>ADRIEN LASTIC &#8211; INSPIRATION CLITORIS SUCKER + RED VIBRATING EGG &#8211; FREE APP<\/p>","protected":false},"featured_media":93939,"comment_status":"open","ping_status":"closed","template":"","meta":{"_eb_attr":""},"product_brand":[],"product_cat":[1159,1216,1263],"product_tag":[],"class_list":{"0":"post-45534","1":"product","2":"type-product","3":"status-publish","4":"has-post-thumbnail","6":"product_cat-juguetes-bienestar-vibradores","7":"product_cat-juguetes-bienestar-vibradoresvibradores-con-app","8":"product_cat-juguetes-bienestar-vibradoresvibradores-succionadores-ondas-presion","9":"yith_product_brand-adrien-lastic","11":"first","12":"instock","13":"taxable","14":"shipping-taxable","15":"purchasable","16":"product-type-simple"},"_links":{"self":[{"href":"https:\/\/www.bananatreeshop.com\/pt\/wp-json\/wp\/v2\/product\/45534","targetHints":{"allow":["GET"]}}],"collection":[{"href":"https:\/\/www.bananatreeshop.com\/pt\/wp-json\/wp\/v2\/product"}],"about":[{"href":"https:\/\/www.bananatreeshop.com\/pt\/wp-json\/wp\/v2\/types\/product"}],"replies":[{"embeddable":true,"href":"https:\/\/www.bananatreeshop.com\/pt\/wp-json\/wp\/v2\/comments?post=45534"}],"wp:featuredmedia":[{"embeddable":true,"href":"https:\/\/www.bananatreeshop.com\/pt\/wp-json\/wp\/v2\/media\/93939"}],"wp:attachment":[{"href":"https:\/\/www.bananatreeshop.com\/pt\/wp-json\/wp\/v2\/media?parent=45534"}],"wp:term":[{"taxonomy":"product_brand","embeddable":true,"href":"https:\/\/www.bananatreeshop.com\/pt\/wp-json\/wp\/v2\/product_brand?post=45534"},{"taxonomy":"product_cat","embeddable":true,"href":"https:\/\/www.bananatreeshop.com\/pt\/wp-json\/wp\/v2\/product_cat?post=45534"},{"taxonomy":"product_tag","embeddable":true,"href":"https:\/\/www.bananatreeshop.com\/pt\/wp-json\/wp\/v2\/product_tag?post=45534"}],"curies":[{"name":"wp","href":"https:\/\/api.w.org\/{rel}","templated":true}]}}