{"id":45553,"date":"2025-07-26T14:01:06","date_gmt":"2025-07-26T14:01:06","guid":{"rendered":"https:\/\/www.bananatreeshop.com\/?post_type=product&#038;p=45553"},"modified":"2026-04-10T07:19:48","modified_gmt":"2026-04-10T07:19:48","slug":"adrien-lastic-lastic-strap-on-harness-for-dildos","status":"publish","type":"product","link":"https:\/\/www.bananatreeshop.com\/pt\/produto\/adrien-lastic-lastic-strap-on-harness-for-dildos\/","title":{"rendered":"ADRIEN LASTIC &#8211; LASTIC STRAP-ON ARN\u00c9S PARA DILDOS"},"content":{"rendered":"<p><u><strong>DESCUBRE LASTIC STRAP-ON<\/strong><\/u><\/p>\n<p>En Adrien Lastic hemos dise\u00f1ado el arn\u00e9s <strong>Lastic Strap-On<\/strong> porque sabemos que llevar arn\u00e9s a veces puede resultar inc\u00f3modo, as\u00ed que lo hemos hecho lo m\u00e1s c\u00f3modo posible. Si, para que tu puedas estar tantas horas como te pida el cuerpo en la cama disfrutando de una larga sesi\u00f3n de sexo sin irritaciones ni interrupciones.<\/p>\n<p>El material usado es una tela tipo vaquero de color negro 100% de algod\u00f3n, haciendo que su limpieza sea mucho m\u00e1s c\u00f3moda de lo que habitualmente seria para este tipo de productos. Adem\u00e1s, al estar fabricado de algod\u00f3n, hace que sea m\u00e1s resistente, suave y c\u00f3modo.<\/p>\n<p><strong>Lastic Strap-On<\/strong> cuenta con un sistema de ajuste de anillas met\u00e1licas que lo hacen apto para personas con cinturas de talla 34 a 44. Nuestro arn\u00e9s puede ser utilizado junto a cualquier dildo con base, el cual posea un di\u00e1metro no mayor a 4,5 cent\u00edmetros 1,75 pulgadas.<\/p>\n<div>\n<p><u><strong>C\u00d3MO USARLO?<\/strong><\/u><\/p>\n<p>El arn\u00e9s <strong>Lastic Strap-On<\/strong> posee un ancho cintur\u00f3n para las caderas y dos tirantes laterales para las piernas que se encargan de sujetar el juguete. Las correas se pueden ajustar de acuerdo a tus necesidades a trav\u00e9s de las anillas ubicadas en la parte delantera. Dichas anillas han sido dise\u00f1adas especialmente para facilitar el montaje y desmontaje del arn\u00e9s.<\/p>\n<p>Este accesorio sexual tendr\u00e1 una larga durabilidad con un mantenimiento adecuado. El arn\u00e9s debe lavarse con agua fr\u00eda a mano o en lavadora. Para secarlo no deber\u00edas ponerlo en la sacadora, es recomendable extenderlo al sol.<\/p>\n<p>\u00a0<\/p>\n<p><u><strong>CARACTER\u00cdSTICAS<\/strong><\/u><\/p>\n<ul>\n<li>Exclusivo arn\u00e9s hecho a mano, material vaquero de color negro en el exterior 100% algod\u00f3n y forrado en el interior 100% algod\u00f3n.<\/li>\n<li>Anilla de silicona, su di\u00e1metro se extiende hasta 4,5 cent\u00edmetros 1.75 inches.<\/li>\n<li>Ajustable desde talla 34 a 45.<\/li>\n<li>Peso del Arn\u00e9s, 132 gramos.<\/li>\n<li>Libre de Ftalatos.<\/li>\n<li>Las anillas ajustables son met\u00e1licas libres de N\u00edquel. Nickel Free<\/li>\n<li><u>Dimensiones<\/u>:\u00a0Largo X cm \/\/ Di\u00e1metro 4 cm<\/li>\n<\/ul>\n<p>\u00a0<\/p>\n<p><u><strong>CONTENIDO EN LA CAJA<\/strong><\/u><\/p>\n<ul>\n<li>Lastic Strap-On<\/li>\n<\/ul>\n<\/div>","protected":false},"excerpt":{"rendered":"<p>ADRIEN LASTIC &#8211; LASTIC STRAP-ON HARNESS FOR DILDOS<\/p>","protected":false},"featured_media":89870,"comment_status":"open","ping_status":"closed","template":"","meta":{"_eb_attr":""},"product_brand":[],"product_cat":[1373,258,1344],"product_tag":[],"class_list":{"0":"post-45553","1":"product","2":"type-product","3":"status-publish","4":"has-post-thumbnail","6":"product_cat-bdsm-bondage-bondagearneses-fijacion","7":"product_cat-bdsm-bondage","8":"product_cat-bdsm-bondage-bondage","9":"yith_product_brand-adrien-lastic","11":"first","12":"instock","13":"taxable","14":"shipping-taxable","15":"purchasable","16":"product-type-simple"},"_links":{"self":[{"href":"https:\/\/www.bananatreeshop.com\/pt\/wp-json\/wp\/v2\/product\/45553","targetHints":{"allow":["GET"]}}],"collection":[{"href":"https:\/\/www.bananatreeshop.com\/pt\/wp-json\/wp\/v2\/product"}],"about":[{"href":"https:\/\/www.bananatreeshop.com\/pt\/wp-json\/wp\/v2\/types\/product"}],"replies":[{"embeddable":true,"href":"https:\/\/www.bananatreeshop.com\/pt\/wp-json\/wp\/v2\/comments?post=45553"}],"wp:featuredmedia":[{"embeddable":true,"href":"https:\/\/www.bananatreeshop.com\/pt\/wp-json\/wp\/v2\/media\/89870"}],"wp:attachment":[{"href":"https:\/\/www.bananatreeshop.com\/pt\/wp-json\/wp\/v2\/media?parent=45553"}],"wp:term":[{"taxonomy":"product_brand","embeddable":true,"href":"https:\/\/www.bananatreeshop.com\/pt\/wp-json\/wp\/v2\/product_brand?post=45553"},{"taxonomy":"product_cat","embeddable":true,"href":"https:\/\/www.bananatreeshop.com\/pt\/wp-json\/wp\/v2\/product_cat?post=45553"},{"taxonomy":"product_tag","embeddable":true,"href":"https:\/\/www.bananatreeshop.com\/pt\/wp-json\/wp\/v2\/product_tag?post=45553"}],"curies":[{"name":"wp","href":"https:\/\/api.w.org\/{rel}","templated":true}]}}