{"id":45555,"date":"2025-07-18T05:01:12","date_gmt":"2025-07-18T05:01:12","guid":{"rendered":"https:\/\/www.bananatreeshop.com\/?post_type=product&#038;p=45555"},"modified":"2026-04-14T15:56:17","modified_gmt":"2026-04-14T15:56:17","slug":"adrien-lastic-flippy-pocket-vibrator-dolphin","status":"publish","type":"product","link":"https:\/\/www.bananatreeshop.com\/pt\/produto\/adrien-lastic-flippy-pocket-vibrator-dolphin\/","title":{"rendered":"ADRIEN LASTIC &#8211; FLIPPY VIBRADOR DE BOLSILLO DELF\u00cdN"},"content":{"rendered":"<p><u><strong>DESCUBRE LASTIC POCKET DOLPHIN<\/strong><\/u><\/p>\n<p>\u00a1Discreto\u00a0y\u00a0divertido, este compa\u00f1ero de bolsillo deber\u00eda siempre estar a su lado, sobre todo cuando viaja!<\/p>\n<p>Concebido en\u00a0silicona de primera calidad, con tacto de terciopelo, sus aletas y su nariz de botella har\u00e1n temblar su cl\u00edtoris de manera irresistible. Se activa y se desactiva f\u00e1cilmente pulsando el bot\u00f3n situado en la parte inferior del juguete. Desenrosque la base para cambiar las pilas. \u00a1Surfea las olas con el m\u00e1ximo nivel de placer!<\/p>\n<div>\n<p><u><strong>C\u00d3MO USARLO?<\/strong><\/u><\/p>\n<p>Incre\u00edblemente sigiloso y sutil,\u00a0<strong>Lastic Pocket Dolphin<\/strong>\u00a0tiene un ajuste de vibraci\u00f3n silenciosa al que puede acceder f\u00e1cilmente desde la parte inferior del juguete.<\/p>\n<p>Modesto, pero poderoso, este mini vibrador tiene un potente motor perfectamente posicionado en el centro para darte orgasmos \u00e9picos. Pulsa el bot\u00f3n peque\u00f1o y redondo, situado en la base del juguete, para liberar una r\u00e1pida ola de encanto intenso directamente en tu zona \u00edntima.<\/p>\n<p>\u00a0<\/p>\n<p><u><strong>CARACTER\u00cdSTICAS<\/strong><\/u><\/p>\n<ul>\n<li>Zona de estimulaci\u00f3n: Vagina \/ Cl\u00edtoris.<\/li>\n<li>Material: Silicona + ABS.<\/li>\n<li>Sumergible para una estimulaci\u00f3n con m\u00e1s posibilidades.<\/li>\n<li>Ll\u00e9vatelo donde quieras, su peque\u00f1o tama\u00f1o y forma lo hacen perfecto para ser tu\u00a0amigx\u00a0m\u00e1s\u00a0fiel.<\/li>\n<li>10 modos vibraci\u00f3n<\/li>\n<li><u>Dimensiones<\/u>:\u00a0Largo 7.5 cm \/\/ Di\u00e1metro 2.5 cm<\/li>\n<\/ul>\n<p>\u00a0<\/p>\n<p><u><strong>CONTENIDO EN LA CAJA<\/strong><\/u><\/p>\n<ul>\n<li>\u00a0Lastic Pocket Dolphin<\/li>\n<li>\u00a0Bolsa de raso<\/li>\n<li>\u00a0Tarjeta de garant\u00eda<\/li>\n<\/ul>\n<\/div>","protected":false},"excerpt":{"rendered":"<p>ADRIEN LASTIC &#8211; FLIPPY POCKET VIBRATOR DOLPHIN<\/p>","protected":false},"featured_media":88080,"comment_status":"open","ping_status":"closed","template":"","meta":{"_eb_attr":""},"product_brand":[],"product_cat":[1253,1159],"product_tag":[],"class_list":{"0":"post-45555","1":"product","2":"type-product","3":"status-publish","4":"has-post-thumbnail","6":"product_cat-juguetes-bienestar-vibradoresmini-vibradores","7":"product_cat-juguetes-bienestar-vibradores","8":"yith_product_brand-adrien-lastic","10":"first","11":"instock","12":"taxable","13":"shipping-taxable","14":"purchasable","15":"product-type-simple"},"_links":{"self":[{"href":"https:\/\/www.bananatreeshop.com\/pt\/wp-json\/wp\/v2\/product\/45555","targetHints":{"allow":["GET"]}}],"collection":[{"href":"https:\/\/www.bananatreeshop.com\/pt\/wp-json\/wp\/v2\/product"}],"about":[{"href":"https:\/\/www.bananatreeshop.com\/pt\/wp-json\/wp\/v2\/types\/product"}],"replies":[{"embeddable":true,"href":"https:\/\/www.bananatreeshop.com\/pt\/wp-json\/wp\/v2\/comments?post=45555"}],"wp:featuredmedia":[{"embeddable":true,"href":"https:\/\/www.bananatreeshop.com\/pt\/wp-json\/wp\/v2\/media\/88080"}],"wp:attachment":[{"href":"https:\/\/www.bananatreeshop.com\/pt\/wp-json\/wp\/v2\/media?parent=45555"}],"wp:term":[{"taxonomy":"product_brand","embeddable":true,"href":"https:\/\/www.bananatreeshop.com\/pt\/wp-json\/wp\/v2\/product_brand?post=45555"},{"taxonomy":"product_cat","embeddable":true,"href":"https:\/\/www.bananatreeshop.com\/pt\/wp-json\/wp\/v2\/product_cat?post=45555"},{"taxonomy":"product_tag","embeddable":true,"href":"https:\/\/www.bananatreeshop.com\/pt\/wp-json\/wp\/v2\/product_tag?post=45555"}],"curies":[{"name":"wp","href":"https:\/\/api.w.org\/{rel}","templated":true}]}}